{"id":46318,"date":"2022-09-22T02:40:14","date_gmt":"2022-10-05T00:01:43","guid":{"rendered":"https:\/\/diamant-strass-dmc.com\/perles-broderie\/10-non-stick-omslagsark-for-lerret\/"},"modified":"2024-09-16T15:33:52","modified_gmt":"2024-09-16T13:33:52","slug":"non-stick-ark-lerret-omslag","status":"publish","type":"product","link":"https:\/\/diamant-strass-dmc.com\/no\/perles-broderie\/non-stick-ark-lerret-omslag\/","title":{"rendered":"Non-stick-ark for lerretstrekk"},"content":{"rendered":"<p>Kan trekkes av og klistres p\u00e5 igjen og <strong>igjen<\/strong>.<br \/>\nDet er mye mer effektivt og behagelig, fordi du kan jobbe i sm\u00e5 omr\u00e5der<strong> uten \u00e5 bli hindret<\/strong> av det opprinnelige store arket, som ofte ender opp med \u00e5 ikke sitte fast. <\/p>\n","protected":false},"excerpt":{"rendered":"<p style=\"display:none;\">ok<\/p>\n","protected":false},"featured_media":45364,"template":"","meta":{"footnotes":""},"product_brand":[],"product_cat":[7287,7185],"class_list":{"0":"post-46318","1":"product","2":"type-product","3":"status-publish","4":"has-post-thumbnail","6":"product_cat-promo-no","7":"product_cat-tilbehor-no","9":"first","10":"instock","11":"sale","12":"taxable","13":"shipping-taxable","14":"purchasable","15":"product-type-variable","16":"has-default-attributes"},"aioseo_notices":[],"_links":{"self":[{"href":"https:\/\/diamant-strass-dmc.com\/no\/wp-json\/wp\/v2\/product\/46318","targetHints":{"allow":["GET"]}}],"collection":[{"href":"https:\/\/diamant-strass-dmc.com\/no\/wp-json\/wp\/v2\/product"}],"about":[{"href":"https:\/\/diamant-strass-dmc.com\/no\/wp-json\/wp\/v2\/types\/product"}],"version-history":[{"count":1,"href":"https:\/\/diamant-strass-dmc.com\/no\/wp-json\/wp\/v2\/product\/46318\/revisions"}],"predecessor-version":[{"id":76932,"href":"https:\/\/diamant-strass-dmc.com\/no\/wp-json\/wp\/v2\/product\/46318\/revisions\/76932"}],"wp:featuredmedia":[{"embeddable":true,"href":"https:\/\/diamant-strass-dmc.com\/no\/wp-json\/wp\/v2\/media\/45364"}],"wp:attachment":[{"href":"https:\/\/diamant-strass-dmc.com\/no\/wp-json\/wp\/v2\/media?parent=46318"}],"wp:term":[{"taxonomy":"product_brand","embeddable":true,"href":"https:\/\/diamant-strass-dmc.com\/no\/wp-json\/wp\/v2\/product_brand?post=46318"},{"taxonomy":"product_cat","embeddable":true,"href":"https:\/\/diamant-strass-dmc.com\/no\/wp-json\/wp\/v2\/product_cat?post=46318"}],"curies":[{"name":"wp","href":"https:\/\/api.w.org\/{rel}","templated":true}]}}