{"id":46242,"date":"2022-08-30T22:19:36","date_gmt":"2022-08-30T20:19:36","guid":{"rendered":"https:\/\/diamant-strass-dmc.com\/perles-broderie\/justeringslinjal-for-diamantmaling\/"},"modified":"2024-09-17T17:41:15","modified_gmt":"2024-09-17T15:41:15","slug":"diamant-broderi-justeringsregel","status":"publish","type":"product","link":"https:\/\/diamant-strass-dmc.com\/no\/perles-broderie\/diamant-broderi-justeringsregel\/","title":{"rendered":"Justeringsregel for diamantmaling"},"content":{"rendered":"<p>Denne linjalen lar deg justere diamantene dine perfekt.<\/p>\n<p>Hvis du velger &laquo;en linjal av hver&raquo;, f\u00e5r du to linjaler: en for runde diamanter og en for firkantede diamanter.<\/p>\n<p>Linjalen er motstandsdyktig men <strong>bevisst veldig tynn<\/strong> slik at den ikke setter seg fast p\u00e5 diamantene n\u00e5r du tar den av lerretet.<\/p>\n<p>1\/ Plasser linjalen over lerretet ditt, og stikk deretter hver diamant p\u00e5 plass til dette form\u00e5let.<\/p>\n<p>2\/ Trekk deretter linjalen forsiktig av ved \u00e5 b\u00f8ye den litt (fleksibiliteten tillater det).<\/p>\n<div style=\"order: 6; border: 1px solid grey; padding: 10px 10px 0 10px; display: block; font-size: 14px; margin-bottom: 20px;\">\n<p>Den runde diamantlinjalen har et spor for hver av diamantene i omr\u00e5det der den skal plasseres, mens den firkantede diamantlinjalen ikke avsl\u00f8rer dem alle.<\/p>\n<p>Men <strong>resultatet av perfekt justering vil v\u00e6re det samme<\/strong> , siden n\u00e5r de firkantede diamantene er plassert og linjalen skrellet av lerretet, er alt du trenger \u00e5 gj\u00f8re \u00e5 stikke diamantene p\u00e5 de stedene linjalen ikke avsl\u00f8rte.<\/p>\n<p>Og disse vil n\u00f8dvendigvis v\u00e6re perfekt plassert fordi de vil komme til \u00e5 posisjonere seg mot diamantene som allerede er limt og godt justert.<\/p>\n<p>&nbsp;&nbsp;<\/p>\n<\/div>\n","protected":false},"excerpt":{"rendered":"<ul>\n<li>Linjal for runde diamanter: 11,5 x 3 cm ;<\/li>\n<li>Linjal for kvadratiske diamanter: 15,5 x 4,5 cm.<\/p>\n<\/li>\n<\/ul>\n","protected":false},"featured_media":70900,"template":"","meta":{"footnotes":""},"product_brand":[],"product_cat":[7287,7185],"class_list":{"0":"post-46242","1":"product","2":"type-product","3":"status-publish","4":"has-post-thumbnail","6":"product_cat-promo-no","7":"product_cat-tilbehor-no","9":"first","10":"instock","11":"sale","12":"taxable","13":"shipping-taxable","14":"purchasable","15":"product-type-variable","16":"has-default-attributes"},"aioseo_notices":[],"_links":{"self":[{"href":"https:\/\/diamant-strass-dmc.com\/no\/wp-json\/wp\/v2\/product\/46242","targetHints":{"allow":["GET"]}}],"collection":[{"href":"https:\/\/diamant-strass-dmc.com\/no\/wp-json\/wp\/v2\/product"}],"about":[{"href":"https:\/\/diamant-strass-dmc.com\/no\/wp-json\/wp\/v2\/types\/product"}],"version-history":[{"count":8,"href":"https:\/\/diamant-strass-dmc.com\/no\/wp-json\/wp\/v2\/product\/46242\/revisions"}],"predecessor-version":[{"id":77565,"href":"https:\/\/diamant-strass-dmc.com\/no\/wp-json\/wp\/v2\/product\/46242\/revisions\/77565"}],"wp:featuredmedia":[{"embeddable":true,"href":"https:\/\/diamant-strass-dmc.com\/no\/wp-json\/wp\/v2\/media\/70900"}],"wp:attachment":[{"href":"https:\/\/diamant-strass-dmc.com\/no\/wp-json\/wp\/v2\/media?parent=46242"}],"wp:term":[{"taxonomy":"product_brand","embeddable":true,"href":"https:\/\/diamant-strass-dmc.com\/no\/wp-json\/wp\/v2\/product_brand?post=46242"},{"taxonomy":"product_cat","embeddable":true,"href":"https:\/\/diamant-strass-dmc.com\/no\/wp-json\/wp\/v2\/product_cat?post=46242"}],"curies":[{"name":"wp","href":"https:\/\/api.w.org\/{rel}","templated":true}]}}