{"id":23805,"date":"2020-12-29T02:28:27","date_gmt":"2021-04-08T07:01:02","guid":{"rendered":"https:\/\/diamant-strass-dmc.com\/perles-broderie\/diamanter-dmc-no-3808-bla-olje\/"},"modified":"2021-04-08T09:01:02","modified_gmt":"2021-04-08T07:01:02","slug":"bag-diamanter-dmc-3808","status":"publish","type":"product","link":"https:\/\/diamant-strass-dmc.com\/no\/perles-broderie\/bag-diamanter-dmc-3808\/","title":{"rendered":"Diamanter DMC No.3808 (bl\u00e5 olje)"},"content":{"rendered":"<p>Pose med 200 <strong>diamanter Nr. 3808<\/strong> (DMC-kode) <strong>rund eller firkantet.<\/strong><br \/>Farge: <strong>Olje Bl\u00e5<\/strong><br \/>Farge Familie: <strong>Bl\u00e5 Bl\u00e5 Gr\u00e5<\/strong><br \/>H\u00f8y kvalitet akryl strass.<br \/><strong>Standard st\u00f8rrelse<\/strong> (ruter: 2,5 mm, rund: 2,8 mm).<\/p>\n","protected":false},"excerpt":{"rendered":"[widget id=\"advanced_text-2\"]\n","protected":false},"featured_media":89898,"template":"","meta":{"footnotes":""},"product_brand":[],"product_cat":[591,664],"class_list":{"0":"post-23805","1":"product","2":"type-product","3":"status-publish","4":"has-post-thumbnail","6":"product_cat-bla-no","7":"product_cat-turkis-no","9":"first","10":"instock","11":"sale","12":"taxable","13":"shipping-taxable","14":"purchasable","15":"product-type-variable","16":"has-default-attributes"},"aioseo_notices":[],"_links":{"self":[{"href":"https:\/\/diamant-strass-dmc.com\/no\/wp-json\/wp\/v2\/product\/23805","targetHints":{"allow":["GET"]}}],"collection":[{"href":"https:\/\/diamant-strass-dmc.com\/no\/wp-json\/wp\/v2\/product"}],"about":[{"href":"https:\/\/diamant-strass-dmc.com\/no\/wp-json\/wp\/v2\/types\/product"}],"version-history":[{"count":0,"href":"https:\/\/diamant-strass-dmc.com\/no\/wp-json\/wp\/v2\/product\/23805\/revisions"}],"wp:featuredmedia":[{"embeddable":true,"href":"https:\/\/diamant-strass-dmc.com\/no\/wp-json\/wp\/v2\/media\/89898"}],"wp:attachment":[{"href":"https:\/\/diamant-strass-dmc.com\/no\/wp-json\/wp\/v2\/media?parent=23805"}],"wp:term":[{"taxonomy":"product_brand","embeddable":true,"href":"https:\/\/diamant-strass-dmc.com\/no\/wp-json\/wp\/v2\/product_brand?post=23805"},{"taxonomy":"product_cat","embeddable":true,"href":"https:\/\/diamant-strass-dmc.com\/no\/wp-json\/wp\/v2\/product_cat?post=23805"}],"curies":[{"name":"wp","href":"https:\/\/api.w.org\/{rel}","templated":true}]}}