{"id":14541,"date":"2020-12-29T02:27:58","date_gmt":"2021-04-08T06:30:24","guid":{"rendered":"https:\/\/diamant-strass-dmc.com\/perles-broderie\/dmc-diamanter-no-747-bla-sjo-take\/"},"modified":"2021-04-08T08:30:24","modified_gmt":"2021-04-08T06:30:24","slug":"bag-diamanter-dmc-747","status":"publish","type":"product","link":"https:\/\/diamant-strass-dmc.com\/no\/perles-broderie\/bag-diamanter-dmc-747\/","title":{"rendered":"DMC Diamanter No.747 (Bl\u00e5 sj\u00f8 t\u00e5ke)"},"content":{"rendered":"<p>Pose med 200 <strong>diamanter No.747<\/strong> (DMC kode) <strong>runde eller firkantet.<\/strong><br \/>\nFarge: <strong>Bl\u00e5 sj\u00f8 t\u00e5ke<\/strong><br \/>\nFarge Familie: <strong>Bl\u00e5 Bl\u00e5 Gr\u00e5<\/strong><br \/>\nH\u00f8y kvalitet akryl strass.<br \/>\n<strong>Standard st\u00f8rrelse<\/strong> (ruter: 2,5 mm, rund: 2,8 mm).<\/p>\n","protected":false},"excerpt":{"rendered":"[widget id=\"advanced_text-2\"]\n","protected":false},"featured_media":92328,"template":"","meta":{"footnotes":""},"product_brand":[],"product_cat":[591],"class_list":{"0":"post-14541","1":"product","2":"type-product","3":"status-publish","4":"has-post-thumbnail","6":"product_cat-bla-no","8":"first","9":"instock","10":"sale","11":"taxable","12":"shipping-taxable","13":"purchasable","14":"product-type-variable","15":"has-default-attributes"},"aioseo_notices":[],"_links":{"self":[{"href":"https:\/\/diamant-strass-dmc.com\/no\/wp-json\/wp\/v2\/product\/14541","targetHints":{"allow":["GET"]}}],"collection":[{"href":"https:\/\/diamant-strass-dmc.com\/no\/wp-json\/wp\/v2\/product"}],"about":[{"href":"https:\/\/diamant-strass-dmc.com\/no\/wp-json\/wp\/v2\/types\/product"}],"version-history":[{"count":0,"href":"https:\/\/diamant-strass-dmc.com\/no\/wp-json\/wp\/v2\/product\/14541\/revisions"}],"wp:featuredmedia":[{"embeddable":true,"href":"https:\/\/diamant-strass-dmc.com\/no\/wp-json\/wp\/v2\/media\/92328"}],"wp:attachment":[{"href":"https:\/\/diamant-strass-dmc.com\/no\/wp-json\/wp\/v2\/media?parent=14541"}],"wp:term":[{"taxonomy":"product_brand","embeddable":true,"href":"https:\/\/diamant-strass-dmc.com\/no\/wp-json\/wp\/v2\/product_brand?post=14541"},{"taxonomy":"product_cat","embeddable":true,"href":"https:\/\/diamant-strass-dmc.com\/no\/wp-json\/wp\/v2\/product_cat?post=14541"}],"curies":[{"name":"wp","href":"https:\/\/api.w.org\/{rel}","templated":true}]}}