{"id":12263,"date":"2020-12-29T02:27:51","date_gmt":"2021-04-08T06:18:45","guid":{"rendered":"https:\/\/diamant-strass-dmc.com\/perles-broderie\/diamanter-dmc-no-598-turkis-lagune\/"},"modified":"2021-04-08T08:18:45","modified_gmt":"2021-04-08T06:18:45","slug":"bag-diamanter-dmc-598","status":"publish","type":"product","link":"https:\/\/diamant-strass-dmc.com\/no\/perles-broderie\/bag-diamanter-dmc-598\/","title":{"rendered":"Diamanter DMC No.598 (Turkis lagune)"},"content":{"rendered":"<p>Pose med 200 <strong>diamanter Nr. 598<\/strong> (DMC-kode) <strong>rund eller firkantet.<\/strong><br \/>\nFarge: <strong>Turkis Lagoon<\/strong><br \/>\nFarge Familie: <strong>Bl\u00e5 Bl\u00e5 Gr\u00e5<\/strong><br \/>\nH\u00f8y kvalitet akryl strass.<br \/>\n<strong>Standard st\u00f8rrelse<\/strong> (ruter: 2,5 mm, rund: 2,8 mm).<\/p>\n","protected":false},"excerpt":{"rendered":"[widget id=\"advanced_text-2\"]\n","protected":false},"featured_media":95584,"template":"","meta":{"footnotes":""},"product_brand":[],"product_cat":[591,664],"class_list":{"0":"post-12263","1":"product","2":"type-product","3":"status-publish","4":"has-post-thumbnail","6":"product_cat-bla-no","7":"product_cat-turkis-no","9":"first","10":"instock","11":"sale","12":"taxable","13":"shipping-taxable","14":"purchasable","15":"product-type-variable","16":"has-default-attributes"},"aioseo_notices":[],"_links":{"self":[{"href":"https:\/\/diamant-strass-dmc.com\/no\/wp-json\/wp\/v2\/product\/12263","targetHints":{"allow":["GET"]}}],"collection":[{"href":"https:\/\/diamant-strass-dmc.com\/no\/wp-json\/wp\/v2\/product"}],"about":[{"href":"https:\/\/diamant-strass-dmc.com\/no\/wp-json\/wp\/v2\/types\/product"}],"version-history":[{"count":0,"href":"https:\/\/diamant-strass-dmc.com\/no\/wp-json\/wp\/v2\/product\/12263\/revisions"}],"wp:featuredmedia":[{"embeddable":true,"href":"https:\/\/diamant-strass-dmc.com\/no\/wp-json\/wp\/v2\/media\/95584"}],"wp:attachment":[{"href":"https:\/\/diamant-strass-dmc.com\/no\/wp-json\/wp\/v2\/media?parent=12263"}],"wp:term":[{"taxonomy":"product_brand","embeddable":true,"href":"https:\/\/diamant-strass-dmc.com\/no\/wp-json\/wp\/v2\/product_brand?post=12263"},{"taxonomy":"product_cat","embeddable":true,"href":"https:\/\/diamant-strass-dmc.com\/no\/wp-json\/wp\/v2\/product_cat?post=12263"}],"curies":[{"name":"wp","href":"https:\/\/api.w.org\/{rel}","templated":true}]}}