{"id":64911,"date":"2023-11-14T22:43:00","date_gmt":"2023-11-14T21:43:00","guid":{"rendered":"https:\/\/diamant-strass-dmc.com\/diamant-maleri-dmc-lukke-erstatningsfarger\/"},"modified":"2023-11-14T22:43:00","modified_gmt":"2023-11-14T21:43:00","slug":"diamant-maleri-dmc-lukke-erstatningsfarger","status":"publish","type":"page","link":"https:\/\/diamant-strass-dmc.com\/no\/diamant-maleri-dmc-lukke-erstatningsfarger\/","title":{"rendered":"Diamantmaling: n\u00e6rmeste DMC-farger for erstatning"},"content":{"rendered":"<p>\ud83d\udc41\ufe0f For \u00e5 <strong>se de n\u00e6rmeste erstatningsfargene<\/strong> , <span style=\"font-weight:bold;color:green;\">klikk p\u00e5 fargenavnet<\/span> .<\/p>\n<p>\u2b07\ufe0f For \u00e5 <strong>sortere listen over farger etter nummer<\/strong> , klikk p\u00e5 &laquo;Floss&raquo; (navnet p\u00e5 DMC-nummerkolonnen).<\/p>\n<p>\ud83d\udd0e For \u00e5 <strong>finne en bestemt farge<\/strong> , skriv inn DMC-nummeret i feltet over listen.<\/p>\n<p>\ud83d\udd19 For \u00e5 <strong>g\u00e5 tilbake til den f\u00f8rste listen<\/strong> , klikk p\u00e5 &laquo;Slett&raquo;-knappen nederst p\u00e5 listen over n\u00e6rliggende farger.<\/p>\n<p><iframe style=\"width:100%;height:500px;border:1px solid #01578B;\" id=\"dmc\" src=\"https:\/\/threadcolors.com\/\"><\/iframe><\/p>\n","protected":false},"excerpt":{"rendered":"<p>\ud83d\udc41\ufe0f For \u00e5 se de n\u00e6rmeste erstatningsfargene , klikk p\u00e5 fargenavnet . \u2b07\ufe0f For \u00e5 sortere listen over farger etter nummer , klikk p\u00e5 &laquo;Floss&raquo; (navnet p\u00e5 DMC-nummerkolonnen). \ud83d\udd0e For \u00e5 finne en bestemt farge , skriv inn DMC-nummeret i feltet over listen. \ud83d\udd19 For \u00e5 g\u00e5 tilbake til den f\u00f8rste listen , klikk p\u00e5 [&hellip;]<\/p>\n","protected":false},"author":1,"featured_media":0,"parent":0,"menu_order":0,"comment_status":"closed","ping_status":"closed","template":"","meta":{"footnotes":""},"class_list":["post-64911","page","type-page","status-publish","hentry"],"blocksy_meta":[],"aioseo_notices":[],"_links":{"self":[{"href":"https:\/\/diamant-strass-dmc.com\/no\/wp-json\/wp\/v2\/pages\/64911","targetHints":{"allow":["GET"]}}],"collection":[{"href":"https:\/\/diamant-strass-dmc.com\/no\/wp-json\/wp\/v2\/pages"}],"about":[{"href":"https:\/\/diamant-strass-dmc.com\/no\/wp-json\/wp\/v2\/types\/page"}],"author":[{"embeddable":true,"href":"https:\/\/diamant-strass-dmc.com\/no\/wp-json\/wp\/v2\/users\/1"}],"replies":[{"embeddable":true,"href":"https:\/\/diamant-strass-dmc.com\/no\/wp-json\/wp\/v2\/comments?post=64911"}],"version-history":[{"count":0,"href":"https:\/\/diamant-strass-dmc.com\/no\/wp-json\/wp\/v2\/pages\/64911\/revisions"}],"wp:attachment":[{"href":"https:\/\/diamant-strass-dmc.com\/no\/wp-json\/wp\/v2\/media?parent=64911"}],"curies":[{"name":"wp","href":"https:\/\/api.w.org\/{rel}","templated":true}]}}