{"id":63106,"date":"2023-10-27T23:25:44","date_gmt":"2023-10-27T21:25:44","guid":{"rendered":"https:\/\/diamant-strass-dmc.com\/levering-retur-bytte\/"},"modified":"2026-01-04T02:43:20","modified_gmt":"2026-01-04T01:43:20","slug":"levering-retur-bytte","status":"publish","type":"page","link":"https:\/\/diamant-strass-dmc.com\/no\/levering-retur-bytte\/","title":{"rendered":"Levering, retur og bytte"},"content":{"rendered":"<p>Produktene som tilbys p\u00e5 Diamant-Strass-DMC.com-siden er lagret i Frankrike p\u00e5 lageret.<\/p>\n<h2 style=\"margin-top: 50px;\">Frakt og levering<\/h2>\n<p>Bestillinger sendes innen 24 timer etter at bestillingen er lagt inn.<\/p>\n<p>De sendes som enkelt brev, sporet brev eller Colissimo (La Poste i Frankrike) eller med Mondial Relay, avhengig av antall og vekt p\u00e5 forsendelsene.<\/p>\n<p>Leveringstiden er 3 virkedager for Frankrike og 4 til 10 virkedager for andre land, unntatt eventuelle forsinkelser fra La Poste eller Mondial Relay utenfor Diamant-Strass-DMC.coms kontroll. Denne leveringstiden beregnes p\u00e5 hvert produktark i henhold til kundens tilkoblingsland, og angis deretter p\u00e5 ordrebekreftelsessiden i henhold til landet som er oppgitt som leveringsadresse.<\/p>\n<p>Kun bestillinger av en minimumsverdi sendes med sporing. Dette bel\u00f8pet er 15\u20ac for en forsendelse til Frankrike og 20\u20ac for en forsendelse til et annet land. Kj\u00f8peren f\u00e5r sporingsnummeret i e-postbekreftelsen av forsendelsen. Hvis bestillingen ble betalt i en annen valuta enn euro, blir valutakursen for denne valutaen p\u00e5 bestillingsdagen tatt i betraktning ved omregning til et bel\u00f8p p\u00e5 15 \u20ac eller 20 \u20ac.<\/p>\n<h2 style=\"margin-top: 50px;\">Forsinkelse og skade<\/h2>\n<p>Hvis forsinkelsen av posttjenestene overstiger 3 virkedager for Frankrike eller 5 virkedager for de andre landene, forplikter Diamant-Strass-DMC.com seg til \u00e5 sende bestillingen p\u00e5 nytt med et sporingsnummer som er kommunisert til kj\u00f8peren.<\/p>\n<p>Hvis leveringstiden overstiger 20 dager fra bestillingsdato, kan kj\u00f8pekontrakten kanselleres og kunden f\u00e5 tilbakebetalt hele bel\u00f8pet. Det er ogs\u00e5 mulig \u00e5 be om en umiddelbar ny forsendelse fra Diamant-Strass-DMC.com av den forsinkede eller tapte bestillingen.<\/p>\n<p>I tilfelle skade under transport, m\u00e5 en berettiget klage sendes til Diamant-Strass-DMC.com innen 3 dager etter levering, med et fotografi, p\u00e5 adressen contact@diamant-strass-dmc.com.<\/p>\n<h2 style=\"margin-top: 50px;\">Leveringssone<\/h2>\n<p>Diamant-Strass-DMC.com leverer over hele verden (ingen landbegrensninger), men visse volumin\u00f8se tilbeh\u00f8r kan bare sendes innenfor EU. Hvis et volumin\u00f8st tilbeh\u00f8r legges i handlekurven for et land utenfor EU, er bestillingen teknisk umulig (en feilmelding vil indikere dette til kj\u00f8peren).<\/p>\n<h2 style=\"margin-top: 50px;\">Leveringspriser<\/h2>\n<p>Leveringskostnadene er eksplisitt angitt p\u00e5 siden med handlekurven og p\u00e5 siden med ordrebekreftelsen. De avhenger av en rekke faktorer, for eksempel vekten av alle varene.<\/p>\n<h2 style=\"margin-top: 50px;\">Returer og bytte<\/h2>\n<p>Produkter kj\u00f8pt p\u00e5 Diamant-Strass-DMC.com-siden kan returneres innen 30 dager fra kj\u00f8psdatoen, slik at kunden drar fordel av full refusjon eller bytte for en vare med tilsvarende verdi. Fraktkostnader for varer som returneres til Diamant-Strass-DMC.com er kundens ansvar.<\/p>\n<p>Foresp\u00f8rsler sendes til contact@diamant-strass-dmc.com, med angivelse av bestillingsnummer.<\/p>\n<p>Returadressen er som f\u00f8lger:<\/p>\n<p>DIAMANT STRASS DMC<br \/>\n570 RUE DE SOLESMES<br \/>\n59213 VENDEGIES SUR ECAILLON<br \/>\nFRANCE<\/p>\n<p>Varer som returneres utenom denne 30-dagersperioden kan verken refunderes eller byttes.<\/p>\n<p>Produktene skal returneres rene og intakte. N\u00e5r det gjelder forseglede poser med diamanter, m\u00e5 de for eksempel ikke ha v\u00e6rt \u00e5pnet.<\/p>\n","protected":false},"excerpt":{"rendered":"<p>Produktene som tilbys p\u00e5 Diamant-Strass-DMC.com-siden er lagret i Frankrike p\u00e5 lageret. Frakt og levering Bestillinger sendes innen 24 timer etter at bestillingen er lagt inn. De sendes som enkelt brev, sporet brev eller Colissimo (La Poste i Frankrike) eller med Mondial Relay, avhengig av antall og vekt p\u00e5 forsendelsene. Leveringstiden er 3 virkedager for Frankrike [&hellip;]<\/p>\n","protected":false},"author":1,"featured_media":0,"parent":0,"menu_order":0,"comment_status":"closed","ping_status":"closed","template":"","meta":{"footnotes":""},"class_list":["post-63106","page","type-page","status-publish","hentry"],"blocksy_meta":[],"aioseo_notices":[],"_links":{"self":[{"href":"https:\/\/diamant-strass-dmc.com\/no\/wp-json\/wp\/v2\/pages\/63106","targetHints":{"allow":["GET"]}}],"collection":[{"href":"https:\/\/diamant-strass-dmc.com\/no\/wp-json\/wp\/v2\/pages"}],"about":[{"href":"https:\/\/diamant-strass-dmc.com\/no\/wp-json\/wp\/v2\/types\/page"}],"author":[{"embeddable":true,"href":"https:\/\/diamant-strass-dmc.com\/no\/wp-json\/wp\/v2\/users\/1"}],"replies":[{"embeddable":true,"href":"https:\/\/diamant-strass-dmc.com\/no\/wp-json\/wp\/v2\/comments?post=63106"}],"version-history":[{"count":6,"href":"https:\/\/diamant-strass-dmc.com\/no\/wp-json\/wp\/v2\/pages\/63106\/revisions"}],"predecessor-version":[{"id":125171,"href":"https:\/\/diamant-strass-dmc.com\/no\/wp-json\/wp\/v2\/pages\/63106\/revisions\/125171"}],"wp:attachment":[{"href":"https:\/\/diamant-strass-dmc.com\/no\/wp-json\/wp\/v2\/media?parent=63106"}],"curies":[{"name":"wp","href":"https:\/\/api.w.org\/{rel}","templated":true}]}}