{"id":26475,"date":"2021-04-09T09:53:14","date_gmt":"2021-04-09T07:53:14","guid":{"rendered":"https:\/\/diamant-strass-dmc.com\/personvern-2\/"},"modified":"2024-09-08T03:40:15","modified_gmt":"2024-09-08T01:40:15","slug":"personvernerklaering","status":"publish","type":"page","link":"https:\/\/diamant-strass-dmc.com\/no\/personvernerklaering\/","title":{"rendered":"Personvernerkl\u00e6ring"},"content":{"rendered":"<p>Diamant-Strass-DMC.com legger s\u00e6rlig vekt p\u00e5 \u00e5 beskytte og sikre brukernes personopplysninger og bankopplysninger.  <\/p>\n<h2 style=\"margin-top:50px;\">H\u00e5ndtering av bankdata<\/h2>\n<p>  Diamant-Strass-DMC.com lagrer eller samler ikke inn kredittkortnummer som er oppgitt av brukeren og har ikke tilgang til denne informasjonen.<br \/>\nDenne informasjonen overf\u00f8res sikkert og kryptert av betalingstjenesteleverand\u00f8rene som er utpekt av Diamant-Strass-DMC.com: <em>Stripe<\/em> hvis kj\u00f8peren har valgt alternativet &laquo;Betaling med kredittkort&raquo; og <em>PayPal <\/em>hvis kj\u00f8peren har valgt alternativet &laquo;Betaling via PayPal&raquo;.<br \/>\nAndre betalingsplattformer er eksplisitt angitt p\u00e5 ordrebekreftelsessiden.   N\u00e5r transaksjonen er fullf\u00f8rt, informerer disse betalingsleverand\u00f8rene Diamant-Strass-DMC.com om suksessen eller feilen med betalingen og avsl\u00f8rer ingen annen informasjon. Disse plattformene er de mest brukte av handelsnettsteder og garanterer sikre transaksjoner, samt gj\u00f8r det umulig for noen \u00e5 f\u00e5 tilgang til bankopplysninger hvis nettstedet Diamant-Strass-DMC.com blir hacket, siden det ikke lagrer noen bankopplysninger.  <\/p>\n<h2 style=\"margin-top:50px;\">H\u00e5ndtering av andre personopplysninger<\/h2>\n<p>  Ingen personlig informasjon om brukeren av nettstedet Diamant-Strass-DMC.com blir publisert uten brukerens viten, utvekslet, overf\u00f8rt, overdratt eller solgt p\u00e5 noe som helst medium til tredjeparter. Bare overtakelsen av kj\u00f8pet av nettstedet Diamant-Strass-DMC.com og dets rettigheter autoriserer DLP Web, utgiver av nettstedet Diamant-Strass-DMC.com, til \u00e5 overf\u00f8re nevnte informasjon til den eventuelle kj\u00f8peren, som i sin tur vil v\u00e6re bundet av den samme forpliktelsen til \u00e5 bevare og endre dataene overfor brukeren av nettstedet Diamant-Strass-DMC.com. I Frankrike er personopplysninger beskyttet spesielt av fransk lov nr. 78-87 av 6. januar 1978, fransk lov nr. 2004-801 av 6. august 2004, artikkel L. 226-13 i straffeloven og det europeiske direktivet av 24. oktober 1995.<br \/>\nP\u00e5 nettstedet Diamant-Strass-DMC.com, i samsvar med artikkel 4 i fransk lov nr. 78-17 av 6. januar 1978, samles det kun inn opplysninger om brukeren i forbindelse med tjenesten som tilbys p\u00e5 nettstedet, det vil si behandling av bestillinger.  Brukeren gir denne informasjonen med full kunnskap om fakta, spesielt n\u00e5r han legger inn den selv. Det er da spesifisert til brukeren av nettstedet Diamant-Strass-DMC.com forpliktelsen eller ikke \u00e5 gi denne informasjonen. I samsvar med bestemmelsene i artikkel 38 og utover i den franske databeskyttelsesloven 78-17 av 6. januar 1978 har alle brukere rett til \u00e5 f\u00e5 tilgang til, rette, slette og motsette seg personopplysninger om dem.<br \/>\nFor \u00e5 ut\u00f8ve denne retten, send din foresp\u00f8rsel til Diamant-Strass-DMC.com via e-post til contact@diamant-strass-dmc.com.<br \/>\nDatabaser er beskyttet av bestemmelsene i lov av 1. juli 1998 som gjennomf\u00f8rer det franske direktivet 96\/9 av 11. mars 1996 om rettslig beskyttelse av databaser.    <\/p>\n<style><!-- br { content: \" \";display: block;font-size: 100%;height: 2em; } --><\/style>\n","protected":false},"excerpt":{"rendered":"<p>Diamant-Strass-DMC.com legger s\u00e6rlig vekt p\u00e5 \u00e5 beskytte og sikre brukernes personopplysninger og bankopplysninger. H\u00e5ndtering av bankdata Diamant-Strass-DMC.com lagrer eller samler ikke inn kredittkortnummer som er oppgitt av brukeren og har ikke tilgang til denne informasjonen. Denne informasjonen overf\u00f8res sikkert og kryptert av betalingstjenesteleverand\u00f8rene som er utpekt av Diamant-Strass-DMC.com: Stripe hvis kj\u00f8peren har valgt alternativet &laquo;Betaling [&hellip;]<\/p>\n","protected":false},"author":1,"featured_media":0,"parent":0,"menu_order":0,"comment_status":"closed","ping_status":"closed","template":"template-fullwidth.php","meta":{"footnotes":""},"class_list":["post-26475","page","type-page","status-publish","hentry"],"blocksy_meta":[],"aioseo_notices":[],"_links":{"self":[{"href":"https:\/\/diamant-strass-dmc.com\/no\/wp-json\/wp\/v2\/pages\/26475","targetHints":{"allow":["GET"]}}],"collection":[{"href":"https:\/\/diamant-strass-dmc.com\/no\/wp-json\/wp\/v2\/pages"}],"about":[{"href":"https:\/\/diamant-strass-dmc.com\/no\/wp-json\/wp\/v2\/types\/page"}],"author":[{"embeddable":true,"href":"https:\/\/diamant-strass-dmc.com\/no\/wp-json\/wp\/v2\/users\/1"}],"replies":[{"embeddable":true,"href":"https:\/\/diamant-strass-dmc.com\/no\/wp-json\/wp\/v2\/comments?post=26475"}],"version-history":[{"count":2,"href":"https:\/\/diamant-strass-dmc.com\/no\/wp-json\/wp\/v2\/pages\/26475\/revisions"}],"predecessor-version":[{"id":76175,"href":"https:\/\/diamant-strass-dmc.com\/no\/wp-json\/wp\/v2\/pages\/26475\/revisions\/76175"}],"wp:attachment":[{"href":"https:\/\/diamant-strass-dmc.com\/no\/wp-json\/wp\/v2\/media?parent=26475"}],"curies":[{"name":"wp","href":"https:\/\/api.w.org\/{rel}","templated":true}]}}