{"id":26403,"date":"2021-04-08T14:15:50","date_gmt":"2021-04-08T12:15:50","guid":{"rendered":"https:\/\/diamant-strass-dmc.com\/kontakt-oss\/"},"modified":"2025-02-14T20:32:03","modified_gmt":"2025-02-14T19:32:03","slug":"kontakt","status":"publish","type":"page","link":"https:\/\/diamant-strass-dmc.com\/no\/kontakt\/","title":{"rendered":"Kontakt oss"},"content":{"rendered":"<p style=\"background: #FFC1C1; color: black; padding: 20px; border: 1px solid black;\">F\u00f8r du kontakter oss <span style=\"text-decoration: underline;\"><strong><a style=\"color: #01578b;\" href=\"\/no\/faq\/\">se denne siden<\/a><\/strong><\/span> hvor vi svarer p\u00e5 de vanligste sp\u00f8rsm\u00e5lene.<\/p>\n<div class=\"wpforms-container wpforms-container-full\" id=\"wpforms-83512\"><form id=\"wpforms-form-83512\" class=\"wpforms-validate wpforms-form\" data-formid=\"83512\" method=\"post\" enctype=\"multipart\/form-data\" action=\"\/no\/wp-json\/wp\/v2\/pages\/26403\" data-token=\"91dae64250e74509b5e959fb897b28fa\" data-token-time=\"1775823254\"><noscript class=\"wpforms-error-noscript\">Please enable JavaScript in your browser to complete this form.<\/noscript><div class=\"wpforms-field-container\"><div id=\"wpforms-83512-field_0-container\" class=\"wpforms-field wpforms-field-name\" data-field-id=\"0\"><label class=\"wpforms-field-label\" for=\"wpforms-83512-field_0\">Navn <span class=\"wpforms-required-label\">*<\/span><\/label><input type=\"text\" id=\"wpforms-83512-field_0\" class=\"wpforms-field-small wpforms-field-required\" name=\"wpforms[fields][0]\" required><\/div><div id=\"wpforms-83512-field_1-container\" class=\"wpforms-field wpforms-field-email\" data-field-id=\"1\"><label class=\"wpforms-field-label\" for=\"wpforms-83512-field_1\">E-mail <span class=\"wpforms-required-label\">*<\/span><\/label><input type=\"email\" id=\"wpforms-83512-field_1\" class=\"wpforms-field-small wpforms-field-required\" name=\"wpforms[fields][1]\" spellcheck=\"false\" required><\/div><div id=\"wpforms-83512-field_6-container\" class=\"wpforms-field wpforms-field-radio\" data-field-id=\"6\"><label class=\"wpforms-field-label\">Min foresp\u00f8rsel gjelder : <span class=\"wpforms-required-label\">*<\/span><\/label><ul id=\"wpforms-83512-field_6\" class=\"wpforms-field-required\"><li class=\"choice-1 depth-1\"><input type=\"radio\" id=\"wpforms-83512-field_6_1\" name=\"wpforms[fields][6]\" value=\"Bestilling ikke mottatt\" required ><label class=\"wpforms-field-label-inline\" for=\"wpforms-83512-field_6_1\">Bestilling ikke mottatt<\/label><\/li><li class=\"choice-3 depth-1\"><input type=\"radio\" id=\"wpforms-83512-field_6_3\" name=\"wpforms[fields][6]\" value=\"Partnerskap\" required ><label class=\"wpforms-field-label-inline\" for=\"wpforms-83512-field_6_3\">Partnerskap<\/label><\/li><li class=\"choice-2 depth-1\"><input type=\"radio\" id=\"wpforms-83512-field_6_2\" name=\"wpforms[fields][6]\" value=\"Annet\" required ><label class=\"wpforms-field-label-inline\" for=\"wpforms-83512-field_6_2\">Annet<\/label><\/li><\/ul><\/div><div id=\"wpforms-83512-field_7-container\" class=\"wpforms-field wpforms-field-number\" data-field-id=\"7\"><label class=\"wpforms-field-label\" for=\"wpforms-83512-field_7\">Bestillingsnummer<\/label><input type=\"number\" id=\"wpforms-83512-field_7\" class=\"wpforms-field-small\" name=\"wpforms[fields][7]\" step=\"any\" ><\/div><div id=\"wpforms-83512-field_3-container\" class=\"wpforms-field wpforms-field-text\" data-field-id=\"3\"><label class=\"wpforms-field-label\" for=\"wpforms-83512-field_3\">Emne for meldingen <span class=\"wpforms-required-label\">*<\/span><\/label><input type=\"text\" id=\"wpforms-83512-field_3\" class=\"wpforms-field-medium wpforms-field-required\" name=\"wpforms[fields][3]\" required><\/div><div id=\"wpforms-83512-field_2-container\" class=\"wpforms-field wpforms-field-textarea\" data-field-id=\"2\"><label class=\"wpforms-field-label\" for=\"wpforms-83512-field_2\">Melding <span class=\"wpforms-required-label\">*<\/span><\/label><textarea id=\"wpforms-83512-field_2\" class=\"wpforms-field-medium wpforms-field-required\" name=\"wpforms[fields][2]\" required><\/textarea><\/div><\/div><!-- .wpforms-field-container --><div class=\"wpforms-recaptcha-container wpforms-is-recaptcha wpforms-is-recaptcha-type-invisible\" ><div class=\"g-recaptcha\" data-sitekey=\"6LfiZ_ckAAAAAE9VfN4q3CB4oUYnMzwDF9OFg1j0\" data-size=\"invisible\"><\/div><\/div><div class=\"wpforms-submit-container\" ><input type=\"hidden\" name=\"wpforms[id]\" value=\"83512\"><input type=\"hidden\" name=\"page_title\" value=\"\"><input type=\"hidden\" name=\"page_url\" value=\"https:\/\/diamant-strass-dmc.com\/no\/wp-json\/wp\/v2\/pages\/26403\"><input type=\"hidden\" name=\"url_referer\" value=\"\"><button type=\"submit\" name=\"wpforms[submit]\" id=\"wpforms-submit-83512\" class=\"wpforms-submit\" data-alt-text=\"Sendes i prosess...\" data-submit-text=\"Send\" aria-live=\"assertive\" value=\"wpforms-submit\">Send<\/button><\/div><\/form><\/div>  <!-- .wpforms-container -->\n","protected":false},"excerpt":{"rendered":"<p>F\u00f8r du kontakter oss se denne siden hvor vi svarer p\u00e5 de vanligste sp\u00f8rsm\u00e5lene.<\/p>\n","protected":false},"author":1,"featured_media":0,"parent":0,"menu_order":0,"comment_status":"closed","ping_status":"closed","template":"template-fullwidth.php","meta":{"footnotes":""},"class_list":["post-26403","page","type-page","status-publish","hentry"],"blocksy_meta":[],"aioseo_notices":[],"_links":{"self":[{"href":"https:\/\/diamant-strass-dmc.com\/no\/wp-json\/wp\/v2\/pages\/26403","targetHints":{"allow":["GET"]}}],"collection":[{"href":"https:\/\/diamant-strass-dmc.com\/no\/wp-json\/wp\/v2\/pages"}],"about":[{"href":"https:\/\/diamant-strass-dmc.com\/no\/wp-json\/wp\/v2\/types\/page"}],"author":[{"embeddable":true,"href":"https:\/\/diamant-strass-dmc.com\/no\/wp-json\/wp\/v2\/users\/1"}],"replies":[{"embeddable":true,"href":"https:\/\/diamant-strass-dmc.com\/no\/wp-json\/wp\/v2\/comments?post=26403"}],"version-history":[{"count":3,"href":"https:\/\/diamant-strass-dmc.com\/no\/wp-json\/wp\/v2\/pages\/26403\/revisions"}],"predecessor-version":[{"id":83518,"href":"https:\/\/diamant-strass-dmc.com\/no\/wp-json\/wp\/v2\/pages\/26403\/revisions\/83518"}],"wp:attachment":[{"href":"https:\/\/diamant-strass-dmc.com\/no\/wp-json\/wp\/v2\/media?parent=26403"}],"curies":[{"name":"wp","href":"https:\/\/api.w.org\/{rel}","templated":true}]}}