{"id":26343,"date":"2021-04-08T10:39:54","date_gmt":"2021-04-08T08:39:54","guid":{"rendered":"https:\/\/diamant-strass-dmc.com\/salgsbetingelser-og-betingelser\/"},"modified":"2025-03-02T02:54:57","modified_gmt":"2025-03-02T01:54:57","slug":"vilkar-og-betingelser","status":"publish","type":"page","link":"https:\/\/diamant-strass-dmc.com\/no\/vilkar-og-betingelser\/","title":{"rendered":"Salgsbetingelser"},"content":{"rendered":"<p>Disse bruksbetingelsene inng\u00e5s av enhver fysisk eller juridisk person som \u00f8nsker \u00e5 foreta et kj\u00f8p fra nettstedet Diamant-Strass-DMC.com, heretter kalt &laquo;kj\u00f8peren&raquo;. Og p\u00e5 den annen side av Diamant-Strass-DMC.com, utgitt av DPL Web hvis registrerte kontor ligger p\u00e5 570 rue de Solesmes 59213 Vendegies-sur-\u00c9caillon (Frankrike) og registrert under numrene SIRET <strong>50778378500052<\/strong> og RCS <strong>Douai A 307 78 785<\/strong> heretter referert til som Diamant-Strass-DMC.com.<\/p>\n<h2 style=\"margin-top: 50px;\">Hensikten med disse betingelsene<\/h2>\n<p>Form\u00e5let med disse salgsbetingelsene er \u00e5 definere det kontraktsmessige forholdet mellom kj\u00f8peren og Diamant-Strass-DMC.com, og betingelsene som gjelder for ethvert kj\u00f8p gjort gjennom Diamant-Strass-DMC.com e-handelssiden. kj\u00f8peren er en profesjonell eller en privatperson. Anskaffelse av en vare eller tjeneste gjennom nettstedet Diamant-Strass-DMC.com er betinget av at kj\u00f8peren uten forbehold aksepterer disse generelle salgsbetingelsene.<\/p>\n<p>Disse generelle salgsbetingelsene skal g\u00e5 foran alle andre generelle eller spesifikke betingelser som ikke er uttrykkelig godkjent av Diamant-Strass-DMC.com. Diamant-Strass-DMC.com forbeholder seg dessuten retten til \u00e5 kunne endre sine salgsbetingelser n\u00e5r som helst. De gjeldende betingelsene vil da v\u00e6re de som er i kraft p\u00e5 datoen for bestillingen foretatt av kj\u00f8peren.<\/p>\n<h2 style=\"margin-top: 50px;\">Kjennetegn ved produkter som tilbys av Diamant-Strass-DMC.com<\/h2>\n<p>Produktene som tilbys er de som vises p\u00e5 nettstedet Diamant-Strass-DMC.com. Disse produktene er tilgjengelige s\u00e5 lenge lageret rekker. <\/p>\n<h2 style=\"margin-top: 50px;\">Priser belastet<\/h2>\n<p>Prisene som vises p\u00e5 nettstedet Diamant-Strass-DMC.com er inklusive alle avgifter: de tar hensyn til merverdiavgiften (MVA) som gjelder den dagen bestillingen legges inn. Eventuell endring i merverdiavgiftssatsen kan overf\u00f8res til prisene. Diamant-Strass-DMC.com forbeholder seg retten til n\u00e5r som helst \u00e5 endre sine priser, men det er imidlertid underforst\u00e5tt at prisen som er angitt p\u00e5 produktarkene p\u00e5 bestillingstidspunktet, vil v\u00e6re den eneste prisen som gjelder for kj\u00f8peren. Prisene som er angitt p\u00e5 produktarkene inkluderer ikke leveringskostnader. <\/p>\n<h2 style=\"margin-top: 50px;\">Bestillinger p\u00e5 Diamant-Strass-DMC.com<\/h2>\n<p>Kj\u00f8pere som \u00f8nsker \u00e5 legge inn en bestilling, m\u00e5 :<\/p>\n<ul>\n<li>Fyll ut den elektroniske handlekurven ved \u00e5 legge til alle produktreferansene du har valgt;<\/li>\n<li>Fyll ut identifikasjonsskjemaet med kontaktopplysningene du blir bedt om, eller logg inn p\u00e5 kundekontoen din hvis du har en;<\/li>\n<li>Bekreft bestillingen din ved \u00e5 g\u00e5 videre til betaling, etter at du har kontrollert den og akseptert disse generelle salgsbetingelsene;<\/li>\n<\/ul>\n<p>Bekreftelse av bestillingen inneb\u00e6rer aksept av disse generelle salgsbetingelsene, erkjennelse av \u00e5 ha fullkommen kjennskap til dem, og fraskrivelse av retten til \u00e5 p\u00e5berope seg sine egne kj\u00f8psbetingelser eller andre betingelser. Alle oppgitte data og den registrerte bekreftelsen vil utgj\u00f8re bevis p\u00e5 transaksjonen. Bekreftelse vil v\u00e6re verdt \u00e5 signere og akseptere transaksjoner. Selgeren sender en e-post med bekreftelse p\u00e5 at bestillingen er registrert, etterfulgt av en bekreftelse p\u00e5 at bestillingen er sendt og eventuelt et sporingsnummer.<\/p>\n<h2 style=\"margin-top: 50px;\">Betalingsbetingelser<\/h2>\n<p>Prisen betales n\u00e5r bestillingen legges inn. Kj\u00f8perens konto belastes med bel\u00f8pet for de bestilte produktene, pluss eventuelle leveringskostnader. <\/p>\n<p>Betalingsmetodene som tilbys p\u00e5 bestillingsbekreftelsessiden, bruker alle SSL-protokollen (Secure Socket Layer), noe som betyr at informasjonen som overf\u00f8res, krypteres av programvare og ikke kan leses av noen tredjepart under transport over nettverket.<\/p>\n<p>Diamant-Strass-DMC.com lagrer eller samler ikke inn noe kredittkortnummer som er oppgitt av brukeren, og har ikke teknisk tilgang til denne informasjonen.<\/p>\n<h2 style=\"margin-top: 50px;\">Levering og frakt<\/h2>\n<p>Alle produktene er lagret i Frankrike, p\u00e5 Diamant-Strass-DMC.com-lageret.<\/p>\n<p>Bestillinger sendes innen 24 timer etter at bestillingen er lagt inn.<\/p>\n<p>De sendes som enkelt brev, sporet brev eller Colissimo (La Poste i Frankrike) eller med Mondial Relay, avhengig av antall og vekt p\u00e5 forsendelsene.<\/p>\n<p>Leveringstiden er 3 virkedager for Frankrike og 3 til 10 virkedager for andre land, unntatt eventuelle forsinkelser fra La Poste eller Mondial Relay utenfor Diamant-Strass-DMC.coms kontroll. Denne leveringstiden beregnes p\u00e5 hvert produktark i henhold til kundens tilkoblingsland, og angis deretter p\u00e5 ordrebekreftelsessiden i henhold til landet som er oppgitt som leveringsadresse. <\/p>\n<p>Kun bestillinger av en minimumsverdi sendes med sporing. Dette bel\u00f8pet er 15\u20ac for en forsendelse til Frankrike og 20\u20ac for en forsendelse til et annet land. Kj\u00f8peren f\u00e5r sporingsnummeret i e-postbekreftelsen av forsendelsen. Hvis bestillingen ble betalt i en annen valuta enn euro, blir valutakursen for denne valutaen p\u00e5 bestillingsdagen tatt i betraktning ved omregning til et bel\u00f8p p\u00e5 15 \u20ac eller 20 \u20ac.   <\/p>\n<p>Hvis forsinkelsen av posttjenestene overstiger 3 virkedager for Frankrike eller 5 virkedager for de andre landene, forplikter Diamant-Strass-DMC.com seg til \u00e5 sende bestillingen p\u00e5 nytt med et sporingsnummer som er kommunisert til kj\u00f8peren.<\/p>\n<p>Hvis leveringstiden overstiger 20 virkedager fra bestillingsdatoen, kan kj\u00f8pekontrakten heves og kj\u00f8peren tilbakebetales.<\/p>\n<h2 style=\"margin-top: 50px;\">Skader<\/h2>\n<p>I tilfelle skade under transport, m\u00e5 en berettiget klage sendes til Diamant-Strass-DMC.com innen 3 dager etter levering, med et fotografi, p\u00e5 adressen contact@diamant-strass-dmc.com.<\/p>\n<h2 style=\"margin-top: 50px;\">Returer og bytte<\/h2>\n<p>Produkter kj\u00f8pt p\u00e5 Diamant-Strass-DMC.com-siden kan returneres innen 30 dager fra kj\u00f8psdatoen, slik at kunden drar fordel av full refusjon eller bytte for en vare med tilsvarende verdi. Fraktkostnader for varer som returneres til Diamant-Strass-DMC.com er kundens ansvar.<\/p>\n<p>Foresp\u00f8rselen m\u00e5 begrunnes til adressen diamant.strass@gmail.com, med angivelse av ordrenummer.<\/p>\n<p>Returadressen er som f\u00f8lger:<\/p>\n<p>DIAMANT STRASS DMC<br \/>\n570 RUE DE SOLESMES<br \/>\n59213 VENDEGIES SUR ECAILLON<br \/>\nFRANCE<\/p>\n<p>Varer som returneres utenom denne 30-dagersperioden kan verken refunderes eller byttes.<\/p>\n<p>Produktene skal returneres rene og intakte. Forseglede diamantpakker m\u00e5 ikke ha v\u00e6rt \u00e5pnet.<\/p>\n<h2 style=\"margin-top: 50px;\">Uttak<\/h2>\n<p>Kj\u00f8pere, ikke-profesjonelle enkeltpersoner, drar nytte av angrefristen fastsatt av loven i deres land. For \u00e5 ut\u00f8ve angreretten din, vennligst gi beskjed til Diamant-Strass-DMC.com ved \u00e5 bruke nettstedets kontaktskjema eller ved \u00e5 sende en e-post til contact@diamant-strass-dmc.com.<\/p>\n<p>Deretter m\u00e5 produktet returneres til Diamant-Strass-DMC.com innen 30 dager, for bytte eller refusjon uten straff, med unntak av returkostnader som forblir kundens ansvar.<\/p>\n<p>Refusjon vil kun skje hvis produktet og emballasjen er intakt (n\u00e5r det gjelder forseglede perleposer, m\u00e5 de ikke ha blitt \u00e5pnet).<\/p>\n<h2 style=\"margin-top: 50px;\">Selgerens ansvar og \u00e5ndsverk<\/h2>\n<p>Selgeren, i den elektroniske salgsprosessen, er bare bundet av en forpliktelse til midler, dets ansvar kan ikke p\u00e5dras for skader som f\u00f8lge av bruk av Internett-nettverket som tap av data, inntrenging, virus, bruddtjeneste eller andre utilsiktede problemer .<\/p>\n<h2 style=\"margin-top: 50px;\">\u00c5ndsverk<\/h2>\n<p>Alle elementer p\u00e5 Diamant-Strass-DMC.com-nettstedet. er og forblir den eksklusive intellektuelle eiendommen til Diamant-Strass-DMC.com.<\/p>\n<p>Ingen er autorisert til \u00e5 reprodusere, utnytte, redistribuere eller bruke av noen grunn, selv ikke delvis, deler av nettstedet, enten programvare, visuell eller lyd.<\/p>\n<h2 style=\"margin-top: 50px;\">Kundeservice<\/h2>\n<p>Diamant-Strass-DMC.com kundeservice er tilgjengelig ved \u00e5 sende en e-post til contact@diamant-strass-dmc.com, eller via kontaktskjemaet.<\/p>\n<h2 style=\"margin-top: 50px;\">Personlig informasjon<\/h2>\n<p>I henhold til den franske personopplysningsloven av 6. januar 1978 kan personopplysninger om kj\u00f8pere behandles automatisk. Diamant-Strass-DMC.com forbeholder seg retten til \u00e5 samle inn informasjon om kj\u00f8pere, inkludert ved \u00e5 bruke informasjonskapsler, og om \u00f8nskelig \u00e5 overf\u00f8re informasjonen som samles inn til forretningspartnere. \u00c5 surfe p\u00e5 Diamant-Strass-DMC.com inneb\u00e6rer aksept av innsamling og bruk av nevnte informasjonskapsler.<\/p>\n<p>Kj\u00f8pere kan protestere mot utleveringen av deres detaljer ved \u00e5 varsle Diamant-Strass-DMC.com. P\u00e5 samme m\u00e5te har brukerne rett til innsyn i og retting av opplysninger om seg selv, i henhold til den franske loven av 6. januar 1978. Den automatiserte behandlingen av informasjon, inkludert administrasjon av e-postadressene til brukere av nettstedet, er erkl\u00e6rt (n\u00b01787089) til National Commission for Computing and Freedom (CNIL).<\/p>\n<p>Som angitt ovenfor i avsnittet &laquo;betalingsm\u00e5ter&raquo;, lagrer eller samler ikke Diamant-Strass-DMC.com inn kredittkortnummer som er oppgitt av brukeren, og har ikke teknisk tilgang til denne informasjonen.<\/p>\n<h2 style=\"margin-top: 50px;\">Arkivering \/ Bevis<\/h2>\n<p>Diamant-Strass-DMC.com. arkiverer bestillingsskjemaer og fakturaer p\u00e5 et p\u00e5litelig og varig medium som utgj\u00f8r en tro kopi i samsvar med bestemmelsene i artikkel 1348 i den franske borgerloven. De datastyrte registrene til Diamant-Strass-DMC.com vil bli betraktet av partene som bevis p\u00e5 kommunikasjon, bestillinger, betalinger og transaksjoner mellom partene.<\/p>\n<h2 style=\"margin-top: 50px;\">Prosedyre, rettstvist<\/h2>\n<p>Disse generelle salgsbetingelsene er underlagt fransk lov. I tilfelle en tvist, er det de kompetente domstolene i Paris i Frankrike som har jurisdiksjon, selv om det er flere saks\u00f8kte eller tredjeparter.<\/p>\n","protected":false},"excerpt":{"rendered":"<p>Disse bruksbetingelsene inng\u00e5s av enhver fysisk eller juridisk person som \u00f8nsker \u00e5 foreta et kj\u00f8p fra nettstedet Diamant-Strass-DMC.com, heretter kalt &laquo;kj\u00f8peren&raquo;. Og p\u00e5 den annen side av Diamant-Strass-DMC.com, utgitt av DPL Web hvis registrerte kontor ligger p\u00e5 570 rue de Solesmes 59213 Vendegies-sur-\u00c9caillon (Frankrike) og registrert under numrene SIRET 50778378500052 og RCS Douai A 307 [&hellip;]<\/p>\n","protected":false},"author":1,"featured_media":0,"parent":0,"menu_order":0,"comment_status":"closed","ping_status":"closed","template":"","meta":{"footnotes":""},"class_list":["post-26343","page","type-page","status-publish","hentry"],"blocksy_meta":[],"aioseo_notices":[],"_links":{"self":[{"href":"https:\/\/diamant-strass-dmc.com\/no\/wp-json\/wp\/v2\/pages\/26343","targetHints":{"allow":["GET"]}}],"collection":[{"href":"https:\/\/diamant-strass-dmc.com\/no\/wp-json\/wp\/v2\/pages"}],"about":[{"href":"https:\/\/diamant-strass-dmc.com\/no\/wp-json\/wp\/v2\/types\/page"}],"author":[{"embeddable":true,"href":"https:\/\/diamant-strass-dmc.com\/no\/wp-json\/wp\/v2\/users\/1"}],"replies":[{"embeddable":true,"href":"https:\/\/diamant-strass-dmc.com\/no\/wp-json\/wp\/v2\/comments?post=26343"}],"version-history":[{"count":3,"href":"https:\/\/diamant-strass-dmc.com\/no\/wp-json\/wp\/v2\/pages\/26343\/revisions"}],"predecessor-version":[{"id":84507,"href":"https:\/\/diamant-strass-dmc.com\/no\/wp-json\/wp\/v2\/pages\/26343\/revisions\/84507"}],"wp:attachment":[{"href":"https:\/\/diamant-strass-dmc.com\/no\/wp-json\/wp\/v2\/media?parent=26343"}],"curies":[{"name":"wp","href":"https:\/\/api.w.org\/{rel}","templated":true}]}}