{"id":26197,"date":"2021-04-08T09:21:38","date_gmt":"2021-04-08T07:21:38","guid":{"rendered":"https:\/\/diamant-strass-dmc.com\/juridiske\/"},"modified":"2024-09-08T03:40:08","modified_gmt":"2024-09-08T01:40:08","slug":"juridisk-varsel","status":"publish","type":"page","link":"https:\/\/diamant-strass-dmc.com\/no\/juridisk-varsel\/","title":{"rendered":"Juridisk varsel"},"content":{"rendered":"<p style=\"text-align: left;\">I samsvar med bestemmelsene i artikkel 6-III og 19 i den franske loven nr. 2004-575 av 21. juni 2004 om tillit til den digitale \u00f8konomien, kjent som L.C.E.N., gj\u00f8r vi brukere og bes\u00f8kende p\u00e5 nettstedet diamant-strass-dmc.com oppmerksom p\u00e5 f\u00f8lgende informasjon:<\/p>\n<h2 style=\"margin-top:50px;\">1. Juridisk informasjon<\/h2>\n<p>  Eieren, skaperen av nettstedet og publiseringsansvarlig er DPL Web, som har sitt registrerte kontor p\u00e5 570 rue de Solesmes 59213 Vendegies-sur-\u00c9caillon (Frankrike), SIRET-nummer <strong>50778378500052<\/strong> og RCS-nummer <strong>Douai A 507 783 785<\/strong> <strong>.<\/strong><br \/>\nE-postadressen til nettstedet diamant-strass-dmc.com er contact@diamant-strass-dmc.com .<br \/>\nNettstedets vert er: OVH, hvis adresse er 2 Rue Kellermann 59100 Roubaix (Frankrike).    <\/p>\n<h2 style=\"margin-top:50px;\">2. Presentasjon og prinsipp<\/h2>\n<p>  Betegnes i det f\u00f8lgende: Bruker, enhver Internett-bruker som kobler seg til og bruker ovennevnte nettsted: diamant-strass-dmc.com. Diamant-strass-dmc.com-siden inkluderer et sett med tjenester, i staten, gjort tilgjengelig for brukere. Det er spesifisert her at de m\u00e5 v\u00e6re h\u00f8flige og vise god tro b\u00e5de mot andre brukere og mot webmasteren til diamant-strass-dmc.com-siden. Diamant-strass-dmc.com-siden oppdateres regelmessig av DPL Web, som streber etter \u00e5 gi den mest mulig n\u00f8yaktige informasjonen (med forbehold om endringer som er gjort siden de ble lagt ut p\u00e5 nettet), men kan ikke garantere n\u00f8yaktigheten, fullstendigheten og aktualiteten til informasjonen spres p\u00e5 nettstedet, enten av seg selv eller av tredjepartspartnere som gir den denne informasjonen. F\u00f8lgelig erkjenner brukerne at de bruker denne informasjonen (som er veiledende, ikke-utt\u00f8mmende og kan endres) p\u00e5 eget ansvar.  <\/p>\n<h2 style=\"margin-top:50px;\">3. Tilgjengelighet<\/h2>\n<p>  Nettstedet diamant-strass-dmc.com er i prinsippet tilgjengelig for brukerne 24 timer i d\u00f8gnet, 7 dager i uken, med unntak av avbrudd, enten planlagt eller ikke, for vedlikeholdsform\u00e5l eller i tilfelle force majeure. I tilfelle det er umulig \u00e5 f\u00e5 tilgang til tjenesten, forplikter diamant-strass-dmc.com seg til \u00e5 gj\u00f8re sitt ytterste for \u00e5 gjenopprette tilgangen til tjenesten, og vil da fors\u00f8ke \u00e5 kommunisere til brukerne p\u00e5 forh\u00e5nd datoene og tidspunktene for intervensjonen. Da diamant-strass-dmc.com kun er underlagt en forpliktelse om midler, kan diamant-strass-dmc.com ikke holdes ansvarlig for noen skade, uansett art, som f\u00f8lge av at tjenesten ikke er tilgjengelig.  <\/p>\n<h2 style=\"margin-top:50px;\">4. Immaterielle rettigheter<\/h2>\n<p>  DPL Web er den eksklusive eieren av alle immaterielle rettigheter eller har bruksrettighetene til alle elementene som er tilgjengelige p\u00e5 nettstedet, b\u00e5de p\u00e5 strukturen og p\u00e5 tekstene, bildene, grafikken, logoene, ikonene, lydene, programvaren. Enhver total eller delvis reproduksjon av nettstedet diamant-strass-dmc.com, representasjon, modifikasjon, publisering, total eller delvis tilpasning av noen av disse elementene, uansett hvilke midler eller prosessen som brukes, er forbudt, med mindre det er gitt skriftlig tillatelse fra DPL Web, eier, via e-post (contact@diamant-strass-dmc.com).<br \/>\nUnnlatelse av \u00e5 gj\u00f8re dette vil bli ansett som en krenkelse og kan straffeforf\u00f8lges i samsvar med bestemmelsene i artikkel L.335-2 ff. i den franske loven om immateriell eiendom.   <\/p>\n<h2 style=\"margin-top:50px;\">5. Hypertekstlenker<\/h2>\n<p>  Nettstedet diamant-strass-dmc.com inneholder en rekke hypertekstlenker til andre nettsteder (partnere, informasjon osv.) som er opprettet med tillatelse fra DPL Web. Vi har imidlertid ikke mulighet til \u00e5 kontrollere hele innholdet p\u00e5 nettsteder som bes\u00f8kes p\u00e5 denne m\u00e5ten, og fraskriver oss derfor alt ansvar for eventuell risiko for ulovlig innhold.  <\/p>\n<h2 style=\"margin-top:50px;\">6. Beskyttelse av eiendom og personer &#8211; h\u00e5ndtering av personopplysninger<\/h2>\n<p>  I Frankrike er personopplysninger beskyttet av fransk lov nr. 78-87 av 6. januar 1978, fransk lov nr. 2004-801 av 6. august 2004, artikkel L. 226-13 i den franske straffeloven og det europeiske direktivet av 24. oktober 1995.<br \/>\nP\u00e5 nettstedet diamant-strass-dmc.com samler DPL Web kun inn personopplysninger (i henhold til artikkel 4 i fransk lov nr. 78-17 av 6. januar 1978) om brukeren for \u00e5 kunne tilby visse tjenester som tilbys av nettstedet diamant-strass-dmc.com.  Brukeren gir denne informasjonen med full kunnskap om fakta, spesielt n\u00e5r han legger inn den selv. Det er deretter spesifisert til brukeren av nettstedet diamant-strass-dmc.com forpliktelsen eller ikke \u00e5 gi denne informasjonen. I henhold til bestemmelsene i artikkel 38 og f\u00f8lgende i den franske personvernloven 78-17 av 6. januar 1978 har alle brukere rett til \u00e5 f\u00e5 tilgang til, rette, slette og motsette seg personopplysninger som gjelder dem.<br \/>\nFor \u00e5 ut\u00f8ve denne retten kan du sende en foresp\u00f8rsel via e-post til contact@diamant-strass-dmc.com.  Ingen personlig informasjon om brukeren av diamant-strass-dmc.com-siden publiseres uten brukerens viten, utvekslet, overf\u00f8rt, tildelt eller solgt p\u00e5 noe medium til tredjeparter. Bare forutsetningen om innl\u00f8sning av nettstedet diamant-strass-dmc.com og dets rettigheter autoriserer DPL Web til \u00e5 overf\u00f8re nevnte informasjon til den potensielle kj\u00f8peren som igjen vil v\u00e6re bundet av den samme forpliktelsen til \u00e5 lagre og endre data i forhold til til brukeren av diamant-strass-dmc.com-siden. Diamant-Strass-DMC.com lagrer eller samler ikke inn kredittkortnummer som er oppgitt av brukeren, og har ikke teknisk tilgang til denne informasjonen.<br \/>\nDatabaser er beskyttet av bestemmelsene i loven av 1. juli 1998 som gjennomf\u00f8rer det franske direktivet 96\/9 av 11. mars 1996 om rettslig beskyttelse av databaser.   <\/p>\n<style><!-- br { content: \" \";display: block;font-size: 100%;height: 2em; } --><\/style>\n","protected":false},"excerpt":{"rendered":"<p>I samsvar med bestemmelsene i artikkel 6-III og 19 i den franske loven nr. 2004-575 av 21. juni 2004 om tillit til den digitale \u00f8konomien, kjent som L.C.E.N., gj\u00f8r vi brukere og bes\u00f8kende p\u00e5 nettstedet diamant-strass-dmc.com oppmerksom p\u00e5 f\u00f8lgende informasjon: 1. Juridisk informasjon Eieren, skaperen av nettstedet og publiseringsansvarlig er DPL Web, som har sitt [&hellip;]<\/p>\n","protected":false},"author":1,"featured_media":0,"parent":0,"menu_order":0,"comment_status":"closed","ping_status":"closed","template":"template-fullwidth.php","meta":{"footnotes":""},"class_list":["post-26197","page","type-page","status-publish","hentry"],"blocksy_meta":[],"aioseo_notices":[],"_links":{"self":[{"href":"https:\/\/diamant-strass-dmc.com\/no\/wp-json\/wp\/v2\/pages\/26197","targetHints":{"allow":["GET"]}}],"collection":[{"href":"https:\/\/diamant-strass-dmc.com\/no\/wp-json\/wp\/v2\/pages"}],"about":[{"href":"https:\/\/diamant-strass-dmc.com\/no\/wp-json\/wp\/v2\/types\/page"}],"author":[{"embeddable":true,"href":"https:\/\/diamant-strass-dmc.com\/no\/wp-json\/wp\/v2\/users\/1"}],"replies":[{"embeddable":true,"href":"https:\/\/diamant-strass-dmc.com\/no\/wp-json\/wp\/v2\/comments?post=26197"}],"version-history":[{"count":2,"href":"https:\/\/diamant-strass-dmc.com\/no\/wp-json\/wp\/v2\/pages\/26197\/revisions"}],"predecessor-version":[{"id":76156,"href":"https:\/\/diamant-strass-dmc.com\/no\/wp-json\/wp\/v2\/pages\/26197\/revisions\/76156"}],"wp:attachment":[{"href":"https:\/\/diamant-strass-dmc.com\/no\/wp-json\/wp\/v2\/media?parent=26197"}],"curies":[{"name":"wp","href":"https:\/\/api.w.org\/{rel}","templated":true}]}}