{"id":71602,"date":"2022-07-28T02:29:20","date_gmt":"2022-07-28T00:29:20","guid":{"rendered":"https:\/\/diamant-strass-dmc.com\/perles-broderie\/potjes-kralen-diamant\/"},"modified":"2025-10-31T04:11:29","modified_gmt":"2025-10-31T03:11:29","slug":"potjes-kralen-diamant","status":"publish","type":"product","link":"https:\/\/diamant-strass-dmc.com\/nl\/perles-broderie\/potjes-kralen-diamant\/","title":{"rendered":"Potjes voor diamantschilderkralen"},"content":{"rendered":"<p>S<strong>et van 10 potjes<\/strong> voor diamanten borduurkralen. Worden los verkocht (zonder diamanten of doosje om ze in te bewaren).<\/p>\n<p>Geschikt voor ronde labels die ook op onze site worden verkocht.<\/p>\n<p>Elk potje kan <strong>1.600 diamanten<\/strong> bevatten, of <strong>8<\/strong> standaard <strong>zakjes van<\/strong> 200 diamanten.<\/p>\n<p>Afmetingen: 50 mm hoog en 25 mm in diameter.<\/p>\n<p>Dit product kan alleen als pakket worden verzonden (niet in een bubbeltjesenvelop). De verzendkosten worden dienovereenkomstig berekend.<\/p>\n","protected":false},"excerpt":{"rendered":"<p style=\"font-size: 14px; line-height: 1.2em;text-align:justify;padding-right:10px;\">\u26a0\ufe0f <strong>Dit artikel kan alleen worden verzonden binnen de Europese Unie<\/strong> (Belgi\u00eb, Bulgarije, Cyprus, Denemarken, Duitsland, Estland, Finland, Frankrijk, Griekenland, Hongarije, Ierland, Itali\u00eb, Letland, Litouwen, Luxemburg, Malta, Nederland, Oostenrijk, Polen, Portugal, Roemeni\u00eb, Sloveni\u00eb, Slowakije, Spanje, Tsjechi\u00eb en Zweden).<\/p>\n","protected":false},"featured_media":44544,"template":"","meta":{"footnotes":""},"product_brand":[],"product_cat":[7180],"class_list":{"0":"post-71602","1":"product","2":"type-product","3":"status-publish","4":"has-post-thumbnail","6":"product_cat-accessoires-nl","7":"product_shipping_class-colissimo","9":"first","10":"instock","11":"sale","12":"taxable","13":"shipping-taxable","14":"purchasable","15":"product-type-variable","16":"has-default-attributes"},"aioseo_notices":[],"_links":{"self":[{"href":"https:\/\/diamant-strass-dmc.com\/nl\/wp-json\/wp\/v2\/product\/71602","targetHints":{"allow":["GET"]}}],"collection":[{"href":"https:\/\/diamant-strass-dmc.com\/nl\/wp-json\/wp\/v2\/product"}],"about":[{"href":"https:\/\/diamant-strass-dmc.com\/nl\/wp-json\/wp\/v2\/types\/product"}],"version-history":[{"count":2,"href":"https:\/\/diamant-strass-dmc.com\/nl\/wp-json\/wp\/v2\/product\/71602\/revisions"}],"predecessor-version":[{"id":79152,"href":"https:\/\/diamant-strass-dmc.com\/nl\/wp-json\/wp\/v2\/product\/71602\/revisions\/79152"}],"wp:featuredmedia":[{"embeddable":true,"href":"https:\/\/diamant-strass-dmc.com\/nl\/wp-json\/wp\/v2\/media\/44544"}],"wp:attachment":[{"href":"https:\/\/diamant-strass-dmc.com\/nl\/wp-json\/wp\/v2\/media?parent=71602"}],"wp:term":[{"taxonomy":"product_brand","embeddable":true,"href":"https:\/\/diamant-strass-dmc.com\/nl\/wp-json\/wp\/v2\/product_brand?post=71602"},{"taxonomy":"product_cat","embeddable":true,"href":"https:\/\/diamant-strass-dmc.com\/nl\/wp-json\/wp\/v2\/product_cat?post=71602"}],"curies":[{"name":"wp","href":"https:\/\/api.w.org\/{rel}","templated":true}]}}