{"id":71556,"date":"2022-09-06T19:22:08","date_gmt":"2022-09-06T17:22:08","guid":{"rendered":"https:\/\/diamant-strass-dmc.com\/perles-broderie\/rollen-broderij-diamond-schilderen\/"},"modified":"2025-10-31T04:11:35","modified_gmt":"2025-10-31T03:11:35","slug":"rollen-broderij-diamond-schilderen","status":"publish","type":"product","link":"https:\/\/diamant-strass-dmc.com\/nl\/perles-broderie\/rollen-broderij-diamond-schilderen\/","title":{"rendered":"Diamant borduurroller"},"content":{"rendered":"<p>Deze stevige roller zorgt ervoor dat alle diamanten <strong>volledig<\/strong> worden <strong>geplakt<\/strong> en <strong>dat de stof waterpas ligt<\/strong>.<\/p>\n<p><strong>Afmetingen: <\/strong>11,5 x 13 cm<br \/>\nHandvat: 9 cm<br \/>\nRol (rode cilinder): 9,5 cm<\/p>\n<p>Dit product kan alleen worden verzonden in een pakket (niet in een bubbeltjesenvelop). De verzendkosten worden dienovereenkomstig berekend.<\/p>\n","protected":false},"excerpt":{"rendered":"<p style=\"font-size: 14px; line-height: 1.2em;text-align:justify;padding-right:10px;\">\u26a0\ufe0f <strong>Dit artikel kan alleen worden verzonden binnen de Europese Unie<\/strong> (Belgi\u00eb, Bulgarije, Cyprus, Denemarken, Duitsland, Estland, Finland, Frankrijk, Griekenland, Hongarije, Ierland, Itali\u00eb, Letland, Litouwen, Luxemburg, Malta, Nederland, Oostenrijk, Polen, Portugal, Roemeni\u00eb, Sloveni\u00eb, Slowakije, Spanje, Tsjechi\u00eb en Zweden).<\/p>\n","protected":false},"featured_media":148520,"template":"","meta":{"footnotes":""},"product_brand":[],"product_cat":[7180],"class_list":{"0":"post-71556","1":"product","2":"type-product","3":"status-publish","4":"has-post-thumbnail","6":"product_cat-accessoires-nl","7":"product_shipping_class-colissimo","9":"first","10":"instock","11":"sale","12":"taxable","13":"shipping-taxable","14":"purchasable","15":"product-type-simple"},"aioseo_notices":[],"_links":{"self":[{"href":"https:\/\/diamant-strass-dmc.com\/nl\/wp-json\/wp\/v2\/product\/71556","targetHints":{"allow":["GET"]}}],"collection":[{"href":"https:\/\/diamant-strass-dmc.com\/nl\/wp-json\/wp\/v2\/product"}],"about":[{"href":"https:\/\/diamant-strass-dmc.com\/nl\/wp-json\/wp\/v2\/types\/product"}],"version-history":[{"count":1,"href":"https:\/\/diamant-strass-dmc.com\/nl\/wp-json\/wp\/v2\/product\/71556\/revisions"}],"predecessor-version":[{"id":100095,"href":"https:\/\/diamant-strass-dmc.com\/nl\/wp-json\/wp\/v2\/product\/71556\/revisions\/100095"}],"wp:featuredmedia":[{"embeddable":true,"href":"https:\/\/diamant-strass-dmc.com\/nl\/wp-json\/wp\/v2\/media\/148520"}],"wp:attachment":[{"href":"https:\/\/diamant-strass-dmc.com\/nl\/wp-json\/wp\/v2\/media?parent=71556"}],"wp:term":[{"taxonomy":"product_brand","embeddable":true,"href":"https:\/\/diamant-strass-dmc.com\/nl\/wp-json\/wp\/v2\/product_brand?post=71556"},{"taxonomy":"product_cat","embeddable":true,"href":"https:\/\/diamant-strass-dmc.com\/nl\/wp-json\/wp\/v2\/product_cat?post=71556"}],"curies":[{"name":"wp","href":"https:\/\/api.w.org\/{rel}","templated":true}]}}