{"id":71555,"date":"2024-03-18T01:48:57","date_gmt":"2024-03-18T00:48:57","guid":{"rendered":"https:\/\/diamant-strass-dmc.com\/perles-broderie\/vergrootglas-clip-flexibel-lichtgevend-diamant-schilderij\/"},"modified":"2025-10-31T04:11:47","modified_gmt":"2025-10-31T03:11:47","slug":"vergrootglas-clip-flexibel-lichtgevend-diamant-schilderij","status":"publish","type":"product","link":"https:\/\/diamant-strass-dmc.com\/nl\/perles-broderie\/vergrootglas-clip-flexibel-lichtgevend-diamant-schilderij\/","title":{"rendered":"Flexibel clip-on vergrootglas met LED-lampje"},"content":{"rendered":"<ul>\n<li>Vergrootglas <strong>x2.5<\/strong> + minifocus <strong>x5<\/strong>;<\/li>\n<li>Gerichte dubbele <strong>LED-verlichting<\/strong>;<\/li>\n<li><strong>Flexibele arm<\/strong>;<\/li>\n<li>Kan volledig worden <strong>gedemonteerd<\/strong>;<\/li>\n<li>Kan op elk oppervlak worden <strong>geklemd<\/strong>.<\/li>\n<\/ul>\n<p>Werkt op 3 AAA-batterijen (niet meegeleverd). Alle onderdelen van de loep kunnen worden losgeschroefd voor eenvoudig transport.<\/p>\n<p>Met het vergrootglas kun je 2,5 keer zo groot zien en het bevat een focus (lens) met een diameter van 2,5 cm, waardoor je 5 keer zo groot kunt zien.<\/p>\n<p>Flexibele armlengte: 25 cm.<br \/>\nDiameter vergrootglas: 12,5 cm.<\/p>\n<p>Dit product kan alleen worden verzonden in een pakket (niet in een bubbeltjesenvelop). De verzendkosten worden dienovereenkomstig berekend.<\/p>\n","protected":false},"excerpt":{"rendered":"<p style=\"font-size: 14px; line-height: 1.2em;text-align:justify;padding-right:10px;\">\u26a0\ufe0f <strong>Dit artikel kan alleen worden verzonden binnen de Europese Unie<\/strong> (Belgi\u00eb, Bulgarije, Cyprus, Denemarken, Duitsland, Estland, Finland, Frankrijk, Griekenland, Hongarije, Ierland, Itali\u00eb, Letland, Litouwen, Luxemburg, Malta, Nederland, Oostenrijk, Polen, Portugal, Roemeni\u00eb, Sloveni\u00eb, Slowakije, Spanje, Tsjechi\u00eb en Zweden).<\/p>\n","protected":false},"featured_media":71321,"template":"","meta":{"footnotes":""},"product_brand":[],"product_cat":[7180],"class_list":{"0":"post-71555","1":"product","2":"type-product","3":"status-publish","4":"has-post-thumbnail","6":"product_cat-accessoires-nl","7":"product_shipping_class-colissimo","9":"first","10":"outofstock","11":"sale","12":"taxable","13":"shipping-taxable","14":"purchasable","15":"product-type-simple"},"aioseo_notices":[],"_links":{"self":[{"href":"https:\/\/diamant-strass-dmc.com\/nl\/wp-json\/wp\/v2\/product\/71555","targetHints":{"allow":["GET"]}}],"collection":[{"href":"https:\/\/diamant-strass-dmc.com\/nl\/wp-json\/wp\/v2\/product"}],"about":[{"href":"https:\/\/diamant-strass-dmc.com\/nl\/wp-json\/wp\/v2\/types\/product"}],"version-history":[{"count":2,"href":"https:\/\/diamant-strass-dmc.com\/nl\/wp-json\/wp\/v2\/product\/71555\/revisions"}],"predecessor-version":[{"id":100110,"href":"https:\/\/diamant-strass-dmc.com\/nl\/wp-json\/wp\/v2\/product\/71555\/revisions\/100110"}],"wp:featuredmedia":[{"embeddable":true,"href":"https:\/\/diamant-strass-dmc.com\/nl\/wp-json\/wp\/v2\/media\/71321"}],"wp:attachment":[{"href":"https:\/\/diamant-strass-dmc.com\/nl\/wp-json\/wp\/v2\/media?parent=71555"}],"wp:term":[{"taxonomy":"product_brand","embeddable":true,"href":"https:\/\/diamant-strass-dmc.com\/nl\/wp-json\/wp\/v2\/product_brand?post=71555"},{"taxonomy":"product_cat","embeddable":true,"href":"https:\/\/diamant-strass-dmc.com\/nl\/wp-json\/wp\/v2\/product_cat?post=71555"}],"curies":[{"name":"wp","href":"https:\/\/api.w.org\/{rel}","templated":true}]}}