{"id":71531,"date":"2024-03-01T23:52:23","date_gmt":"2024-03-01T22:52:23","guid":{"rendered":"https:\/\/diamant-strass-dmc.com\/perles-broderie\/licht-plank-diamant-schilderen\/"},"modified":"2025-10-31T04:11:53","modified_gmt":"2025-10-31T03:11:53","slug":"licht-plank-diamant-schilderen","status":"publish","type":"product","link":"https:\/\/diamant-strass-dmc.com\/nl\/perles-broderie\/licht-plank-diamant-schilderen\/","title":{"rendered":"A4 lichtplank + houder en clips"},"content":{"rendered":"<ul>\n<li><strong>A4-formaat<\/strong> (verlicht oppervlak 31 x 23,5 cm) ;<\/li>\n<li>Standaard, USB-kabel en 4 clips <strong>inbegrepen<\/strong>;<\/li>\n<li>Slechts <strong>3 mm<\/strong> dik;<\/li>\n<li><strong>3 helderheidsniveaus<\/strong>;<\/li>\n<li>Gelijkmatige, flikkervrije verlichting.<\/li>\n<\/ul>\n<p>De USB-kabel (meegeleverd) kan worden aangesloten op een standaard telefoonoplader (niet meegeleverd) of andere standaard USB-poorten (computer, bepaalde stekkerdozen, enz.).<\/p>\n<p>Dit product kan alleen worden verzonden in een pakket (niet in een bubbeltjesenvelop). De verzendkosten worden dienovereenkomstig berekend.<\/p>\n","protected":false},"excerpt":{"rendered":"<p style=\"font-size: 14px; line-height: 1.2em;text-align:justify;padding-right:10px;\">\u26a0\ufe0f <strong>Dit artikel kan alleen worden verzonden binnen de Europese Unie<\/strong> (Belgi\u00eb, Bulgarije, Cyprus, Denemarken, Duitsland, Estland, Finland, Frankrijk, Griekenland, Hongarije, Ierland, Itali\u00eb, Letland, Litouwen, Luxemburg, Malta, Nederland, Oostenrijk, Polen, Portugal, Roemeni\u00eb, Sloveni\u00eb, Slowakije, Spanje, Tsjechi\u00eb en Zweden).<\/p>\n","protected":false},"featured_media":69200,"template":"","meta":{"footnotes":""},"product_brand":[],"product_cat":[7180],"class_list":{"0":"post-71531","1":"product","2":"type-product","3":"status-publish","4":"has-post-thumbnail","6":"product_cat-accessoires-nl","7":"product_shipping_class-colissimo","9":"first","10":"instock","11":"sale","12":"taxable","13":"shipping-taxable","14":"purchasable","15":"product-type-simple"},"aioseo_notices":[],"_links":{"self":[{"href":"https:\/\/diamant-strass-dmc.com\/nl\/wp-json\/wp\/v2\/product\/71531","targetHints":{"allow":["GET"]}}],"collection":[{"href":"https:\/\/diamant-strass-dmc.com\/nl\/wp-json\/wp\/v2\/product"}],"about":[{"href":"https:\/\/diamant-strass-dmc.com\/nl\/wp-json\/wp\/v2\/types\/product"}],"version-history":[{"count":1,"href":"https:\/\/diamant-strass-dmc.com\/nl\/wp-json\/wp\/v2\/product\/71531\/revisions"}],"predecessor-version":[{"id":71536,"href":"https:\/\/diamant-strass-dmc.com\/nl\/wp-json\/wp\/v2\/product\/71531\/revisions\/71536"}],"wp:featuredmedia":[{"embeddable":true,"href":"https:\/\/diamant-strass-dmc.com\/nl\/wp-json\/wp\/v2\/media\/69200"}],"wp:attachment":[{"href":"https:\/\/diamant-strass-dmc.com\/nl\/wp-json\/wp\/v2\/media?parent=71531"}],"wp:term":[{"taxonomy":"product_brand","embeddable":true,"href":"https:\/\/diamant-strass-dmc.com\/nl\/wp-json\/wp\/v2\/product_brand?post=71531"},{"taxonomy":"product_cat","embeddable":true,"href":"https:\/\/diamant-strass-dmc.com\/nl\/wp-json\/wp\/v2\/product_cat?post=71531"}],"curies":[{"name":"wp","href":"https:\/\/api.w.org\/{rel}","templated":true}]}}