{"id":71496,"date":"2022-07-28T17:39:30","date_gmt":"2022-07-28T15:39:30","guid":{"rendered":"https:\/\/diamant-strass-dmc.com\/perles-broderie\/valisette-doos-kralen-borduursel-diamant\/"},"modified":"2025-10-31T04:11:41","modified_gmt":"2025-10-31T03:11:41","slug":"valisette-doos-kralen-borduursel-diamant","status":"publish","type":"product","link":"https:\/\/diamant-strass-dmc.com\/nl\/perles-broderie\/valisette-doos-kralen-borduursel-diamant\/","title":{"rendered":"Opbergdoos voor kralen (64 doosjes)"},"content":{"rendered":"<p>Diamanten niet meegeleverd.<\/p>\n<p><strong>Inhoud verpakking:<\/strong><br \/>\n&#8211; 1 opbergdoos<br \/>\n&#8211; 64 doosjes voor kralen<br \/>\n&#8211; 64 rechthoekige etiketten<\/p>\n<p>Neem tot 64 diamantkleurreferenties mee!<br \/>\nDeze ultracompacte opbergkoffer heeft twee stevige sluitingen.<\/p>\n<ul>\n<li><strong>Afmetingen behuizing<\/strong>: 22 x 13 x 5,4 cm (hoogte) ;<\/li>\n<li><strong>Afmetingen doos<\/strong>: 2,5 x 5,1 x 1,1cm (diepte) ;<\/li>\n<li><strong>Afmetingen etiket<\/strong>: 2 x 1cm.<\/li>\n<\/ul>\n<div class=\"woocommerce-tabs wc-tabs-wrapper\">\n<div id=\"tab-description\" class=\"woocommerce-Tabs-panel woocommerce-Tabs-panel--description panel entry-content wc-tab\" role=\"tabpanel\" aria-labelledby=\"tab-title-description\">\n<p>Dit product kan alleen worden verzonden in een pakket (niet in een bubbeltjesenvelop). De verzendkosten worden dienovereenkomstig berekend.<\/p>\n<\/div>\n<\/div>\n","protected":false},"excerpt":{"rendered":"<p style=\"font-size: 14px; line-height: 1.2em;text-align:justify;padding-right:10px;\">\u26a0\ufe0f <strong>Dit artikel kan alleen worden verzonden binnen de Europese Unie<\/strong> (Belgi\u00eb, Bulgarije, Cyprus, Denemarken, Duitsland, Estland, Finland, Frankrijk, Griekenland, Hongarije, Ierland, Itali\u00eb, Letland, Litouwen, Luxemburg, Malta, Nederland, Oostenrijk, Polen, Portugal, Roemeni\u00eb, Sloveni\u00eb, Slowakije, Spanje, Tsjechi\u00eb en Zweden).<\/p>\n","protected":false},"featured_media":44507,"template":"","meta":{"footnotes":""},"product_brand":[],"product_cat":[7180],"class_list":{"0":"post-71496","1":"product","2":"type-product","3":"status-publish","4":"has-post-thumbnail","6":"product_cat-accessoires-nl","7":"product_shipping_class-colissimo","9":"first","10":"instock","11":"sale","12":"taxable","13":"shipping-taxable","14":"purchasable","15":"product-type-simple"},"aioseo_notices":[],"_links":{"self":[{"href":"https:\/\/diamant-strass-dmc.com\/nl\/wp-json\/wp\/v2\/product\/71496","targetHints":{"allow":["GET"]}}],"collection":[{"href":"https:\/\/diamant-strass-dmc.com\/nl\/wp-json\/wp\/v2\/product"}],"about":[{"href":"https:\/\/diamant-strass-dmc.com\/nl\/wp-json\/wp\/v2\/types\/product"}],"version-history":[{"count":2,"href":"https:\/\/diamant-strass-dmc.com\/nl\/wp-json\/wp\/v2\/product\/71496\/revisions"}],"predecessor-version":[{"id":100102,"href":"https:\/\/diamant-strass-dmc.com\/nl\/wp-json\/wp\/v2\/product\/71496\/revisions\/100102"}],"wp:featuredmedia":[{"embeddable":true,"href":"https:\/\/diamant-strass-dmc.com\/nl\/wp-json\/wp\/v2\/media\/44507"}],"wp:attachment":[{"href":"https:\/\/diamant-strass-dmc.com\/nl\/wp-json\/wp\/v2\/media?parent=71496"}],"wp:term":[{"taxonomy":"product_brand","embeddable":true,"href":"https:\/\/diamant-strass-dmc.com\/nl\/wp-json\/wp\/v2\/product_brand?post=71496"},{"taxonomy":"product_cat","embeddable":true,"href":"https:\/\/diamant-strass-dmc.com\/nl\/wp-json\/wp\/v2\/product_cat?post=71496"}],"curies":[{"name":"wp","href":"https:\/\/api.w.org\/{rel}","templated":true}]}}