{"id":46234,"date":"2022-08-30T22:19:36","date_gmt":"2022-08-30T20:19:36","guid":{"rendered":"https:\/\/diamant-strass-dmc.com\/perles-broderie\/uitlijningsliniaal-voor-diamantborduurwerk\/"},"modified":"2024-09-17T17:41:18","modified_gmt":"2024-09-17T15:41:18","slug":"liniaal-uitlijning-diamant","status":"publish","type":"product","link":"https:\/\/diamant-strass-dmc.com\/nl\/perles-broderie\/liniaal-uitlijning-diamant\/","title":{"rendered":"Uitlijningsregel voor diamantschilderen"},"content":{"rendered":"<p>Met deze regel kunt u uw diamanten perfect uitlijnen.<\/p>\n<p>Door te kiezen voor &#8220;\u00e9\u00e9n liniaal van elk&#8221;, ontvang je twee linialen: \u00e9\u00e9n voor ronde diamanten en \u00e9\u00e9n voor vierkante diamanten.<\/p>\n<p>De liniaal is sterk maar <strong>opzettelijk zeer dun<\/strong>, zodat hij niet aan de ruiten blijft haken wanneer hij van het doek wordt getild.<\/p>\n<p>1\/ Leg de liniaal op je doek en plak elke ruit in de daarvoor bestemde ruimte.<\/p>\n<p>2\/ Verwijder vervolgens voorzichtig de liniaal door deze lichtjes te buigen (de flexibiliteit laat dit toe).<\/p>\n<div style=\"order: 6; border: 1px solid grey; padding: 10px 10px 0 10px; display: block; font-size: 14px; margin-bottom: 20px;\">\n<p>De ronde diamantliniaal heeft voor elke diamant een ruimte in het gebied waar hij zal worden geplaatst, terwijl de vierkante diamantliniaal ze niet allemaal laat zien.<\/p>\n<p>Maar het <strong>resultaat van een perfecte uitlijning zal hetzelfde zijn<\/strong>, want zodra de vierkante diamanten zijn geplaatst en de liniaal van het doek is verwijderd, hoeft u de diamanten alleen nog maar te lijmen op de plaatsen die de liniaal niet onthulde.<\/p>\n<p>En deze zullen noodzakelijkerwijs perfect geplaatst zijn omdat ze tegen de reeds gelijmde en goed uitgelijnde diamanten worden geplaatst.<\/p>\n<p>&nbsp;&nbsp;<\/p>\n<\/div>\n","protected":false},"excerpt":{"rendered":"<ul>\n<li>Liniaal voor ronde diamanten: 11,5 x 3 cm ;<\/li>\n<li>Liniaal voor vierkante diamanten: 15,5 x 4,5 cm.<\/p>\n<\/li>\n<\/ul>\n","protected":false},"featured_media":70894,"template":"","meta":{"footnotes":""},"product_brand":[],"product_cat":[7283,7180],"class_list":{"0":"post-46234","1":"product","2":"type-product","3":"status-publish","4":"has-post-thumbnail","6":"product_cat-promo-nl","7":"product_cat-accessoires-nl","9":"first","10":"instock","11":"sale","12":"taxable","13":"shipping-taxable","14":"purchasable","15":"product-type-variable","16":"has-default-attributes"},"aioseo_notices":[],"_links":{"self":[{"href":"https:\/\/diamant-strass-dmc.com\/nl\/wp-json\/wp\/v2\/product\/46234","targetHints":{"allow":["GET"]}}],"collection":[{"href":"https:\/\/diamant-strass-dmc.com\/nl\/wp-json\/wp\/v2\/product"}],"about":[{"href":"https:\/\/diamant-strass-dmc.com\/nl\/wp-json\/wp\/v2\/types\/product"}],"version-history":[{"count":9,"href":"https:\/\/diamant-strass-dmc.com\/nl\/wp-json\/wp\/v2\/product\/46234\/revisions"}],"predecessor-version":[{"id":77567,"href":"https:\/\/diamant-strass-dmc.com\/nl\/wp-json\/wp\/v2\/product\/46234\/revisions\/77567"}],"wp:featuredmedia":[{"embeddable":true,"href":"https:\/\/diamant-strass-dmc.com\/nl\/wp-json\/wp\/v2\/media\/70894"}],"wp:attachment":[{"href":"https:\/\/diamant-strass-dmc.com\/nl\/wp-json\/wp\/v2\/media?parent=46234"}],"wp:term":[{"taxonomy":"product_brand","embeddable":true,"href":"https:\/\/diamant-strass-dmc.com\/nl\/wp-json\/wp\/v2\/product_brand?post=46234"},{"taxonomy":"product_cat","embeddable":true,"href":"https:\/\/diamant-strass-dmc.com\/nl\/wp-json\/wp\/v2\/product_cat?post=46234"}],"curies":[{"name":"wp","href":"https:\/\/api.w.org\/{rel}","templated":true}]}}