{"id":64819,"date":"2023-11-13T16:46:02","date_gmt":"2023-11-14T16:16:13","guid":{"rendered":"https:\/\/diamant-strass-dmc.com\/perles-broderie\/nuancier-dmc-du-diamond-painting-tableur-excel-xlsx-a-telecharger\/"},"modified":"2024-02-25T19:05:04","modified_gmt":"2024-02-25T18:05:04","slug":"tabella-colori-diamond-painting-dmc-foglio-calcolo-excel-xlsx-scaricare","status":"publish","type":"product","link":"https:\/\/diamant-strass-dmc.com\/it\/perles-broderie\/tabella-colori-diamond-painting-dmc-foglio-calcolo-excel-xlsx-scaricare\/","title":{"rendered":"Tabella dei colori per la pittura a diamante DMC (foglio di calcolo Excel XLSX da scaricare)"},"content":{"rendered":"<p><strong>File in formato .xlsx<\/strong> (foglio elettronico compatibile con Excel, Google Sheets, OpenOffice, LibreOffice, ecc.)<\/p>\n<ul>\n<li>I <strong>447 colori DMC<\/strong> della pittura a diamante;<\/li>\n<li>Liberamente modificabile (ordinare, convertire in PDF&#8230;) ;<\/li>\n<li><strong>2 schede<\/strong>: ordinamento per numero di DMC e ordinamento per tonalit\u00e0 di colore;<\/li>\n<li>Posizione&#8221; per tornare all&#8217;ordine iniziale.<\/li>\n<\/ul>\n<style><!-- .enkar2div { display:none; } .pi-edd { display:none; } button.single_add_to_cart_button.button.alt { margin-bottom: 20px !important; } .contentpremier { visibility:hidden; } .contentsecond { display:none; } .premier { margin:0; } ul { margin-left:20px; } --><\/style>\n","protected":false},"excerpt":{"rendered":"<p style=\"color: blue;\"><span style=\"text-decoration: underline;\"><strong>IMPORTANTE<\/strong><\/span>: Questo \u00e8 un prodotto virtuale: \u00e8 un file che si pu\u00f2 scaricare subito dopo l&#8217;acquisto per stamparlo a casa. Nessun prodotto fisico verr\u00e0 inviato al vostro indirizzo.<\/p>\n","protected":false},"featured_media":64686,"template":"","meta":{"footnotes":""},"product_brand":[],"product_cat":[7232],"class_list":{"0":"post-64819","1":"product","2":"type-product","3":"status-publish","4":"has-post-thumbnail","6":"product_cat-file-da-scaricare","8":"first","9":"instock","10":"sale","11":"downloadable","12":"virtual","13":"sold-individually","14":"taxable","15":"purchasable","16":"product-type-simple"},"aioseo_notices":[],"_links":{"self":[{"href":"https:\/\/diamant-strass-dmc.com\/it\/wp-json\/wp\/v2\/product\/64819","targetHints":{"allow":["GET"]}}],"collection":[{"href":"https:\/\/diamant-strass-dmc.com\/it\/wp-json\/wp\/v2\/product"}],"about":[{"href":"https:\/\/diamant-strass-dmc.com\/it\/wp-json\/wp\/v2\/types\/product"}],"version-history":[{"count":0,"href":"https:\/\/diamant-strass-dmc.com\/it\/wp-json\/wp\/v2\/product\/64819\/revisions"}],"wp:featuredmedia":[{"embeddable":true,"href":"https:\/\/diamant-strass-dmc.com\/it\/wp-json\/wp\/v2\/media\/64686"}],"wp:attachment":[{"href":"https:\/\/diamant-strass-dmc.com\/it\/wp-json\/wp\/v2\/media?parent=64819"}],"wp:term":[{"taxonomy":"product_brand","embeddable":true,"href":"https:\/\/diamant-strass-dmc.com\/it\/wp-json\/wp\/v2\/product_brand?post=64819"},{"taxonomy":"product_cat","embeddable":true,"href":"https:\/\/diamant-strass-dmc.com\/it\/wp-json\/wp\/v2\/product_cat?post=64819"}],"curies":[{"name":"wp","href":"https:\/\/api.w.org\/{rel}","templated":true}]}}