{"id":61512,"date":"2023-09-15T02:03:33","date_gmt":"2023-09-15T00:09:04","guid":{"rendered":"https:\/\/diamant-strass-dmc.com\/perles-broderie\/nuancier-dmc-diamond-pittura-par-nuance-pdf-telecharger\/"},"modified":"2024-02-25T19:04:59","modified_gmt":"2024-02-25T18:04:59","slug":"nuancier-dmc-diamond-pittura-par-nuance-pdf-telecharger","status":"publish","type":"product","link":"https:\/\/diamant-strass-dmc.com\/it\/perles-broderie\/nuancier-dmc-diamond-pittura-par-nuance-pdf-telecharger\/","title":{"rendered":"Tabella dei colori DMC per tonalit\u00e0 per la pittura a diamante (file PDF da scaricare)"},"content":{"rendered":"<ul>\n<li>I <strong>447 colori DMC<\/strong> della pittura a diamante in <strong>6 pagine stampabili<\/strong>;<\/li>\n<li><strong>Colori ordinati per tonalit\u00e0<\/strong>;<\/li>\n<li>Formato PDF che garantisce <strong>una stampa perfetta<\/strong> nei colori DMC;<\/li>\n<li>Pagine <strong>A4<\/strong> pronte per la stampa.<\/li>\n<\/ul>\n<p><img loading=\"lazy\" decoding=\"async\" class=\"alignnone size-full wp-image-64640\" src=\"https:\/\/diamant-strass-dmc.com\/wp-content\/uploads\/2023\/09\/colorbyshades.jpg\" alt=\"\" width=\"766\" height=\"469\" srcset=\"https:\/\/diamant-strass-dmc.com\/wp-content\/uploads\/2023\/09\/colorbyshades.jpg 766w, https:\/\/diamant-strass-dmc.com\/wp-content\/uploads\/2023\/09\/colorbyshades-300x184.jpg 300w, https:\/\/diamant-strass-dmc.com\/wp-content\/uploads\/2023\/09\/colorbyshades-416x255.jpg 416w, https:\/\/diamant-strass-dmc.com\/wp-content\/uploads\/2023\/09\/colorbyshades-324x198.jpg 324w\" sizes=\"auto, (max-width: 766px) 100vw, 766px\" \/><\/p>\n<style><!-- .enkar2div { display:none; } .pi-edd { display:none; } button.single_add_to_cart_button.button.alt { margin-bottom: 20px !important; } .contentpremier { visibility:hidden; } .contentsecond { display:none; } .premier { margin:0; } ul { margin-left:20px; } --><\/style>\n","protected":false},"excerpt":{"rendered":"<p style=\"color: blue;\"><span style=\"text-decoration: underline;\"><strong>IMPORTANTE<\/strong><\/span>: Questo \u00e8 un prodotto virtuale: \u00e8 un file che si pu\u00f2 scaricare subito dopo l&#8217;acquisto per stamparlo a casa. Nessun prodotto fisico verr\u00e0 inviato al vostro indirizzo.<\/p>\n","protected":false},"featured_media":64570,"template":"","meta":{"footnotes":""},"product_brand":[],"product_cat":[7232],"class_list":{"0":"post-61512","1":"product","2":"type-product","3":"status-publish","4":"has-post-thumbnail","6":"product_cat-file-da-scaricare","8":"first","9":"instock","10":"sale","11":"downloadable","12":"virtual","13":"sold-individually","14":"taxable","15":"purchasable","16":"product-type-simple"},"aioseo_notices":[],"_links":{"self":[{"href":"https:\/\/diamant-strass-dmc.com\/it\/wp-json\/wp\/v2\/product\/61512","targetHints":{"allow":["GET"]}}],"collection":[{"href":"https:\/\/diamant-strass-dmc.com\/it\/wp-json\/wp\/v2\/product"}],"about":[{"href":"https:\/\/diamant-strass-dmc.com\/it\/wp-json\/wp\/v2\/types\/product"}],"version-history":[{"count":0,"href":"https:\/\/diamant-strass-dmc.com\/it\/wp-json\/wp\/v2\/product\/61512\/revisions"}],"wp:featuredmedia":[{"embeddable":true,"href":"https:\/\/diamant-strass-dmc.com\/it\/wp-json\/wp\/v2\/media\/64570"}],"wp:attachment":[{"href":"https:\/\/diamant-strass-dmc.com\/it\/wp-json\/wp\/v2\/media?parent=61512"}],"wp:term":[{"taxonomy":"product_brand","embeddable":true,"href":"https:\/\/diamant-strass-dmc.com\/it\/wp-json\/wp\/v2\/product_brand?post=61512"},{"taxonomy":"product_cat","embeddable":true,"href":"https:\/\/diamant-strass-dmc.com\/it\/wp-json\/wp\/v2\/product_cat?post=61512"}],"curies":[{"name":"wp","href":"https:\/\/api.w.org\/{rel}","templated":true}]}}