{"id":61337,"date":"2023-09-11T16:25:12","date_gmt":"2023-09-11T17:12:03","guid":{"rendered":"https:\/\/diamant-strass-dmc.com\/perles-broderie\/scaricare-nuancier-dmc-diamond-painting-pdf\/"},"modified":"2024-02-25T19:04:54","modified_gmt":"2024-02-25T18:04:54","slug":"scaricare-nuancier-dmc-diamond-painting-pdf","status":"publish","type":"product","link":"https:\/\/diamant-strass-dmc.com\/it\/perles-broderie\/scaricare-nuancier-dmc-diamond-painting-pdf\/","title":{"rendered":"Tabella dei colori DMC per la pittura a diamante (file PDF da scaricare)"},"content":{"rendered":"<ul>\n<li>I <strong>447 colori DMC<\/strong> della pittura a diamante in <strong>6 pagine stampabili<\/strong>;<\/li>\n<li>I file in formato PDF garantiscono una <strong>stampa perfetta<\/strong> nei colori DMC;<\/li>\n<li>Pagine <strong>A4<\/strong> pronte per la stampa.<\/li>\n<\/ul>\n<style><!-- .enkar2div { display:none; } .pi-edd { display:none; } button.single_add_to_cart_button.button.alt { margin-bottom: 20px !important; } .contentpremier { visibility:hidden; } .contentsecond { display:none; } .premier { margin:0; } ul { margin-left:20px; } --><\/style>\n","protected":false},"excerpt":{"rendered":"<p style=\"color: blue;\"><span style=\"text-decoration: underline;\"><strong>IMPORTANTE:<\/strong><\/span> Questo \u00e8 un prodotto virtuale: \u00e8 un file che si pu\u00f2 scaricare subito dopo l&#8217;acquisto per stamparlo a casa. Nessun prodotto fisico verr\u00e0 inviato al vostro indirizzo.<\/p>\n","protected":false},"featured_media":64615,"template":"","meta":{"footnotes":""},"product_brand":[],"product_cat":[7232],"class_list":{"0":"post-61337","1":"product","2":"type-product","3":"status-publish","4":"has-post-thumbnail","6":"product_cat-file-da-scaricare","8":"first","9":"instock","10":"sale","11":"downloadable","12":"virtual","13":"sold-individually","14":"taxable","15":"purchasable","16":"product-type-simple"},"aioseo_notices":[],"_links":{"self":[{"href":"https:\/\/diamant-strass-dmc.com\/it\/wp-json\/wp\/v2\/product\/61337","targetHints":{"allow":["GET"]}}],"collection":[{"href":"https:\/\/diamant-strass-dmc.com\/it\/wp-json\/wp\/v2\/product"}],"about":[{"href":"https:\/\/diamant-strass-dmc.com\/it\/wp-json\/wp\/v2\/types\/product"}],"version-history":[{"count":0,"href":"https:\/\/diamant-strass-dmc.com\/it\/wp-json\/wp\/v2\/product\/61337\/revisions"}],"wp:featuredmedia":[{"embeddable":true,"href":"https:\/\/diamant-strass-dmc.com\/it\/wp-json\/wp\/v2\/media\/64615"}],"wp:attachment":[{"href":"https:\/\/diamant-strass-dmc.com\/it\/wp-json\/wp\/v2\/media?parent=61337"}],"wp:term":[{"taxonomy":"product_brand","embeddable":true,"href":"https:\/\/diamant-strass-dmc.com\/it\/wp-json\/wp\/v2\/product_brand?post=61337"},{"taxonomy":"product_cat","embeddable":true,"href":"https:\/\/diamant-strass-dmc.com\/it\/wp-json\/wp\/v2\/product_cat?post=61337"}],"curies":[{"name":"wp","href":"https:\/\/api.w.org\/{rel}","templated":true}]}}