{"id":46352,"date":"2022-09-06T18:03:14","date_gmt":"2022-10-05T00:01:49","guid":{"rendered":"https:\/\/diamant-strass-dmc.com\/perles-broderie\/3-ruote-rullo-adesivo\/"},"modified":"2023-12-03T18:37:15","modified_gmt":"2023-12-03T17:37:15","slug":"roulette-brodery-diamond-pittura","status":"publish","type":"product","link":"https:\/\/diamant-strass-dmc.com\/it\/perles-broderie\/roulette-brodery-diamond-pittura\/","title":{"rendered":"3 ruote + rullo adesivo"},"content":{"rendered":"<p>1\/ <strong>Applicare un pezzo di nastro adesivo<\/strong> intorno alla ruota;<br \/>\n2\/ Far girare la ruota nel vassoio per <strong>prendere i diamanti<\/strong>;<br \/>\n3\/ Far scorrere il rullo sulla tela per <strong>attaccare i diamanti<\/strong>.<\/p>\n<p>Posizionare pi\u00f9 diamanti con le rotelle fornite in questo kit, di 3 diversi diametri in base alle proprie esigenze (pi\u00f9 grande \u00e8 la rotella, pi\u00f9 diamanti si possono posizionare).<\/p>\n<p>Le rotelle sono saldamente fissate all&#8217;estremit\u00e0 del loro mandrino con una filettatura a vite e vengono forniti 3 mandrini, in modo da poter usufruire di rotelle di diverse dimensioni senza doverle smontare ogni volta.<\/p>\n<p>Viene fornito anche un rotolo di nastro adesivo della larghezza delle rotelle.<\/p>\n<p><strong>La roulette richiede un po&#8217; di pratica, ma una volta che l&#8217;avrete imparata, non potrete pi\u00f9 farne a meno!<\/strong><\/p>\n","protected":false},"excerpt":{"rendered":"<p><strong>Questo kit contiene :<\/strong><\/p>\n<ul>\n<li><strong>3 ruote<\/strong> (diametro 3 cm, 4 cm e 5 cm) ;<\/li>\n<li><strong>3 aste<\/strong> per ripararle;<\/li>\n<li><strong>1 rotolo di nastro adesivo<\/strong>.<\/li>\n<\/ul>\n","protected":false},"featured_media":44341,"template":"","meta":{"footnotes":""},"product_brand":[],"product_cat":[7173],"class_list":{"0":"post-46352","1":"product","2":"type-product","3":"status-publish","4":"has-post-thumbnail","6":"product_cat-accessoristica","8":"first","9":"instock","10":"sale","11":"taxable","12":"shipping-taxable","13":"purchasable","14":"product-type-simple"},"aioseo_notices":[],"_links":{"self":[{"href":"https:\/\/diamant-strass-dmc.com\/it\/wp-json\/wp\/v2\/product\/46352","targetHints":{"allow":["GET"]}}],"collection":[{"href":"https:\/\/diamant-strass-dmc.com\/it\/wp-json\/wp\/v2\/product"}],"about":[{"href":"https:\/\/diamant-strass-dmc.com\/it\/wp-json\/wp\/v2\/types\/product"}],"version-history":[{"count":0,"href":"https:\/\/diamant-strass-dmc.com\/it\/wp-json\/wp\/v2\/product\/46352\/revisions"}],"wp:featuredmedia":[{"embeddable":true,"href":"https:\/\/diamant-strass-dmc.com\/it\/wp-json\/wp\/v2\/media\/44341"}],"wp:attachment":[{"href":"https:\/\/diamant-strass-dmc.com\/it\/wp-json\/wp\/v2\/media?parent=46352"}],"wp:term":[{"taxonomy":"product_brand","embeddable":true,"href":"https:\/\/diamant-strass-dmc.com\/it\/wp-json\/wp\/v2\/product_brand?post=46352"},{"taxonomy":"product_cat","embeddable":true,"href":"https:\/\/diamant-strass-dmc.com\/it\/wp-json\/wp\/v2\/product_cat?post=46352"}],"curies":[{"name":"wp","href":"https:\/\/api.w.org\/{rel}","templated":true}]}}