{"id":46321,"date":"2022-09-22T02:40:14","date_gmt":"2022-10-05T00:01:44","guid":{"rendered":"https:\/\/diamant-strass-dmc.com\/perles-broderie\/10-fogli-antiaderenti-di-copertura-di-tela\/"},"modified":"2024-09-16T18:40:56","modified_gmt":"2024-09-16T16:40:56","slug":"fogli-antiadesivi-copertura-piastrella","status":"publish","type":"product","link":"https:\/\/diamant-strass-dmc.com\/it\/perles-broderie\/fogli-antiadesivi-copertura-piastrella\/","title":{"rendered":"Fogli antiaderenti per coperture in tela"},"content":{"rendered":"<p>Pu\u00f2 essere staccato e incollato pi\u00f9 volte.<br \/>\n\u00c8 molto pi\u00f9 efficiente e divertente, perch\u00e9 puoi lavorare in piccole aree<strong> senza essere ostacolato<\/strong> dal grande foglio originale, che spesso finisce per non aderire. <\/p>\n","protected":false},"excerpt":{"rendered":"<p style=\"display:none;\">ok<\/p>\n","protected":false},"featured_media":45363,"template":"","meta":{"footnotes":""},"product_brand":[],"product_cat":[7173,7281],"class_list":{"0":"post-46321","1":"product","2":"type-product","3":"status-publish","4":"has-post-thumbnail","6":"product_cat-accessoristica","7":"product_cat-promo-it","9":"first","10":"instock","11":"sale","12":"taxable","13":"shipping-taxable","14":"purchasable","15":"product-type-variable","16":"has-default-attributes"},"aioseo_notices":[],"_links":{"self":[{"href":"https:\/\/diamant-strass-dmc.com\/it\/wp-json\/wp\/v2\/product\/46321","targetHints":{"allow":["GET"]}}],"collection":[{"href":"https:\/\/diamant-strass-dmc.com\/it\/wp-json\/wp\/v2\/product"}],"about":[{"href":"https:\/\/diamant-strass-dmc.com\/it\/wp-json\/wp\/v2\/types\/product"}],"version-history":[{"count":1,"href":"https:\/\/diamant-strass-dmc.com\/it\/wp-json\/wp\/v2\/product\/46321\/revisions"}],"predecessor-version":[{"id":76927,"href":"https:\/\/diamant-strass-dmc.com\/it\/wp-json\/wp\/v2\/product\/46321\/revisions\/76927"}],"wp:featuredmedia":[{"embeddable":true,"href":"https:\/\/diamant-strass-dmc.com\/it\/wp-json\/wp\/v2\/media\/45363"}],"wp:attachment":[{"href":"https:\/\/diamant-strass-dmc.com\/it\/wp-json\/wp\/v2\/media?parent=46321"}],"wp:term":[{"taxonomy":"product_brand","embeddable":true,"href":"https:\/\/diamant-strass-dmc.com\/it\/wp-json\/wp\/v2\/product_brand?post=46321"},{"taxonomy":"product_cat","embeddable":true,"href":"https:\/\/diamant-strass-dmc.com\/it\/wp-json\/wp\/v2\/product_cat?post=46321"}],"curies":[{"name":"wp","href":"https:\/\/api.w.org\/{rel}","templated":true}]}}