{"id":75746,"date":"2024-09-07T14:26:25","date_gmt":"2024-09-07T12:26:25","guid":{"rendered":"https:\/\/diamant-strass-dmc.com\/faq\/"},"modified":"2024-09-07T18:13:57","modified_gmt":"2024-09-07T16:13:57","slug":"faq","status":"publish","type":"page","link":"https:\/\/diamant-strass-dmc.com\/it\/faq\/","title":{"rendered":"Domande frequenti"},"content":{"rendered":"<div  class=\"ewd-ufaq-faq-list ewd-ufaq-page-type-distinct ewd-ufaq-category-tabs-\" id='ewd-ufaq-faq-list'>\n\n\t<input type='hidden' name='show_on_load' value='' id='ewd-ufaq-show-on-load' \/>\n<input type='hidden' name='include_category' value='' id='ewd-ufaq-include-category' \/>\n<input type='hidden' name='exclude_category' value='' id='ewd-ufaq-exclude-category' \/>\n<input type='hidden' name='orderby' value='date' id='ewd-ufaq-orderby' \/>\n<input type='hidden' name='order' value='asc' id='ewd-ufaq-order' \/>\n<input type='hidden' name='post_count' value='-1' id='ewd-ufaq-post-count' \/>\n<input type='hidden' name='current_url' value='\/it\/wp-json\/wp\/v2\/pages\/75746' id='ewd-ufaq-current-url' \/>\n\t\n\t\n\t<div class='ewd-ufaq-faqs'>\n\n\t\t<div  class=\"ewd-ufaq-faq-div ewd-ufaq-faq-column-count-one ewd-ufaq-faq-responsive-columns- ewd-ufaq-faq-display-style-default ewd-ufaq-can-be-toggled\" id='ewd-ufaq-post-75830-k5yLzPgD4o' data-post_id='75830'>\n\n\t\t\n\t<div class='ewd-ufaq-faq-title ewd-ufaq-faq-toggle'>\n\t\n\t<a class='ewd-ufaq-post-margin'  href='#' role=\"button\">\n\n\t\t<div class='ewd-ufaq-post-margin-symbol ewd-ufaq-'>\n\t\t\t<span >a<\/span>\n\t\t<\/div>\n\n\t\t<div class='ewd-ufaq-faq-title-text'>\n\n\t\t\t<h4>\n\t\t\t\tQuando ricever\u00f2 il mio ordine?\t\t\t<\/h4>\n\n\t\t<\/div>\n\n\t\t<div class='ewd-ufaq-clear'><\/div>\n\n\t<\/a>\n\t\n<\/div>\n\t\n\t<div class='ewd-ufaq-faq-body ewd-ufaq-hidden' >\n\n\t\t\n\t\t\t\n\t\t\n\t\t\t<div class='ewd-ufaq-post-margin ewd-ufaq-faq-post'>\n\t<p>Gli ordini vengono spediti il giorno stesso, ma gli ordini effettuati nel fine settimana vengono elaborati dai servizi postali il luned\u00ec.<\/p>\n<p>I tempi di consegna sono specificati nell&#8217;e-mail di conferma dell&#8217;ordine (riga &#8220;spedizione&#8221;).<br \/>\nI &#8220;giorni lavorativi&#8221; non includono la domenica. <\/p>\n<\/div>\n\t\t\n\t\t\t\n\t\t\n\t\t\t\n\t\t\n\t\t\t\n\t\t\n\t\t\t\n\t\t\n\t\t\t\n\t\t\n\t\t\t\n\t\t\n\t\t\t\n\t\t\n\t\t\t\n\t\t\n\t<\/div>\n\n<\/div><div  class=\"ewd-ufaq-faq-div ewd-ufaq-faq-column-count-one ewd-ufaq-faq-responsive-columns- ewd-ufaq-faq-display-style-default ewd-ufaq-can-be-toggled\" id='ewd-ufaq-post-75848-TYGDaowAFC' data-post_id='75848'>\n\n\t\t\n\t<div class='ewd-ufaq-faq-title ewd-ufaq-faq-toggle'>\n\t\n\t<a class='ewd-ufaq-post-margin'  href='#' role=\"button\">\n\n\t\t<div class='ewd-ufaq-post-margin-symbol ewd-ufaq-'>\n\t\t\t<span >a<\/span>\n\t\t<\/div>\n\n\t\t<div class='ewd-ufaq-faq-title-text'>\n\n\t\t\t<h4>\n\t\t\t\tIl mio ordine non \u00e8 arrivato\t\t\t<\/h4>\n\n\t\t<\/div>\n\n\t\t<div class='ewd-ufaq-clear'><\/div>\n\n\t<\/a>\n\t\n<\/div>\n\t\n\t<div class='ewd-ufaq-faq-body ewd-ufaq-hidden' >\n\n\t\t\n\t\t\t\n\t\t\n\t\t\t<div class='ewd-ufaq-post-margin ewd-ufaq-faq-post'>\n\t<p>Se il tuo ordine non \u00e8 arrivato entro la data di consegna prevista (vedi sopra &#8220;Quando ricever\u00f2 il mio ordine?&#8221;), inizia a controllare che il tuo indirizzo di consegna sia completo e privo di errori.<\/p>\n<p><strong>Ti preghiamo quindi di attendere qualche giorno in pi\u00f9 (3 giorni lavorativi in pi\u00f9 per la Francia e 5 giorni lavorativi in pi\u00f9 per gli altri paesi) prima di contattarci.<\/strong><\/p>\n<p>A volte i servizi postali hanno uno o pi\u00f9 giorni di ritardo e purtroppo non possiamo evitarlo.<\/p>\n<p>Se dopo questi giorni supplementari non hai ancora ricevuto la consegna, \u00e8 possibile che la spedizione sia stata smarrita dai servizi postali. Se ci\u00f2 accade <span style=\"text-decoration: underline\"><a href=\"\/it\/contact\/\"><strong>contattaci all&#8217;indirizzo<\/strong><\/a><\/span> specificando il numero d&#8217;ordine e provvederemo a rispedire il tuo ordine con un numero di tracking che ti verr\u00e0 comunicato per una migliore tracciabilit\u00e0. <\/p>\n<p>Per risparmiare tempo ed evitare un ulteriore scambio con il nostro servizio post-vendita, ti preghiamo di comunicarci che hai gi\u00e0 controllato l&#8217;indirizzo di consegna (o di fornirci l&#8217;indirizzo corretto se era incompleto o errato).<\/p>\n<\/div>\n\t\t\n\t\t\t\n\t\t\n\t\t\t\n\t\t\n\t\t\t\n\t\t\n\t\t\t\n\t\t\n\t\t\t\n\t\t\n\t\t\t\n\t\t\n\t\t\t\n\t\t\n\t\t\t\n\t\t\n\t<\/div>\n\n<\/div><div  class=\"ewd-ufaq-faq-div ewd-ufaq-faq-column-count-one ewd-ufaq-faq-responsive-columns- ewd-ufaq-faq-display-style-default ewd-ufaq-can-be-toggled\" id='ewd-ufaq-post-75780-itVZC0UOfz' data-post_id='75780'>\n\n\t\t\n\t<div class='ewd-ufaq-faq-title ewd-ufaq-faq-toggle'>\n\t\n\t<a class='ewd-ufaq-post-margin'  href='#' role=\"button\">\n\n\t\t<div class='ewd-ufaq-post-margin-symbol ewd-ufaq-'>\n\t\t\t<span >a<\/span>\n\t\t<\/div>\n\n\t\t<div class='ewd-ufaq-faq-title-text'>\n\n\t\t\t<h4>\n\t\t\t\tNon ho un numero di tracciamento\t\t\t<\/h4>\n\n\t\t<\/div>\n\n\t\t<div class='ewd-ufaq-clear'><\/div>\n\n\t<\/a>\n\t\n<\/div>\n\t\n\t<div class='ewd-ufaq-faq-body ewd-ufaq-hidden' >\n\n\t\t\n\t\t\t\n\t\t\n\t\t\t<div class='ewd-ufaq-post-margin ewd-ufaq-faq-post'>\n\t<p>In conformit\u00e0 con le nostre condizioni generali di vendita e al fine di offrire tariffe di spedizione pi\u00f9 vantaggiose, solo gli ordini superiori a 15 euro vengono inviati con un numero di tracciamento.<\/p>\n<p>Se l&#8217;ordine \u00e8 stato effettuato in una valuta diversa dall&#8217;euro, il tasso di cambio del giorno dell&#8217;ordine sar\u00e0 utilizzato per convertirlo in 15\u20ac.<\/p>\n<p>Se il tuo ordine \u00e8 superiore a 15 euro, troverai il numero di tracking nell&#8217;e-mail di conferma della spedizione.<\/p>\n<\/div>\n\t\t\n\t\t\t\n\t\t\n\t\t\t\n\t\t\n\t\t\t\n\t\t\n\t\t\t\n\t\t\n\t\t\t\n\t\t\n\t\t\t\n\t\t\n\t\t\t\n\t\t\n\t\t\t\n\t\t\n\t<\/div>\n\n<\/div><div  class=\"ewd-ufaq-faq-div ewd-ufaq-faq-column-count-one ewd-ufaq-faq-responsive-columns- ewd-ufaq-faq-display-style-default ewd-ufaq-can-be-toggled\" id='ewd-ufaq-post-75849-lDvDUQOzbx' data-post_id='75849'>\n\n\t\t\n\t<div class='ewd-ufaq-faq-title ewd-ufaq-faq-toggle'>\n\t\n\t<a class='ewd-ufaq-post-margin'  href='#' role=\"button\">\n\n\t\t<div class='ewd-ufaq-post-margin-symbol ewd-ufaq-'>\n\t\t\t<span >a<\/span>\n\t\t<\/div>\n\n\t\t<div class='ewd-ufaq-faq-title-text'>\n\n\t\t\t<h4>\n\t\t\t\tIl mio ordine non compare nel mio account\t\t\t<\/h4>\n\n\t\t<\/div>\n\n\t\t<div class='ewd-ufaq-clear'><\/div>\n\n\t<\/a>\n\t\n<\/div>\n\t\n\t<div class='ewd-ufaq-faq-body ewd-ufaq-hidden' >\n\n\t\t\n\t\t\t\n\t\t\n\t\t\t<div class='ewd-ufaq-post-margin ewd-ufaq-faq-post'>\n\t<p>Non \u00e8 necessario creare un account per effettuare un ordine.<\/p>\n<p>Se hai effettuato il login quando hai confermato l&#8217;ordine, lo troverai l\u00ec.<\/p>\n<p>Tuttavia, se hai creato il tuo account dopo aver effettuato l&#8217;ordine, non potrai trovarlo nel tuo account, anche se crei un account con lo stesso indirizzo e-mail utilizzato per effettuare l&#8217;ordine.<\/p>\n<p>Lo stesso vale se hai gi\u00e0 un account ma non hai effettuato il login al momento della conferma dell&#8217;ordine, per motivi di sicurezza.<\/p>\n<p>Se desideri collegare un ordine al tuo account, non utilizzare il nostro modulo di contatto, ma invia un&#8217;e-mail a <span style=\"text-decoration: underline\">contact@diamant-strass-dmc.com<\/span> dallo stesso indirizzo e-mail utilizzato per accedere al tuo account, che deve essere lo stesso utilizzato per effettuare l&#8217;ordine.<br \/>\nIn questa e-mail, specifica che desideri collegare il tuo ordine al tuo account, indicando anche il numero dell&#8217;ordine. <\/p>\n<p>Il tuo ordine sar\u00e0 poi collegato al tuo account entro 24 ore.<\/p>\n<\/div>\n\t\t\n\t\t\t\n\t\t\n\t\t\t\n\t\t\n\t\t\t\n\t\t\n\t\t\t\n\t\t\n\t\t\t\n\t\t\n\t\t\t\n\t\t\n\t\t\t\n\t\t\n\t\t\t\n\t\t\n\t<\/div>\n\n<\/div><div  class=\"ewd-ufaq-faq-div ewd-ufaq-faq-column-count-one ewd-ufaq-faq-responsive-columns- ewd-ufaq-faq-display-style-default ewd-ufaq-can-be-toggled\" id='ewd-ufaq-post-75810-qj2klinF3J' data-post_id='75810'>\n\n\t\t\n\t<div class='ewd-ufaq-faq-title ewd-ufaq-faq-toggle'>\n\t\n\t<a class='ewd-ufaq-post-margin'  href='#' role=\"button\">\n\n\t\t<div class='ewd-ufaq-post-margin-symbol ewd-ufaq-'>\n\t\t\t<span >a<\/span>\n\t\t<\/div>\n\n\t\t<div class='ewd-ufaq-faq-title-text'>\n\n\t\t\t<h4>\n\t\t\t\tHo la sensazione che non ci siano 200 perle nella mia borsa.\t\t\t<\/h4>\n\n\t\t<\/div>\n\n\t\t<div class='ewd-ufaq-clear'><\/div>\n\n\t<\/a>\n\t\n<\/div>\n\t\n\t<div class='ewd-ufaq-faq-body ewd-ufaq-hidden' >\n\n\t\t\n\t\t\t\n\t\t\n\t\t\t<div class='ewd-ufaq-post-margin ewd-ufaq-faq-post'>\n\t<p>I sacchetti contengono un minimo di 200 perle (300 per i diamanti rotondi speciali AB).<\/p>\n<p>Se non sei convinto, puoi fare la seguente prova: apri un sacchetto e crea dei mucchietti di 10 perle.<br \/>\nVedrai che riuscirai a fare pi\u00f9 di 20 mucchietti, il che significa che in realt\u00e0 ci sono pi\u00f9 di 200 diamanti per sacchetto. <\/p>\n<p>A prima vista, l&#8217;impressione che ci siano meno perle \u00e8 legittima perch\u00e9 le perle sono elementi molto piccoli, quindi possono essere visivamente fuorvianti, ma l&#8217;osservazione \u00e8 ben fatta: siamo molto vigili su questo punto.<\/p>\n<\/div>\n\t\t\n\t\t\t\n\t\t\n\t\t\t\n\t\t\n\t\t\t\n\t\t\n\t\t\t\n\t\t\n\t\t\t\n\t\t\n\t\t\t\n\t\t\n\t\t\t\n\t\t\n\t\t\t\n\t\t\n\t<\/div>\n\n<\/div><div  class=\"ewd-ufaq-faq-div ewd-ufaq-faq-column-count-one ewd-ufaq-faq-responsive-columns- ewd-ufaq-faq-display-style-default ewd-ufaq-can-be-toggled\" id='ewd-ufaq-post-75817-tL1TY1a5Yu' data-post_id='75817'>\n\n\t\t\n\t<div class='ewd-ufaq-faq-title ewd-ufaq-faq-toggle'>\n\t\n\t<a class='ewd-ufaq-post-margin'  href='#' role=\"button\">\n\n\t\t<div class='ewd-ufaq-post-margin-symbol ewd-ufaq-'>\n\t\t\t<span >a<\/span>\n\t\t<\/div>\n\n\t\t<div class='ewd-ufaq-faq-title-text'>\n\n\t\t\t<h4>\n\t\t\t\tOffrite borse con pi\u00f9 perle?\t\t\t<\/h4>\n\n\t\t<\/div>\n\n\t\t<div class='ewd-ufaq-clear'><\/div>\n\n\t<\/a>\n\t\n<\/div>\n\t\n\t<div class='ewd-ufaq-faq-body ewd-ufaq-hidden' >\n\n\t\t\n\t\t\t\n\t\t\n\t\t\t<div class='ewd-ufaq-post-margin ewd-ufaq-faq-post'>\n\t<p>Offriamo solo sacchetti da 200 perle (300 per i diamanti rotondi speciali AB).<\/p>\n<\/div>\n\t\t\n\t\t\t\n\t\t\n\t\t\t\n\t\t\n\t\t\t\n\t\t\n\t\t\t\n\t\t\n\t\t\t\n\t\t\n\t\t\t\n\t\t\n\t\t\t\n\t\t\n\t\t\t\n\t\t\n\t<\/div>\n\n<\/div>\n\t<\/div>\n\n\t\n<\/div>\n","protected":false},"excerpt":{"rendered":"<p>A Offrite borse con pi\u00f9 perle? Offriamo solo sacchetti da 200 perle (300 per i diamanti rotondi speciali AB).<\/p>\n","protected":false},"author":1,"featured_media":0,"parent":0,"menu_order":0,"comment_status":"closed","ping_status":"closed","template":"","meta":{"footnotes":""},"class_list":["post-75746","page","type-page","status-publish","hentry"],"blocksy_meta":[],"aioseo_notices":[],"_links":{"self":[{"href":"https:\/\/diamant-strass-dmc.com\/it\/wp-json\/wp\/v2\/pages\/75746","targetHints":{"allow":["GET"]}}],"collection":[{"href":"https:\/\/diamant-strass-dmc.com\/it\/wp-json\/wp\/v2\/pages"}],"about":[{"href":"https:\/\/diamant-strass-dmc.com\/it\/wp-json\/wp\/v2\/types\/page"}],"author":[{"embeddable":true,"href":"https:\/\/diamant-strass-dmc.com\/it\/wp-json\/wp\/v2\/users\/1"}],"replies":[{"embeddable":true,"href":"https:\/\/diamant-strass-dmc.com\/it\/wp-json\/wp\/v2\/comments?post=75746"}],"version-history":[{"count":3,"href":"https:\/\/diamant-strass-dmc.com\/it\/wp-json\/wp\/v2\/pages\/75746\/revisions"}],"predecessor-version":[{"id":75881,"href":"https:\/\/diamant-strass-dmc.com\/it\/wp-json\/wp\/v2\/pages\/75746\/revisions\/75881"}],"wp:attachment":[{"href":"https:\/\/diamant-strass-dmc.com\/it\/wp-json\/wp\/v2\/media?parent=75746"}],"curies":[{"name":"wp","href":"https:\/\/api.w.org\/{rel}","templated":true}]}}