{"id":26489,"date":"2021-04-09T09:53:26","date_gmt":"2021-04-09T07:53:26","guid":{"rendered":"https:\/\/diamant-strass-dmc.com\/informativa-sulla-privacy-2\/"},"modified":"2024-09-08T03:40:16","modified_gmt":"2024-09-08T01:40:16","slug":"informativa-sulla-privacy","status":"publish","type":"page","link":"https:\/\/diamant-strass-dmc.com\/it\/informativa-sulla-privacy\/","title":{"rendered":"Informativa sulla privacy"},"content":{"rendered":"<p>Diamanti DMC.com attribuisce particolare importanza alla protezione e alla sicurezza dei dati personali e bancari dei suoi utenti.  <\/p>\n<h2 style=\"margin-top:50px;\">Gestione dei dati bancari<\/h2>\n<p>  Diamanti DMC.com non memorizza n\u00e9 raccoglie il numero di carta di credito inserito dall&#8217;utente e non pu\u00f2 accedere a tali informazioni.<br \/>\nTali informazioni vengono trasmesse in modo sicuro e criptato dai fornitori di servizi di pagamento incaricati da Diamant-Strass-DMC.com: <em>Stripe<\/em> se l&#8217;acquirente ha scelto l&#8217;opzione &#8220;Pagamento con carta di credito&#8221; e <em>PayPal <\/em>se l&#8217;acquirente ha scelto l&#8217;opzione &#8220;Pagamento tramite PayPal&#8221;.<br \/>\nAltre piattaforme di pagamento sono esplicitamente indicate nella pagina di conferma dell&#8217;ordine.   Una volta completata la transazione, questi fornitori di pagamenti informano Diamant-Strass-DMC.com del successo o del fallimento del pagamento e non divulgano altre informazioni. Queste piattaforme sono le pi\u00f9 utilizzate dai siti commerciali e garantiscono transazioni sicure, oltre all&#8217;impossibilit\u00e0 di accedere ai dati bancari se il sito Diamant-Strass-DMC.com dovesse essere violato, poich\u00e9 non memorizza alcun dato bancario.  <\/p>\n<h2 style=\"margin-top:50px;\">Gestione di altri dati personali<\/h2>\n<p>  Nessuna informazione personale dell&#8217;utente del sito Diamanti DMC.com viene pubblicata all&#8217;insaputa dell&#8217;utente, scambiata, trasferita, ceduta o venduta con qualsiasi mezzo a terzi. Solo l&#8217;assunzione dell&#8217;acquisto del sito Diamanti DMC.com e dei suoi diritti autorizza DLP Web, editore del sito Diamanti DMC.com, a trasmettere tali informazioni all&#8217;eventuale acquirente che sar\u00e0 a sua volta tenuto allo stesso obbligo di conservazione e modifica dei dati nei confronti dell&#8217;utente del sito Diamanti DMC.com. In Francia, i dati personali sono protetti in particolare dalla legge francese n. 78-87 del 6 gennaio 1978, dalla legge francese n. 2004-801 del 6 agosto 2004, dall&#8217;articolo L. 226-13 del Codice Penale e dalla Direttiva Europea del 24 ottobre 1995.<br \/>\nSul sito Diamant-Strass-DMC.com, in conformit\u00e0 con l&#8217;articolo 4 della legge francese n. 78-17 del 6 gennaio 1978, i dati relativi all&#8217;utente sono raccolti esclusivamente ai fini del servizio offerto dal sito, ossia l&#8217;elaborazione degli ordini.  L&#8217;utente fornisce queste informazioni con cognizione di causa, in particolare quando le inserisce personalmente. L&#8217;utente del sito Diamant-Strass-DMC.com viene quindi informato se \u00e8 tenuto o meno a fornire tali informazioni. In conformit\u00e0 alle disposizioni degli articoli 38 e seguenti della legge francese sulla protezione dei dati personali 78-17 del 6 gennaio 1978, tutti gli utenti hanno il diritto di accedere, rettificare, cancellare e opporsi ai dati personali che li riguardano.<br \/>\nPer esercitare questo diritto, invia la tua richiesta a Diamant-Strass-DMC.com via e-mail a contact@diamant-strass-dmc.com.<br \/>\nLe banche dati sono protette dalle disposizioni della legge del 1 luglio 1998 che recepisce la direttiva francese 96\/9 dell&#8217;11 marzo 1996 sulla tutela giuridica delle banche dati.    <\/p>\n<style><!-- br { content: \" \";display: block;font-size: 100%;height: 2em; } --><\/style>\n","protected":false},"excerpt":{"rendered":"<p>Diamanti DMC.com attribuisce particolare importanza alla protezione e alla sicurezza dei dati personali e bancari dei suoi utenti. Gestione dei dati bancari Diamanti DMC.com non memorizza n\u00e9 raccoglie il numero di carta di credito inserito dall&#8217;utente e non pu\u00f2 accedere a tali informazioni. Tali informazioni vengono trasmesse in modo sicuro e criptato dai fornitori di [&hellip;]<\/p>\n","protected":false},"author":1,"featured_media":0,"parent":0,"menu_order":0,"comment_status":"closed","ping_status":"closed","template":"template-fullwidth.php","meta":{"footnotes":""},"class_list":["post-26489","page","type-page","status-publish","hentry"],"blocksy_meta":[],"aioseo_notices":[],"_links":{"self":[{"href":"https:\/\/diamant-strass-dmc.com\/it\/wp-json\/wp\/v2\/pages\/26489","targetHints":{"allow":["GET"]}}],"collection":[{"href":"https:\/\/diamant-strass-dmc.com\/it\/wp-json\/wp\/v2\/pages"}],"about":[{"href":"https:\/\/diamant-strass-dmc.com\/it\/wp-json\/wp\/v2\/types\/page"}],"author":[{"embeddable":true,"href":"https:\/\/diamant-strass-dmc.com\/it\/wp-json\/wp\/v2\/users\/1"}],"replies":[{"embeddable":true,"href":"https:\/\/diamant-strass-dmc.com\/it\/wp-json\/wp\/v2\/comments?post=26489"}],"version-history":[{"count":2,"href":"https:\/\/diamant-strass-dmc.com\/it\/wp-json\/wp\/v2\/pages\/26489\/revisions"}],"predecessor-version":[{"id":76177,"href":"https:\/\/diamant-strass-dmc.com\/it\/wp-json\/wp\/v2\/pages\/26489\/revisions\/76177"}],"wp:attachment":[{"href":"https:\/\/diamant-strass-dmc.com\/it\/wp-json\/wp\/v2\/media?parent=26489"}],"curies":[{"name":"wp","href":"https:\/\/api.w.org\/{rel}","templated":true}]}}