{"id":99665,"date":"2024-11-10T17:30:30","date_gmt":"2024-11-10T16:30:30","guid":{"rendered":"https:\/\/diamant-strass-dmc.com\/perles-broderie\/custom-diamond-painting-personnalise-photo\/"},"modified":"2025-11-20T23:02:20","modified_gmt":"2025-11-20T22:02:20","slug":"custom-diamond-painting-personnalise-photo","status":"publish","type":"product","link":"https:\/\/diamant-strass-dmc.com\/hu\/perles-broderie\/custom-diamond-painting-personnalise-photo\/","title":{"rendered":"Szem\u00e9lyre szabott gy\u00e9m\u00e1nt festm\u00e9nyem"},"content":{"rendered":"<p><em>A sz\u00f6gletes gy\u00e9m\u00e1ntok \u00e9lesebbek, mint a kerekek.<\/em><\/p>\n<p>Import\u00e1lja a kiv\u00e1lasztott f\u00e9nyk\u00e9pet vagy k\u00e9pet, \u00e9s n\u00e9h\u00e1ny nap m\u00falva gy\u00e9m\u00e1ntfestm\u00e9nyk\u00e9nt megkapja!<\/p>\n<p><strong>Mindent sz\u00e1ll\u00edtunk<\/strong>: ragaszt\u00f3s v\u00e1szon, gy\u00f6ngyzs\u00e1kok, v\u00e1logat\u00f3t\u00e1lca, toll \u00e9s ragaszt\u00f3 n\u00e9gyzetek.<\/p>\n<p><!--<img loading=\"lazy\" decoding=\"async\" src=\"https:\/\/diamant-strass-dmc.com\/wp-content\/uploads\/2024\/11\/diamond-painting-dp-mycustom.jpg\" alt=\"Personnalisation diamond painting custom\" width=\"1024\" height=\"1024\" class=\"alignleft size-full wp-image-104929\" style=\"width:100%;margin-bottom:30px;\" srcset=\"https:\/\/diamant-strass-dmc.com\/wp-content\/uploads\/2024\/11\/diamond-painting-dp-mycustom.jpg 1024w, https:\/\/diamant-strass-dmc.com\/wp-content\/uploads\/2024\/11\/diamond-painting-dp-mycustom-300x300.jpg 300w, https:\/\/diamant-strass-dmc.com\/wp-content\/uploads\/2024\/11\/diamond-painting-dp-mycustom-768x768.jpg 768w, https:\/\/diamant-strass-dmc.com\/wp-content\/uploads\/2024\/11\/diamond-painting-dp-mycustom-416x416.jpg 416w, https:\/\/diamant-strass-dmc.com\/wp-content\/uploads\/2024\/11\/diamond-painting-dp-mycustom-600x600.jpg 600w\" sizes=\"auto, (max-width: 1024px) 100vw, 1024px\" \/>--><\/p>\n<p>\u00d6r\u00f6k\u00edtse meg legkedvesebb eml\u00e9keit gy\u00e9m\u00e1ntfest\u00e9ssel, \u00e9s m\u00e9g jobban sz\u00f3rakozzon k\u00f6zben.<\/p>\n<p>Portr\u00e9k, esk\u00fcv\u0151i fot\u00f3k, h\u00e1zi\u00e1llatok&#8230; K\u00e9nyeztesse mag\u00e1t vagy <strong>szeretteit egy<\/strong> eredeti <strong>aj\u00e1nd\u00e9kkal<\/strong>, amelyet nem fognak egyhamar elfelejteni! <\/p>\n<p>Minden olyan f\u00e9nyk\u00e9pet vagy k\u00e9pet, amely nem illeszkedik a kiv\u00e1lasztott form\u00e1tumhoz, kiss\u00e9 \u00e1tm\u00e9retez\u00fcnk, de soha nem torz\u00edtjuk vagy keretezz\u00fck rosszul. Ha k\u00e9ts\u00e9gei vannak az eredeti k\u00e9p vagy fot\u00f3 min\u0151s\u00e9g\u00e9vel kapcsolatban, e-mailben felvessz\u00fck \u00d6nnel a kapcsolatot, hogy kik\u00e9rj\u00fck a v\u00e9lem\u00e9ny\u00e9t. Ha nem el\u00e9gedett a szimul\u00e1lt eredm\u00e9nnyel, k\u00fcldhet nek\u00fcnk egy m\u00e1sik k\u00e9pet, vagy visszakapja a p\u00e9nz\u00e9t. <\/p>\n<style><!-- .enkar2div, .wcuf_already_uploaded_data_container h4, a.button.download_small_button, button.button.delete_button, .newdp, .dayz { display:none !important; } div#wcuf_file_uploads_container { background: #eee;border-top:1px solid green; } .wcuf_upload_fields_row_element { margin-bottom:0 !important; } .wcuf_single_upload_field_container { margin-bottom:0 !important; } .single-product div.product table.variations { border-top:0; } .wcuf_single_upload_field_container { border:0 !important;margin-top:0 !important; } h4.wcuf_upload_field_title { color: #111 !important;font-size: 17px !important;font-family:arial; } p.wcuf_field_description { margin: 0 0 5px 0; } .wcuf_upload_drag_and_drop_area { margin-bottom:0 !important;background:white;border:2px dashed #333 !important; } .wcuf_drag_and_drop_area_description { color:#333 !important; } .wcuf_drag_and_drop_area_icon { fill:#01578B !important; } li.wcuf_file_preview_list_item { background:#DFF1F2 !important; } .wcuf_already_uploaded_data_container { background:#DFF1F2;border-radius:5px !important;border:2px solid black !important; } .wcuf_preview_file_title { color:#111; } .woocommerce-variation-price { display:block !important; } @media (max-width: 689px) { .woocommerce-product-details__short-description p.dp2 { margin-bottom:20px; } }\n\n .bf-banner {\n    background: linear-gradient(90deg, #000000, #111111, #ff0040, #000000);\n    background-size: 300% 300%;\n    animation: bfGradient 6s ease infinite;\n    color: #ffffff;\n    text-align: center;\n    padding: 10px 12px;\n    margin-bottom: 15px;\n    font-family: inherit;\n    font-weight: 800;\n    font-size: 16px;\n    line-height: 1.25;\n    text-transform: uppercase;\n    box-shadow: 0 2px 10px rgba(0,0,0,0.35);\n  }\n\n  .bf-banner-inner {\n    display: inline-flex;\n    align-items: center;\n    justify-content: center;\n    gap: 8px;\n    flex-wrap: wrap;\n  }\n\n  .bf-label {\n    display: inline-flex;\n    align-items: center;\n    gap: 6px;\n  }\n\n  .bf-label-emoji {\n    font-size: 18px;\n  }\n\n  .bf-badge {\n    display: inline-flex;\n    align-items: center;\n    justify-content: center;\n    padding: 4px 12px;\n    border-radius: 999px;\n    background: #ffffff;\n    color: #000000;\n    font-size: 15px;\n    font-weight: 900;\n    box-shadow: 0 0 0 2px rgba(255,255,255,0.25);\n    animation: bfPulse 1.8s ease-in-out infinite;\n    white-space: nowrap;\n  }\n\n  .bf-text {\n    font-size: 14px;\n    font-weight: 600;\n  }\n\n  @keyframes bfGradient {\n    0%   { background-position: 0% 50%; }\n    50%  { background-position: 100% 50%; }\n    100% { background-position:   0% 50%; }\n  }\n\n  @keyframes bfPulse {\n    0%   { transform: scale(1);   box-shadow: 0 0 0 2px rgba(255,255,255,0.25); }\n    50%  { transform: scale(1.08); box-shadow: 0 0 0 6px rgba(255,255,255,0.05); }\n    100% { transform: scale(1);   box-shadow: 0 0 0 2px rgba(255,255,255,0.25); }\n  }\n\n  @media (max-width: 600px) {\n    .bf-banner {\n      padding: 8px 8px;\n      font-size: 14px;\n    }\n    .bf-text {\n      font-size: 13px;\n    }\n  }\n\n--><\/style>\n","protected":false},"excerpt":{"rendered":"<p style=\"color:#0b63b0;margin-bottom:20px;\"><strong>Ingyenes sz\u00e1ll\u00edt\u00e1s!<\/strong><\/p>\n<div class=\"bf-banner\">\n<div class=\"bf-banner-inner\">\n     <span class=\"bf-label\"><br \/>\n      <span class=\"bf-label-emoji\">\ud83d\udda4\ud83d\udd25<\/span><br \/>\n      <span>Black friday<\/span><br \/>\n    <\/span><br \/>\n    <span class=\"bf-badge\">-50%<\/span><br \/>\n    <span class=\"bf-text\">minden v\u00e1szonra<\/span>\n  <\/div>\n<\/div>\n<p class=\"dp3\">\ud83d\uddbc\ufe0f A fot\u00f3d DP-v\u00e9 alak\u00edtva<\/p>\n<p class=\"dp3\">\ud83d\udcf8 Az eredm\u00e9ny azonnali el\u0151n\u00e9zete<\/p>\n<p class=\"dp3\">\u2705 Minden benne<\/p>\n<p class=\"dp4\">\u2728 El\u00e9rhet\u0151 AI-k\u00e9p<\/p>\n","protected":false},"featured_media":104876,"template":"","meta":{"footnotes":""},"product_brand":[],"product_cat":[7716,7183],"class_list":{"0":"post-99665","1":"product","2":"type-product","3":"status-publish","4":"has-post-thumbnail","6":"product_cat-custom-hu","7":"product_cat-kiegeszitok","8":"product_shipping_class-custom","10":"first","11":"instock","12":"sale","13":"taxable","14":"shipping-taxable","15":"purchasable","16":"product-type-variable","17":"has-default-attributes"},"aioseo_notices":[],"_links":{"self":[{"href":"https:\/\/diamant-strass-dmc.com\/hu\/wp-json\/wp\/v2\/product\/99665","targetHints":{"allow":["GET"]}}],"collection":[{"href":"https:\/\/diamant-strass-dmc.com\/hu\/wp-json\/wp\/v2\/product"}],"about":[{"href":"https:\/\/diamant-strass-dmc.com\/hu\/wp-json\/wp\/v2\/types\/product"}],"version-history":[{"count":8,"href":"https:\/\/diamant-strass-dmc.com\/hu\/wp-json\/wp\/v2\/product\/99665\/revisions"}],"predecessor-version":[{"id":114466,"href":"https:\/\/diamant-strass-dmc.com\/hu\/wp-json\/wp\/v2\/product\/99665\/revisions\/114466"}],"wp:featuredmedia":[{"embeddable":true,"href":"https:\/\/diamant-strass-dmc.com\/hu\/wp-json\/wp\/v2\/media\/104876"}],"wp:attachment":[{"href":"https:\/\/diamant-strass-dmc.com\/hu\/wp-json\/wp\/v2\/media?parent=99665"}],"wp:term":[{"taxonomy":"product_brand","embeddable":true,"href":"https:\/\/diamant-strass-dmc.com\/hu\/wp-json\/wp\/v2\/product_brand?post=99665"},{"taxonomy":"product_cat","embeddable":true,"href":"https:\/\/diamant-strass-dmc.com\/hu\/wp-json\/wp\/v2\/product_cat?post=99665"}],"curies":[{"name":"wp","href":"https:\/\/api.w.org\/{rel}","templated":true}]}}