{"id":8980,"date":"2020-12-29T02:27:39","date_gmt":"2021-04-08T05:52:37","guid":{"rendered":"https:\/\/diamant-strass-dmc.com\/perles-broderie\/dmc-diamonds-no-221-a-mars-vorose\/"},"modified":"2021-04-08T07:52:37","modified_gmt":"2021-04-08T05:52:37","slug":"taska-gyemant-dmc-221","status":"publish","type":"product","link":"https:\/\/diamant-strass-dmc.com\/hu\/perles-broderie\/taska-gyemant-dmc-221\/","title":{"rendered":"Drills DMC n\u00b0221 (A Mars v\u00f6r\u00f6se)"},"content":{"rendered":"<p>Zs\u00e1k 200 <strong>gy\u00e9m\u00e1nt No. 221<\/strong> (DMC k\u00f3d) <strong>kerek vagy n\u00e9gyzet.<\/strong><br \/>\nSz\u00edn: <strong>Red of Mars<\/strong><br \/>\nSz\u00edncsal\u00e1d: <strong>Pink Brown<\/strong><br \/>\nKiv\u00e1l\u00f3 min\u0151s\u00e9g\u0171 akril strass.<br \/>\n<strong>Norm\u00e1l m\u00e9ret<\/strong> (n\u00e9gyzetek: 2,5 mm, kerek: 2,8 mm).<\/p>\n","protected":false},"excerpt":{"rendered":"[widget id=\"advanced_text-2\"]\n","protected":false},"featured_media":92551,"template":"","meta":{"footnotes":""},"product_brand":[],"product_cat":[761,971,1337],"class_list":{"0":"post-8980","1":"product","2":"type-product","3":"status-publish","4":"has-post-thumbnail","6":"product_cat-gesztenye","7":"product_cat-ibolya-es-malyva","8":"product_cat-piros","10":"first","11":"instock","12":"sale","13":"taxable","14":"shipping-taxable","15":"purchasable","16":"product-type-variable","17":"has-default-attributes"},"aioseo_notices":[],"_links":{"self":[{"href":"https:\/\/diamant-strass-dmc.com\/hu\/wp-json\/wp\/v2\/product\/8980","targetHints":{"allow":["GET"]}}],"collection":[{"href":"https:\/\/diamant-strass-dmc.com\/hu\/wp-json\/wp\/v2\/product"}],"about":[{"href":"https:\/\/diamant-strass-dmc.com\/hu\/wp-json\/wp\/v2\/types\/product"}],"version-history":[{"count":0,"href":"https:\/\/diamant-strass-dmc.com\/hu\/wp-json\/wp\/v2\/product\/8980\/revisions"}],"wp:featuredmedia":[{"embeddable":true,"href":"https:\/\/diamant-strass-dmc.com\/hu\/wp-json\/wp\/v2\/media\/92551"}],"wp:attachment":[{"href":"https:\/\/diamant-strass-dmc.com\/hu\/wp-json\/wp\/v2\/media?parent=8980"}],"wp:term":[{"taxonomy":"product_brand","embeddable":true,"href":"https:\/\/diamant-strass-dmc.com\/hu\/wp-json\/wp\/v2\/product_brand?post=8980"},{"taxonomy":"product_cat","embeddable":true,"href":"https:\/\/diamant-strass-dmc.com\/hu\/wp-json\/wp\/v2\/product_cat?post=8980"}],"curies":[{"name":"wp","href":"https:\/\/api.w.org\/{rel}","templated":true}]}}