{"id":7923,"date":"2020-12-29T02:28:37","date_gmt":"2020-12-29T01:28:37","guid":{"rendered":"https:\/\/diamant-strass-dmc.com\/perles-broderie\/dmc-gyemant-no-ecru-ecru\/"},"modified":"2021-05-11T21:42:55","modified_gmt":"2021-05-11T19:42:55","slug":"taska-gyemantok-dmc-ecru","status":"publish","type":"product","link":"https:\/\/diamant-strass-dmc.com\/hu\/perles-broderie\/taska-gyemantok-dmc-ecru\/","title":{"rendered":"DMC Gy\u00e9m\u00e1nt No.ecru (Ecru)"},"content":{"rendered":"<p>Zs\u00e1k 200 kerek <strong>vagy n\u00e9gyzet gy\u00e9m\u00e1nt<\/strong> <strong>no-ecru<\/strong> (DMC k\u00f3d).<br \/>Sz\u00edn: <strong>Ecru<\/strong><br \/>Sz\u00edncsal\u00e1d: <strong>Feh\u00e9r<\/strong><br \/>Kiv\u00e1l\u00f3 min\u0151s\u00e9g\u0171 akril strass.<br \/><strong>Norm\u00e1l m\u00e9ret<\/strong> (n\u00e9gyzetek: 2,5 mm, kerek: 2,8 mm).<\/p>\n","protected":false},"excerpt":{"rendered":"[widget id=\"advanced_text-2\"]\n","protected":false},"featured_media":92611,"template":"","meta":{"footnotes":""},"product_brand":[],"product_cat":[723],"class_list":{"0":"post-7923","1":"product","2":"type-product","3":"status-publish","4":"has-post-thumbnail","6":"product_cat-feher-es-bezs","8":"first","9":"instock","10":"sale","11":"taxable","12":"shipping-taxable","13":"purchasable","14":"product-type-variable","15":"has-default-attributes"},"aioseo_notices":[],"_links":{"self":[{"href":"https:\/\/diamant-strass-dmc.com\/hu\/wp-json\/wp\/v2\/product\/7923","targetHints":{"allow":["GET"]}}],"collection":[{"href":"https:\/\/diamant-strass-dmc.com\/hu\/wp-json\/wp\/v2\/product"}],"about":[{"href":"https:\/\/diamant-strass-dmc.com\/hu\/wp-json\/wp\/v2\/types\/product"}],"version-history":[{"count":0,"href":"https:\/\/diamant-strass-dmc.com\/hu\/wp-json\/wp\/v2\/product\/7923\/revisions"}],"wp:featuredmedia":[{"embeddable":true,"href":"https:\/\/diamant-strass-dmc.com\/hu\/wp-json\/wp\/v2\/media\/92611"}],"wp:attachment":[{"href":"https:\/\/diamant-strass-dmc.com\/hu\/wp-json\/wp\/v2\/media?parent=7923"}],"wp:term":[{"taxonomy":"product_brand","embeddable":true,"href":"https:\/\/diamant-strass-dmc.com\/hu\/wp-json\/wp\/v2\/product_brand?post=7923"},{"taxonomy":"product_cat","embeddable":true,"href":"https:\/\/diamant-strass-dmc.com\/hu\/wp-json\/wp\/v2\/product_cat?post=7923"}],"curies":[{"name":"wp","href":"https:\/\/api.w.org\/{rel}","templated":true}]}}