{"id":71596,"date":"2022-07-28T02:29:20","date_gmt":"2022-07-28T00:29:20","guid":{"rendered":"https:\/\/diamant-strass-dmc.com\/perles-broderie\/befottesuvegek-gyongyok-himzes-gyemant\/"},"modified":"2025-10-31T04:11:30","modified_gmt":"2025-10-31T03:11:30","slug":"befottesuvegek-gyongyok-himzes-gyemant","status":"publish","type":"product","link":"https:\/\/diamant-strass-dmc.com\/hu\/perles-broderie\/befottesuvegek-gyongyok-himzes-gyemant\/","title":{"rendered":"T\u00e9gelyek gy\u00e9m\u00e1nt fest\u0151gy\u00f6ngy\u00f6kh\u00f6z"},"content":{"rendered":"<p>1<strong>0 db-os t\u00e9gely<\/strong> gy\u00e9m\u00e1nt h\u00edmz\u0151gy\u00f6ngy\u00f6kh\u00f6z. \u00d6nmag\u00e1ban (gy\u00e9m\u00e1ntok \u00e9s t\u00e1rol\u00f3 doboz n\u00e9lk\u00fcl).<\/p>\n<p>Alkalmas a n\u00e1lunk is forgalmazott kerek c\u00edmk\u00e9khez.<\/p>\n<p>Minden egyes \u00fcvegbe <strong>1600 gy\u00e9m\u00e1nt<\/strong>, vagy <strong>8 darab<\/strong> 200 gy\u00e9m\u00e1ntot <strong>tartalmaz\u00f3<\/strong> szabv\u00e1nyos <strong>zacsk\u00f3<\/strong> f\u00e9r.<\/p>\n<p>M\u00e9retek: 50 mm magas \u00e9s 25 mm \u00e1tm\u00e9r\u0151j\u0171.<\/p>\n<p>Ez a term\u00e9k csak csomagk\u00e9nt (nem bubor\u00e9kos bor\u00edt\u00e9kban) k\u00fcldhet\u0151. A sz\u00e1ll\u00edt\u00e1si k\u00f6lts\u00e9gek ennek megfelel\u0151en ker\u00fclnek kisz\u00e1m\u00edt\u00e1sra.<\/p>\n","protected":false},"excerpt":{"rendered":"<p style=\"font-size: 14px; line-height: 1.2em;text-align:justify;padding-right:10px;\">\u26a0\ufe0f <strong>Ez a term\u00e9k csak az Eur\u00f3pai Uni\u00f3n bel\u00fcl sz\u00e1ll\u00edthat\u00f3<\/strong> (Ausztria, Belgium, Bulg\u00e1ria, Horv\u00e1torsz\u00e1g, Ciprus, Csehorsz\u00e1g, D\u00e1nia, \u00c9sztorsz\u00e1g, Finnorsz\u00e1g, Franciaorsz\u00e1g, G\u00f6r\u00f6gorsz\u00e1g, Hollandia, \u00cdrorsz\u00e1g, Lengyelorsz\u00e1g, Lettorsz\u00e1g, Litv\u00e1nia, Luxemburg, Magyarorsz\u00e1g, M\u00e1lta, N\u00e9metorsz\u00e1g, Olaszorsz\u00e1g, Lengyelorsz\u00e1g, Portug\u00e1lia, Rom\u00e1nia, Spanyolorsz\u00e1g, Sv\u00e9dorsz\u00e1g, Szlov\u00e1kia, Szlov\u00e9nia \u00e9s Szlov\u00e1kia).<\/p>\n","protected":false},"featured_media":44548,"template":"","meta":{"footnotes":""},"product_brand":[],"product_cat":[7183],"class_list":{"0":"post-71596","1":"product","2":"type-product","3":"status-publish","4":"has-post-thumbnail","6":"product_cat-kiegeszitok","7":"product_shipping_class-colissimo","9":"first","10":"instock","11":"sale","12":"taxable","13":"shipping-taxable","14":"purchasable","15":"product-type-variable","16":"has-default-attributes"},"aioseo_notices":[],"_links":{"self":[{"href":"https:\/\/diamant-strass-dmc.com\/hu\/wp-json\/wp\/v2\/product\/71596","targetHints":{"allow":["GET"]}}],"collection":[{"href":"https:\/\/diamant-strass-dmc.com\/hu\/wp-json\/wp\/v2\/product"}],"about":[{"href":"https:\/\/diamant-strass-dmc.com\/hu\/wp-json\/wp\/v2\/types\/product"}],"version-history":[{"count":1,"href":"https:\/\/diamant-strass-dmc.com\/hu\/wp-json\/wp\/v2\/product\/71596\/revisions"}],"predecessor-version":[{"id":79158,"href":"https:\/\/diamant-strass-dmc.com\/hu\/wp-json\/wp\/v2\/product\/71596\/revisions\/79158"}],"wp:featuredmedia":[{"embeddable":true,"href":"https:\/\/diamant-strass-dmc.com\/hu\/wp-json\/wp\/v2\/media\/44548"}],"wp:attachment":[{"href":"https:\/\/diamant-strass-dmc.com\/hu\/wp-json\/wp\/v2\/media?parent=71596"}],"wp:term":[{"taxonomy":"product_brand","embeddable":true,"href":"https:\/\/diamant-strass-dmc.com\/hu\/wp-json\/wp\/v2\/product_brand?post=71596"},{"taxonomy":"product_cat","embeddable":true,"href":"https:\/\/diamant-strass-dmc.com\/hu\/wp-json\/wp\/v2\/product_cat?post=71596"}],"curies":[{"name":"wp","href":"https:\/\/api.w.org\/{rel}","templated":true}]}}