{"id":71562,"date":"2022-09-06T19:22:08","date_gmt":"2022-09-06T17:22:08","guid":{"rendered":"https:\/\/diamant-strass-dmc.com\/perles-broderie\/gorgo-broker-csalad-csalad-csalad-festes\/"},"modified":"2025-10-31T04:11:36","modified_gmt":"2025-10-31T03:11:36","slug":"gorgo-broker-csalad-csalad-csalad-festes","status":"publish","type":"product","link":"https:\/\/diamant-strass-dmc.com\/hu\/perles-broderie\/gorgo-broker-csalad-csalad-csalad-festes\/","title":{"rendered":"Gy\u00e9m\u00e1nt h\u00edmz\u0151henger"},"content":{"rendered":"<p>Ez a robusztus henger biztos\u00edtja, hogy minden gy\u00e9m\u00e1nt <strong>teljesen beragadjon<\/strong>, \u00e9s a <strong>v\u00e1szon v\u00edzszintes legyen<\/strong>.<\/p>\n<p><strong>M\u00e9retek: <\/strong>11,5 x 13 cm<br \/>\nFoganty\u00fa: 9 cm<br \/>\nTekercs (piros henger): 9,5 cm<\/p>\n<p>Ez a term\u00e9k csak csomagban (nem bubor\u00e9kos bor\u00edt\u00e9kban) k\u00fcldhet\u0151. A sz\u00e1ll\u00edt\u00e1si k\u00f6lts\u00e9gek ennek megfelel\u0151en ker\u00fclnek kisz\u00e1m\u00edt\u00e1sra.<\/p>\n","protected":false},"excerpt":{"rendered":"<p style=\"font-size: 14px; line-height: 1.2em;text-align:justify;padding-right:10px;\">\u26a0\ufe0f <strong>Ez a term\u00e9k csak az Eur\u00f3pai Uni\u00f3n bel\u00fcl sz\u00e1ll\u00edthat\u00f3<\/strong> (Ausztria, Belgium, Bulg\u00e1ria, Horv\u00e1torsz\u00e1g, Ciprus, Csehorsz\u00e1g, D\u00e1nia, \u00c9sztorsz\u00e1g, Finnorsz\u00e1g, Franciaorsz\u00e1g, G\u00f6r\u00f6gorsz\u00e1g, Hollandia, \u00cdrorsz\u00e1g, Lengyelorsz\u00e1g, Lettorsz\u00e1g, Litv\u00e1nia, Luxemburg, Magyarorsz\u00e1g, M\u00e1lta, N\u00e9metorsz\u00e1g, Olaszorsz\u00e1g, Lengyelorsz\u00e1g, Portug\u00e1lia, Rom\u00e1nia, Spanyolorsz\u00e1g, Sv\u00e9dorsz\u00e1g, Szlov\u00e1kia, Szlov\u00e9nia \u00e9s Szlov\u00e1kia).<\/p>\n","protected":false},"featured_media":148524,"template":"","meta":{"footnotes":""},"product_brand":[],"product_cat":[7183],"class_list":{"0":"post-71562","1":"product","2":"type-product","3":"status-publish","4":"has-post-thumbnail","6":"product_cat-kiegeszitok","7":"product_shipping_class-colissimo","9":"first","10":"instock","11":"sale","12":"taxable","13":"shipping-taxable","14":"purchasable","15":"product-type-simple"},"aioseo_notices":[],"_links":{"self":[{"href":"https:\/\/diamant-strass-dmc.com\/hu\/wp-json\/wp\/v2\/product\/71562","targetHints":{"allow":["GET"]}}],"collection":[{"href":"https:\/\/diamant-strass-dmc.com\/hu\/wp-json\/wp\/v2\/product"}],"about":[{"href":"https:\/\/diamant-strass-dmc.com\/hu\/wp-json\/wp\/v2\/types\/product"}],"version-history":[{"count":1,"href":"https:\/\/diamant-strass-dmc.com\/hu\/wp-json\/wp\/v2\/product\/71562\/revisions"}],"predecessor-version":[{"id":71585,"href":"https:\/\/diamant-strass-dmc.com\/hu\/wp-json\/wp\/v2\/product\/71562\/revisions\/71585"}],"wp:featuredmedia":[{"embeddable":true,"href":"https:\/\/diamant-strass-dmc.com\/hu\/wp-json\/wp\/v2\/media\/148524"}],"wp:attachment":[{"href":"https:\/\/diamant-strass-dmc.com\/hu\/wp-json\/wp\/v2\/media?parent=71562"}],"wp:term":[{"taxonomy":"product_brand","embeddable":true,"href":"https:\/\/diamant-strass-dmc.com\/hu\/wp-json\/wp\/v2\/product_brand?post=71562"},{"taxonomy":"product_cat","embeddable":true,"href":"https:\/\/diamant-strass-dmc.com\/hu\/wp-json\/wp\/v2\/product_cat?post=71562"}],"curies":[{"name":"wp","href":"https:\/\/api.w.org\/{rel}","templated":true}]}}