{"id":71544,"date":"2024-03-18T01:48:57","date_gmt":"2024-03-18T00:48:57","guid":{"rendered":"https:\/\/diamant-strass-dmc.com\/perles-broderie\/nagyito-uveg-klipsz-flexibilis-fenyes-vilagito-vezetett-diamant-festes\/"},"modified":"2025-10-31T04:11:48","modified_gmt":"2025-10-31T03:11:48","slug":"nagyito-uveg-klipsz-flexibilis-fenyes-vilagito-vezetett-diamant-festes","status":"publish","type":"product","link":"https:\/\/diamant-strass-dmc.com\/hu\/perles-broderie\/nagyito-uveg-klipsz-flexibilis-fenyes-vilagito-vezetett-diamant-festes\/","title":{"rendered":"Rugalmas cs\u00edptethet\u0151 nagy\u00edt\u00f3 LED f\u00e9nnyel"},"content":{"rendered":"<ul>\n<li>Nagy\u00edt\u00f3 <strong>x2.5<\/strong> + mini f\u00f3kusz <strong>x5<\/strong>;<\/li>\n<li>C\u00e9lzott kett\u0151s LED <strong>vil\u00e1g\u00edt\u00e1s<\/strong>;<\/li>\n<li><strong>Rugalmas kar<\/strong>;<\/li>\n<li>Teljesen <strong>sz\u00e9tszerelhet\u0151<\/strong>;<\/li>\n<li>B\u00e1rmilyen fel\u00fcletre <strong>felcs\u00edptethet\u0151<\/strong>.<\/li>\n<\/ul>\n<p>3 AAA elemmel m\u0171k\u00f6dik (nem tartoz\u00e9k). A nagy\u00edt\u00f3 minden r\u00e9sze lecsavarozhat\u00f3 a k\u00f6nny\u0171 sz\u00e1ll\u00edt\u00e1s \u00e9rdek\u00e9ben.<\/p>\n<p>A nagy\u00edt\u00f3val 2,5-szer nagyobbat l\u00e1that, \u00e9s egy 2,5 cm \u00e1tm\u00e9r\u0151j\u0171 f\u00f3kuszt (lencs\u00e9t) tartalmaz, amellyel \u00f6tsz\u00f6r nagyobbat l\u00e1that.<\/p>\n<p>Rugalmas kar hossza: 25 cm.<br \/>\nNagy\u00edt\u00f3 \u00e1tm\u00e9r\u0151je: 12,5 cm.<\/p>\n<p>Ez a term\u00e9k csak csomagban (nem bubor\u00e9kos bor\u00edt\u00e9kban) k\u00fcldhet\u0151. A sz\u00e1ll\u00edt\u00e1si k\u00f6lts\u00e9gek ennek megfelel\u0151en ker\u00fclnek kisz\u00e1m\u00edt\u00e1sra.<\/p>\n","protected":false},"excerpt":{"rendered":"<p style=\"font-size: 14px; line-height: 1.2em;text-align:justify;padding-right:10px;\">\u26a0\ufe0f <strong>Ez a term\u00e9k csak az Eur\u00f3pai Uni\u00f3n bel\u00fcl sz\u00e1ll\u00edthat\u00f3<\/strong> (Ausztria, Belgium, Bulg\u00e1ria, Horv\u00e1torsz\u00e1g, Ciprus, Csehorsz\u00e1g, D\u00e1nia, \u00c9sztorsz\u00e1g, Finnorsz\u00e1g, Franciaorsz\u00e1g, G\u00f6r\u00f6gorsz\u00e1g, Hollandia, \u00cdrorsz\u00e1g, Lengyelorsz\u00e1g, Lettorsz\u00e1g, Litv\u00e1nia, Luxemburg, Magyarorsz\u00e1g, M\u00e1lta, N\u00e9metorsz\u00e1g, Olaszorsz\u00e1g, Lengyelorsz\u00e1g, Portug\u00e1lia, Rom\u00e1nia, Spanyolorsz\u00e1g, Sv\u00e9dorsz\u00e1g, Szlov\u00e1kia, Szlov\u00e9nia \u00e9s Szlov\u00e1kia).<\/p>\n","protected":false},"featured_media":71325,"template":"","meta":{"footnotes":""},"product_brand":[],"product_cat":[7183],"class_list":{"0":"post-71544","1":"product","2":"type-product","3":"status-publish","4":"has-post-thumbnail","6":"product_cat-kiegeszitok","7":"product_shipping_class-colissimo","9":"first","10":"outofstock","11":"sale","12":"taxable","13":"shipping-taxable","14":"purchasable","15":"product-type-simple"},"aioseo_notices":[],"_links":{"self":[{"href":"https:\/\/diamant-strass-dmc.com\/hu\/wp-json\/wp\/v2\/product\/71544","targetHints":{"allow":["GET"]}}],"collection":[{"href":"https:\/\/diamant-strass-dmc.com\/hu\/wp-json\/wp\/v2\/product"}],"about":[{"href":"https:\/\/diamant-strass-dmc.com\/hu\/wp-json\/wp\/v2\/types\/product"}],"version-history":[{"count":1,"href":"https:\/\/diamant-strass-dmc.com\/hu\/wp-json\/wp\/v2\/product\/71544\/revisions"}],"predecessor-version":[{"id":100113,"href":"https:\/\/diamant-strass-dmc.com\/hu\/wp-json\/wp\/v2\/product\/71544\/revisions\/100113"}],"wp:featuredmedia":[{"embeddable":true,"href":"https:\/\/diamant-strass-dmc.com\/hu\/wp-json\/wp\/v2\/media\/71325"}],"wp:attachment":[{"href":"https:\/\/diamant-strass-dmc.com\/hu\/wp-json\/wp\/v2\/media?parent=71544"}],"wp:term":[{"taxonomy":"product_brand","embeddable":true,"href":"https:\/\/diamant-strass-dmc.com\/hu\/wp-json\/wp\/v2\/product_brand?post=71544"},{"taxonomy":"product_cat","embeddable":true,"href":"https:\/\/diamant-strass-dmc.com\/hu\/wp-json\/wp\/v2\/product_cat?post=71544"}],"curies":[{"name":"wp","href":"https:\/\/api.w.org\/{rel}","templated":true}]}}