{"id":71525,"date":"2024-03-01T23:52:23","date_gmt":"2024-03-01T22:52:23","guid":{"rendered":"https:\/\/diamant-strass-dmc.com\/perles-broderie\/feny-polc-diamant-festes\/"},"modified":"2025-10-31T04:11:54","modified_gmt":"2025-10-31T03:11:54","slug":"feny-polc-diamant-festes","status":"publish","type":"product","link":"https:\/\/diamant-strass-dmc.com\/hu\/perles-broderie\/feny-polc-diamant-festes\/","title":{"rendered":"A4-es vil\u00e1g\u00edt\u00f3 polc + tart\u00f3 \u00e9s klipszek"},"content":{"rendered":"<ul>\n<li><strong>A4 form\u00e1tum<\/strong> (megvil\u00e1g\u00edtott fel\u00fclet 31 x 23,5 cm) ;<\/li>\n<li>\u00c1llv\u00e1ny, USB-k\u00e1bel \u00e9s 4 klipsz <strong>tartoz\u00e9k<\/strong>;<\/li>\n<li>Csak <strong>3 mm<\/strong> vastag;<\/li>\n<li><strong>3 f\u00e9nyer\u0151szint<\/strong>;<\/li>\n<li>Egyenletes, vill\u00f3dz\u00e1smentes vil\u00e1g\u00edt\u00e1s.<\/li>\n<\/ul>\n<p>Az USB-k\u00e1bel (mell\u00e9kelve) csatlakoztathat\u00f3 egy szabv\u00e1nyos telefont\u00f6lt\u0151h\u00f6z (nem mell\u00e9kelve) vagy m\u00e1s szabv\u00e1nyos USB-portokhoz (sz\u00e1m\u00edt\u00f3g\u00e9p, bizonyos konnektorok stb.).<\/p>\n<p>Ez a term\u00e9k csak csomagban (nem bubor\u00e9kos bor\u00edt\u00e9kban) k\u00fcldhet\u0151. A sz\u00e1ll\u00edt\u00e1si k\u00f6lts\u00e9gek ennek megfelel\u0151en ker\u00fclnek kisz\u00e1m\u00edt\u00e1sra.<\/p>\n","protected":false},"excerpt":{"rendered":"<p style=\"font-size: 14px; line-height: 1.2em;text-align:justify;padding-right:10px;\">\u26a0\ufe0f <strong>Ez a term\u00e9k csak az Eur\u00f3pai Uni\u00f3n bel\u00fcl sz\u00e1ll\u00edthat\u00f3<\/strong> (Ausztria, Belgium, Bulg\u00e1ria, Horv\u00e1torsz\u00e1g, Ciprus, Csehorsz\u00e1g, D\u00e1nia, \u00c9sztorsz\u00e1g, Finnorsz\u00e1g, Franciaorsz\u00e1g, G\u00f6r\u00f6gorsz\u00e1g, Hollandia, \u00cdrorsz\u00e1g, Lengyelorsz\u00e1g, Lettorsz\u00e1g, Litv\u00e1nia, Luxemburg, Magyarorsz\u00e1g, M\u00e1lta, N\u00e9metorsz\u00e1g, Olaszorsz\u00e1g, Lengyelorsz\u00e1g, Portug\u00e1lia, Rom\u00e1nia, Spanyolorsz\u00e1g, Sv\u00e9dorsz\u00e1g, Szlov\u00e1kia, Szlov\u00e9nia \u00e9s Szlov\u00e1kia).<\/p>\n","protected":false},"featured_media":69204,"template":"","meta":{"footnotes":""},"product_brand":[],"product_cat":[7183],"class_list":{"0":"post-71525","1":"product","2":"type-product","3":"status-publish","4":"has-post-thumbnail","6":"product_cat-kiegeszitok","7":"product_shipping_class-colissimo","9":"first","10":"instock","11":"sale","12":"taxable","13":"shipping-taxable","14":"purchasable","15":"product-type-simple"},"aioseo_notices":[],"_links":{"self":[{"href":"https:\/\/diamant-strass-dmc.com\/hu\/wp-json\/wp\/v2\/product\/71525","targetHints":{"allow":["GET"]}}],"collection":[{"href":"https:\/\/diamant-strass-dmc.com\/hu\/wp-json\/wp\/v2\/product"}],"about":[{"href":"https:\/\/diamant-strass-dmc.com\/hu\/wp-json\/wp\/v2\/types\/product"}],"version-history":[{"count":1,"href":"https:\/\/diamant-strass-dmc.com\/hu\/wp-json\/wp\/v2\/product\/71525\/revisions"}],"predecessor-version":[{"id":100116,"href":"https:\/\/diamant-strass-dmc.com\/hu\/wp-json\/wp\/v2\/product\/71525\/revisions\/100116"}],"wp:featuredmedia":[{"embeddable":true,"href":"https:\/\/diamant-strass-dmc.com\/hu\/wp-json\/wp\/v2\/media\/69204"}],"wp:attachment":[{"href":"https:\/\/diamant-strass-dmc.com\/hu\/wp-json\/wp\/v2\/media?parent=71525"}],"wp:term":[{"taxonomy":"product_brand","embeddable":true,"href":"https:\/\/diamant-strass-dmc.com\/hu\/wp-json\/wp\/v2\/product_brand?post=71525"},{"taxonomy":"product_cat","embeddable":true,"href":"https:\/\/diamant-strass-dmc.com\/hu\/wp-json\/wp\/v2\/product_cat?post=71525"}],"curies":[{"name":"wp","href":"https:\/\/api.w.org\/{rel}","templated":true}]}}