{"id":71491,"date":"2022-07-28T17:39:30","date_gmt":"2022-07-28T15:39:30","guid":{"rendered":"https:\/\/diamant-strass-dmc.com\/perles-broderie\/valisette-doboz-gyongysor-embroidery-gyemant\/"},"modified":"2025-10-31T04:11:42","modified_gmt":"2025-10-31T03:11:42","slug":"valisette-doboz-gyongysor-embroidery-gyemant","status":"publish","type":"product","link":"https:\/\/diamant-strass-dmc.com\/hu\/perles-broderie\/valisette-doboz-gyongysor-embroidery-gyemant\/","title":{"rendered":"T\u00e1rol\u00f3 tok gy\u00f6ngy\u00f6knek (64 doboz)"},"content":{"rendered":"<p>A gy\u00e9m\u00e1ntokat nem sz\u00e1ll\u00edtjuk.<\/p>\n<p><strong>A csomag tartalma:<\/strong><br \/>\n&#8211; 1 t\u00e1rol\u00f3 tok<br \/>\n&#8211; 64 doboz gy\u00f6ngy\u00f6kh\u00f6z<br \/>\n&#8211; 64 t\u00e9glalap alak\u00fa c\u00edmke<\/p>\n<p>Vigyen mag\u00e1val ak\u00e1r 64 gy\u00e9m\u00e1nt sz\u00ednreferenci\u00e1t!<br \/>\nEz az ultrakompakt t\u00e1rol\u00f3t\u00e1ska k\u00e9t er\u0151s r\u00f6gz\u00edt\u00e9ssel rendelkezik.<\/p>\n<ul>\n<li>A <strong>tok m\u00e9retei<\/strong>: 22 x 13 x 5.4cm (magass\u00e1g) ;<\/li>\n<li><strong>Doboz m\u00e9retei<\/strong>: 2.5 x 5.1 x 1.1cm (m\u00e9lys\u00e9g) ;<\/li>\n<li><strong>C\u00edmke m\u00e9rete<\/strong>: 2 x 1cm.<\/li>\n<\/ul>\n<div class=\"woocommerce-tabs wc-tabs-wrapper\">\n<div id=\"tab-description\" class=\"woocommerce-Tabs-panel woocommerce-Tabs-panel--description panel entry-content wc-tab\" role=\"tabpanel\" aria-labelledby=\"tab-title-description\">\n<p>Ez a term\u00e9k csak csomagban (nem bubor\u00e9kos bor\u00edt\u00e9kban) k\u00fcldhet\u0151. A sz\u00e1ll\u00edt\u00e1si k\u00f6lts\u00e9gek ennek megfelel\u0151en ker\u00fclnek kisz\u00e1m\u00edt\u00e1sra.<\/p>\n<\/div>\n<\/div>\n","protected":false},"excerpt":{"rendered":"<p style=\"font-size: 14px; line-height: 1.2em;text-align:justify;padding-right:10px;\">\u26a0\ufe0f <strong>Ez a term\u00e9k csak az Eur\u00f3pai Uni\u00f3n bel\u00fcl sz\u00e1ll\u00edthat\u00f3<\/strong> (Ausztria, Belgium, Bulg\u00e1ria, Horv\u00e1torsz\u00e1g, Ciprus, Csehorsz\u00e1g, D\u00e1nia, \u00c9sztorsz\u00e1g, Finnorsz\u00e1g, Franciaorsz\u00e1g, G\u00f6r\u00f6gorsz\u00e1g, Hollandia, \u00cdrorsz\u00e1g, Lengyelorsz\u00e1g, Lettorsz\u00e1g, Litv\u00e1nia, Luxemburg, Magyarorsz\u00e1g, M\u00e1lta, N\u00e9metorsz\u00e1g, Olaszorsz\u00e1g, Lengyelorsz\u00e1g, Portug\u00e1lia, Rom\u00e1nia, Spanyolorsz\u00e1g, Sv\u00e9dorsz\u00e1g, Szlov\u00e1kia, Szlov\u00e9nia \u00e9s Szlov\u00e1kia).<\/p>\n","protected":false},"featured_media":44511,"template":"","meta":{"footnotes":""},"product_brand":[],"product_cat":[7183],"class_list":{"0":"post-71491","1":"product","2":"type-product","3":"status-publish","4":"has-post-thumbnail","6":"product_cat-kiegeszitok","7":"product_shipping_class-colissimo","9":"first","10":"instock","11":"sale","12":"taxable","13":"shipping-taxable","14":"purchasable","15":"product-type-simple"},"aioseo_notices":[],"_links":{"self":[{"href":"https:\/\/diamant-strass-dmc.com\/hu\/wp-json\/wp\/v2\/product\/71491","targetHints":{"allow":["GET"]}}],"collection":[{"href":"https:\/\/diamant-strass-dmc.com\/hu\/wp-json\/wp\/v2\/product"}],"about":[{"href":"https:\/\/diamant-strass-dmc.com\/hu\/wp-json\/wp\/v2\/types\/product"}],"version-history":[{"count":1,"href":"https:\/\/diamant-strass-dmc.com\/hu\/wp-json\/wp\/v2\/product\/71491\/revisions"}],"predecessor-version":[{"id":100103,"href":"https:\/\/diamant-strass-dmc.com\/hu\/wp-json\/wp\/v2\/product\/71491\/revisions\/100103"}],"wp:featuredmedia":[{"embeddable":true,"href":"https:\/\/diamant-strass-dmc.com\/hu\/wp-json\/wp\/v2\/media\/44511"}],"wp:attachment":[{"href":"https:\/\/diamant-strass-dmc.com\/hu\/wp-json\/wp\/v2\/media?parent=71491"}],"wp:term":[{"taxonomy":"product_brand","embeddable":true,"href":"https:\/\/diamant-strass-dmc.com\/hu\/wp-json\/wp\/v2\/product_brand?post=71491"},{"taxonomy":"product_cat","embeddable":true,"href":"https:\/\/diamant-strass-dmc.com\/hu\/wp-json\/wp\/v2\/product_cat?post=71491"}],"curies":[{"name":"wp","href":"https:\/\/api.w.org\/{rel}","templated":true}]}}