{"id":71243,"date":"2024-03-17T02:22:39","date_gmt":"2024-03-17T22:08:37","guid":{"rendered":"https:\/\/diamant-strass-dmc.com\/perles-broderie\/kataloguskonyv-dmc-diamond-festes\/"},"modified":"2024-03-17T23:08:37","modified_gmt":"2024-03-17T22:08:37","slug":"kataloguskonyv-dmc-diamond-festes","status":"publish","type":"product","link":"https:\/\/diamant-strass-dmc.com\/hu\/perles-broderie\/kataloguskonyv-dmc-diamond-festes\/","title":{"rendered":"Gy\u00e9m\u00e1ntfest\u00e9s sz\u00ednkatal\u00f3gus (matric\u00e1kkal)"},"content":{"rendered":"<p>V\u00e9letlen szelet sz\u00edne. Lamin\u00e1lt bor\u00edt\u00f3. Csak az egyik oldalra nyomtatott oldalak az optim\u00e1lis gy\u00f6ngytart\u00e1s \u00e9rdek\u00e9ben. Egy tapad\u00e1smentes cs\u00edk v\u00e9di a dobozokat, amelyekbe a gy\u00e9m\u00e1ntokat ragasztj\u00e1k.<\/p>\n","protected":false},"excerpt":{"rendered":"<ul>\n<li><strong>10 oldal<\/strong>;<\/li>\n<li style=\"color: blue;\"><strong>A gy\u00f6ngy\u00f6k nem tartoz\u00e9k;<\/strong><\/li>\n<li><strong>447 sz\u00edn<\/strong> a DMC sz\u00ednsk\u00e1l\u00e1r\u00f3l ;<\/li>\n<li>Vastag <strong>dombornyomott pap\u00edr<\/strong>;<\/li>\n<li>\u00d6ntapad\u00f3s oszlop a <strong>gy\u00f6ngy\u00f6k felragaszt\u00e1s\u00e1hoz<\/strong>.<\/li>\n<\/ul>\n","protected":false},"featured_media":71094,"template":"","meta":{"footnotes":""},"product_brand":[],"product_cat":[7183,7286],"class_list":{"0":"post-71243","1":"product","2":"type-product","3":"status-publish","4":"has-post-thumbnail","6":"product_cat-kiegeszitok","7":"product_cat-promo-hu","9":"first","10":"instock","11":"sale","12":"taxable","13":"shipping-taxable","14":"purchasable","15":"product-type-simple"},"aioseo_notices":[],"_links":{"self":[{"href":"https:\/\/diamant-strass-dmc.com\/hu\/wp-json\/wp\/v2\/product\/71243","targetHints":{"allow":["GET"]}}],"collection":[{"href":"https:\/\/diamant-strass-dmc.com\/hu\/wp-json\/wp\/v2\/product"}],"about":[{"href":"https:\/\/diamant-strass-dmc.com\/hu\/wp-json\/wp\/v2\/types\/product"}],"version-history":[{"count":0,"href":"https:\/\/diamant-strass-dmc.com\/hu\/wp-json\/wp\/v2\/product\/71243\/revisions"}],"wp:featuredmedia":[{"embeddable":true,"href":"https:\/\/diamant-strass-dmc.com\/hu\/wp-json\/wp\/v2\/media\/71094"}],"wp:attachment":[{"href":"https:\/\/diamant-strass-dmc.com\/hu\/wp-json\/wp\/v2\/media?parent=71243"}],"wp:term":[{"taxonomy":"product_brand","embeddable":true,"href":"https:\/\/diamant-strass-dmc.com\/hu\/wp-json\/wp\/v2\/product_brand?post=71243"},{"taxonomy":"product_cat","embeddable":true,"href":"https:\/\/diamant-strass-dmc.com\/hu\/wp-json\/wp\/v2\/product_cat?post=71243"}],"curies":[{"name":"wp","href":"https:\/\/api.w.org\/{rel}","templated":true}]}}