{"id":67745,"date":"2021-08-17T00:22:53","date_gmt":"2024-02-02T08:37:25","guid":{"rendered":"https:\/\/diamant-strass-dmc.com\/perles-broderie\/all-sachets-strass-diamonds-dmc-broderie-diamond-painting\/"},"modified":"2024-02-02T09:37:29","modified_gmt":"2024-02-02T08:37:29","slug":"all-sachets-strass-diamonds-dmc-broderie-diamond-painting","status":"publish","type":"product","link":"https:\/\/diamant-strass-dmc.com\/hu\/perles-broderie\/all-sachets-strass-diamonds-dmc-broderie-diamond-painting\/","title":{"rendered":"Integr\u00e1lt csomag (minden DMC sz\u00edn)"},"content":{"rendered":"<p>Szeretne hozz\u00e1f\u00e9rni a gy\u00e9m\u00e1nth\u00edmz\u00e9sben el\u00e9rhet\u0151 \u00f6sszes sz\u00ednhez?<\/p>\n<p>A &#8222;teljes csomagot&#8221; k\u00edn\u00e1ljuk \u00d6nnek, azaz a DMC hivatalos gy\u00e9m\u00e1ntfest\u0151 sz\u00ednsk\u00e1l\u00e1j\u00e1n el\u00e9rhet\u0151 <strong>447 sz\u00edn mindegyik\u00e9b\u0151l egy-egy zacsk\u00f3t<\/strong> (a sz\u00ednek <a style=\"font-weight: bold; text-decoration: underline;\" href=\"\/code-couleur-nuancier-dmc\/\" target=\"_blank\" rel=\"noopener\">ezen az<\/a> oldalon vannak felsorolva).<\/p>\n<p>A teljes csomaggal <strong>55%-os kedvezm\u00e9nyt<\/strong> \u00e9lvezhet, a tasakonk\u00e9nti \u00e1r <strong>0,99 eur\u00f3 helyett 0,45 eur\u00f3<\/strong>, azaz<strong> 442 eur\u00f3 helyett 199 eur\u00f3<\/strong>! R\u00e1ad\u00e1sul <strong>ingyenes kisz\u00e1ll\u00edt\u00e1ssal<\/strong>.<\/p>\n<p><em>Ha minden sz\u00ednb\u0151l t\u00f6bb zs\u00e1kot szeretne, rendeljen t\u00f6bb teljes csomagot. Ha p\u00e9ld\u00e1ul 3 teljes csomag &#8222;Round Diamonds&#8221; gy\u00e9m\u00e1ntot ad a kosar\u00e1ba, akkor minden sz\u00ednb\u0151l 3 kerek zacsk\u00f3 lesz.  <\/em><em>Hasonl\u00f3k\u00e9ppen, ha mindk\u00e9t sz\u00ednb\u0151l \u00e9s form\u00e1b\u00f3l (kerek \u00e9s sz\u00f6gletes gy\u00e9m\u00e1nt) szeretne egy-egy zacsk\u00f3t, egyszer\u0171en rendeljen egy teljes csomag &#8222;kerek gy\u00e9m\u00e1ntot&#8221; \u00e9s egy teljes csomag &#8222;sz\u00f6gletes gy\u00e9m\u00e1ntot&#8221;.<\/em><\/p>\n<style><!-- .enkar2div { display:none; } --><\/style>\n","protected":false},"excerpt":{"rendered":"<p>Szeretne hozz\u00e1f\u00e9rni a gy\u00e9m\u00e1nth\u00edmz\u00e9sben el\u00e9rhet\u0151 \u00f6sszes sz\u00ednhez? A &#8222;teljes csomagot&#8221; k\u00edn\u00e1ljuk \u00d6nnek, azaz a DMC hivatalos gy\u00e9m\u00e1ntfest\u0151 sz\u00ednsk\u00e1l\u00e1j\u00e1n el\u00e9rhet\u0151 447 sz\u00edn mindegyik\u00e9b\u0151l egy-egy zacsk\u00f3t (a sz\u00ednek ezen az oldalon vannak felsorolva). A teljes csomaggal 55%-os kedvezm\u00e9nyt \u00e9lvezhet, a tasakonk\u00e9nti \u00e1r 0,99 eur\u00f3 helyett 0,45 eur\u00f3, azaz 442 eur\u00f3 helyett 199 eur\u00f3! R\u00e1ad\u00e1sul ingyenes kisz\u00e1ll\u00edt\u00e1ssal. Ha [&hellip;]<\/p>\n","protected":false},"featured_media":36009,"template":"","meta":{"footnotes":""},"product_brand":[],"product_cat":[7313],"class_list":{"0":"post-67745","1":"product","2":"type-product","3":"status-publish","4":"has-post-thumbnail","6":"product_cat--integralt-csomag","8":"first","9":"instock","10":"sale","11":"taxable","12":"shipping-taxable","13":"purchasable","14":"product-type-variable"},"aioseo_notices":[],"_links":{"self":[{"href":"https:\/\/diamant-strass-dmc.com\/hu\/wp-json\/wp\/v2\/product\/67745","targetHints":{"allow":["GET"]}}],"collection":[{"href":"https:\/\/diamant-strass-dmc.com\/hu\/wp-json\/wp\/v2\/product"}],"about":[{"href":"https:\/\/diamant-strass-dmc.com\/hu\/wp-json\/wp\/v2\/types\/product"}],"version-history":[{"count":0,"href":"https:\/\/diamant-strass-dmc.com\/hu\/wp-json\/wp\/v2\/product\/67745\/revisions"}],"wp:featuredmedia":[{"embeddable":true,"href":"https:\/\/diamant-strass-dmc.com\/hu\/wp-json\/wp\/v2\/media\/36009"}],"wp:attachment":[{"href":"https:\/\/diamant-strass-dmc.com\/hu\/wp-json\/wp\/v2\/media?parent=67745"}],"wp:term":[{"taxonomy":"product_brand","embeddable":true,"href":"https:\/\/diamant-strass-dmc.com\/hu\/wp-json\/wp\/v2\/product_brand?post=67745"},{"taxonomy":"product_cat","embeddable":true,"href":"https:\/\/diamant-strass-dmc.com\/hu\/wp-json\/wp\/v2\/product_cat?post=67745"}],"curies":[{"name":"wp","href":"https:\/\/api.w.org\/{rel}","templated":true}]}}