{"id":64853,"date":"2023-11-13T16:46:02","date_gmt":"2023-11-14T16:16:17","guid":{"rendered":"https:\/\/diamant-strass-dmc.com\/perles-broderie\/nuancier-dmc-du-diamond-festes-tableur-excel-xlsx-a-telecharger\/"},"modified":"2023-11-15T03:02:30","modified_gmt":"2023-11-15T02:02:30","slug":"diamond-painting-szinskala-excel-tablazat-xlsx-letoltheto","status":"publish","type":"product","link":"https:\/\/diamant-strass-dmc.com\/hu\/perles-broderie\/diamond-painting-szinskala-excel-tablazat-xlsx-letoltheto\/","title":{"rendered":"DMC gy\u00e9m\u00e1ntfest\u00e9s sz\u00ednsk\u00e1la (Excel t\u00e1bl\u00e1zat XLSX let\u00f6lthet\u0151)"},"content":{"rendered":"<p><strong>.xlsx form\u00e1tum\u00fa f\u00e1jl<\/strong> (Excel, Google Sheets, OpenOffice, LibreOffice stb. t\u00e1bl\u00e1zatkezel\u0151vel kompatibilis).<\/p>\n<ul>\n<li>A <strong>447 DMC sz\u00edn\u0171<\/strong> gy\u00e9m\u00e1ntfest\u00e9s ;<\/li>\n<li>Szabadon szerkeszthet\u0151 (rendez\u00e9s, PDF-be konvert\u00e1l\u00e1s&#8230;) ;<\/li>\n<li><strong>2 f\u00fcl<\/strong>: rendez\u00e9s DMC sz\u00e1m szerint \u00e9s rendez\u00e9s sz\u00edn\u00e1rnyalat szerint ;<\/li>\n<li>Poz\u00edci\u00f3&#8221; oszlopban a kezdeti rendez\u00e9si sorrendhez val\u00f3 visszat\u00e9r\u00e9shez.<\/li>\n<\/ul>\n<p><img loading=\"lazy\" decoding=\"async\" class=\"alignnone size-full wp-image-64708\" src=\"https:\/\/diamant-strass-dmc.com\/wp-content\/uploads\/2023\/11\/bynumber.jpg\" alt=\"\" width=\"804\" height=\"631\" srcset=\"https:\/\/diamant-strass-dmc.com\/wp-content\/uploads\/2023\/11\/bynumber.jpg 804w, https:\/\/diamant-strass-dmc.com\/wp-content\/uploads\/2023\/11\/bynumber-300x235.jpg 300w, https:\/\/diamant-strass-dmc.com\/wp-content\/uploads\/2023\/11\/bynumber-768x603.jpg 768w, https:\/\/diamant-strass-dmc.com\/wp-content\/uploads\/2023\/11\/bynumber-416x326.jpg 416w, https:\/\/diamant-strass-dmc.com\/wp-content\/uploads\/2023\/11\/bynumber-324x254.jpg 324w\" sizes=\"auto, (max-width: 804px) 100vw, 804px\" \/><img loading=\"lazy\" decoding=\"async\" class=\"alignnone size-full wp-image-64693\" src=\"https:\/\/diamant-strass-dmc.com\/wp-content\/uploads\/2023\/11\/bycolor.jpg\" alt=\"\" width=\"800\" height=\"610\" srcset=\"https:\/\/diamant-strass-dmc.com\/wp-content\/uploads\/2023\/11\/bycolor.jpg 800w, https:\/\/diamant-strass-dmc.com\/wp-content\/uploads\/2023\/11\/bycolor-300x229.jpg 300w, https:\/\/diamant-strass-dmc.com\/wp-content\/uploads\/2023\/11\/bycolor-768x586.jpg 768w, https:\/\/diamant-strass-dmc.com\/wp-content\/uploads\/2023\/11\/bycolor-416x317.jpg 416w, https:\/\/diamant-strass-dmc.com\/wp-content\/uploads\/2023\/11\/bycolor-324x247.jpg 324w\" sizes=\"auto, (max-width: 800px) 100vw, 800px\" \/><\/p>\n<style><!-- .enkar2div { display:none; } .pi-edd { display:none; } button.single_add_to_cart_button.button.alt { margin-bottom: 20px !important; } --><\/style>\n","protected":false},"excerpt":{"rendered":"<p style=\"color: blue;\"><span style=\"text-decoration: underline;\"><strong>FONTOS<\/strong><\/span>: Ez egy virtu\u00e1lis term\u00e9k: ez egy olyan f\u00e1jl, amelyet a v\u00e1s\u00e1rl\u00e1s ut\u00e1n azonnal let\u00f6lthet \u00e9s otthon kinyomtathat. Az \u00d6n c\u00edm\u00e9re nem k\u00fcld\u00fcnk fizikai term\u00e9ket.<\/p>\n","protected":false},"featured_media":64685,"template":"","meta":{"footnotes":""},"product_brand":[],"product_cat":[7237],"class_list":{"0":"post-64853","1":"product","2":"type-product","3":"status-publish","4":"has-post-thumbnail","6":"product_cat-letoeltheto-fajlok","8":"first","9":"instock","10":"sale","11":"downloadable","12":"virtual","13":"sold-individually","14":"taxable","15":"purchasable","16":"product-type-simple"},"aioseo_notices":[],"_links":{"self":[{"href":"https:\/\/diamant-strass-dmc.com\/hu\/wp-json\/wp\/v2\/product\/64853","targetHints":{"allow":["GET"]}}],"collection":[{"href":"https:\/\/diamant-strass-dmc.com\/hu\/wp-json\/wp\/v2\/product"}],"about":[{"href":"https:\/\/diamant-strass-dmc.com\/hu\/wp-json\/wp\/v2\/types\/product"}],"version-history":[{"count":0,"href":"https:\/\/diamant-strass-dmc.com\/hu\/wp-json\/wp\/v2\/product\/64853\/revisions"}],"wp:featuredmedia":[{"embeddable":true,"href":"https:\/\/diamant-strass-dmc.com\/hu\/wp-json\/wp\/v2\/media\/64685"}],"wp:attachment":[{"href":"https:\/\/diamant-strass-dmc.com\/hu\/wp-json\/wp\/v2\/media?parent=64853"}],"wp:term":[{"taxonomy":"product_brand","embeddable":true,"href":"https:\/\/diamant-strass-dmc.com\/hu\/wp-json\/wp\/v2\/product_brand?post=64853"},{"taxonomy":"product_cat","embeddable":true,"href":"https:\/\/diamant-strass-dmc.com\/hu\/wp-json\/wp\/v2\/product_cat?post=64853"}],"curies":[{"name":"wp","href":"https:\/\/api.w.org\/{rel}","templated":true}]}}