{"id":64821,"date":"2023-11-14T15:12:50","date_gmt":"2023-11-14T16:16:13","guid":{"rendered":"https:\/\/diamant-strass-dmc.com\/perles-broderie\/pack-nuanciers-dmc-diamond-festes-pdf-xlsx-excel\/"},"modified":"2023-11-15T03:38:56","modified_gmt":"2023-11-15T02:38:56","slug":"diamond-painting-szinskala-excel-pdf-xlsx-letoltheto","status":"publish","type":"product","link":"https:\/\/diamant-strass-dmc.com\/hu\/perles-broderie\/diamond-painting-szinskala-excel-pdf-xlsx-letoltheto\/","title":{"rendered":"A v\u00e9gs\u0151 csomag! 4 DMC sz\u00ednt\u00e9rk\u00e9p gy\u00e9m\u00e1ntfest\u00e9shez PDF \u00e9s Excel (XLSX) form\u00e1tumban."},"content":{"rendered":"<h2>\ud83d\udcc4 1. sz. f\u00e1jl (PDF form\u00e1tum)<\/h2>\n<p>Sz\u00ednt\u00e1bl\u00e1zat \u00e1rnyalat szerint rendezve, sz\u00ednnevekkel \u00e9s a gy\u00f6ngy\u00f6k felragaszt\u00e1s\u00e1nak hely\u00e9vel. <strong>6 oldalas dokumentum.<\/strong><\/p>\n<p><img loading=\"lazy\" decoding=\"async\" class=\"alignnone wp-image-64640\" src=\"https:\/\/diamant-strass-dmc.com\/wp-content\/uploads\/2023\/09\/colorbyshades.jpg\" alt=\"\" width=\"640\" height=\"392\" srcset=\"https:\/\/diamant-strass-dmc.com\/wp-content\/uploads\/2023\/09\/colorbyshades.jpg 766w, https:\/\/diamant-strass-dmc.com\/wp-content\/uploads\/2023\/09\/colorbyshades-300x184.jpg 300w, https:\/\/diamant-strass-dmc.com\/wp-content\/uploads\/2023\/09\/colorbyshades-416x255.jpg 416w, https:\/\/diamant-strass-dmc.com\/wp-content\/uploads\/2023\/09\/colorbyshades-324x198.jpg 324w\" sizes=\"auto, (max-width: 640px) 100vw, 640px\" \/><\/p>\n<h2>\ud83d\udcc4 2. sz. f\u00e1jl (PDF form\u00e1tum)<\/h2>\n<p>DMC sz\u00e1m szerint rendezett sz\u00ednt\u00e1bl\u00e1zat, a sz\u00ednek nev\u00e9vel \u00e9s a gy\u00f6ngy\u00f6k felragaszt\u00e1s\u00e1nak hely\u00e9vel. <strong>6 oldalas dokumentum.<\/strong><\/p>\n<p><img loading=\"lazy\" decoding=\"async\" class=\"alignnone wp-image-64756\" src=\"https:\/\/diamant-strass-dmc.com\/wp-content\/uploads\/2023\/11\/pdf_dp.png\" alt=\"\" width=\"640\" height=\"492\" srcset=\"https:\/\/diamant-strass-dmc.com\/wp-content\/uploads\/2023\/11\/pdf_dp.png 750w, https:\/\/diamant-strass-dmc.com\/wp-content\/uploads\/2023\/11\/pdf_dp-300x231.png 300w, https:\/\/diamant-strass-dmc.com\/wp-content\/uploads\/2023\/11\/pdf_dp-416x320.png 416w, https:\/\/diamant-strass-dmc.com\/wp-content\/uploads\/2023\/11\/pdf_dp-324x249.png 324w\" sizes=\"auto, (max-width: 640px) 100vw, 640px\" \/><\/p>\n<h2>\ud83d\udcc4 3. sz. f\u00e1jl (PDF form\u00e1tum)<\/h2>\n<p>DMC sz\u00e1m szerint rendezett sz\u00ednsk\u00e1la. <strong>Egyetlen oldal. Ide\u00e1lis fali bemutat\u00e1sra.<\/strong><\/p>\n<p><img loading=\"lazy\" decoding=\"async\" class=\"alignnone wp-image-64771\" src=\"https:\/\/diamant-strass-dmc.com\/wp-content\/uploads\/2023\/11\/Sans-titre-13.png\" alt=\"\" width=\"641\" height=\"440\" srcset=\"https:\/\/diamant-strass-dmc.com\/wp-content\/uploads\/2023\/11\/Sans-titre-13.png 794w, https:\/\/diamant-strass-dmc.com\/wp-content\/uploads\/2023\/11\/Sans-titre-13-300x206.png 300w, https:\/\/diamant-strass-dmc.com\/wp-content\/uploads\/2023\/11\/Sans-titre-13-768x527.png 768w, https:\/\/diamant-strass-dmc.com\/wp-content\/uploads\/2023\/11\/Sans-titre-13-416x286.png 416w, https:\/\/diamant-strass-dmc.com\/wp-content\/uploads\/2023\/11\/Sans-titre-13-324x222.png 324w\" sizes=\"auto, (max-width: 641px) 100vw, 641px\" \/><\/p>\n<h2>\ud83d\udcc4 4. f\u00e1jl (XLSX form\u00e1tum)<\/h2>\n<p><strong><img loading=\"lazy\" decoding=\"async\" class=\"alignnone wp-image-64786\" src=\"https:\/\/diamant-strass-dmc.com\/wp-content\/uploads\/2023\/11\/xlsx-color-chart-diamond-painting-1.png\" alt=\"\" width=\"641\" height=\"485\" srcset=\"https:\/\/diamant-strass-dmc.com\/wp-content\/uploads\/2023\/11\/xlsx-color-chart-diamond-painting-1.png 888w, https:\/\/diamant-strass-dmc.com\/wp-content\/uploads\/2023\/11\/xlsx-color-chart-diamond-painting-1-300x227.png 300w, https:\/\/diamant-strass-dmc.com\/wp-content\/uploads\/2023\/11\/xlsx-color-chart-diamond-painting-1-768x581.png 768w, https:\/\/diamant-strass-dmc.com\/wp-content\/uploads\/2023\/11\/xlsx-color-chart-diamond-painting-1-416x315.png 416w, https:\/\/diamant-strass-dmc.com\/wp-content\/uploads\/2023\/11\/xlsx-color-chart-diamond-painting-1-324x245.png 324w\" sizes=\"auto, (max-width: 641px) 100vw, 641px\" \/><\/strong><\/p>\n<p><strong>Excel t\u00e1bl\u00e1zatos<\/strong> f\u00e1jl (XLSX form\u00e1tum), amelyet <strong>sz\u00fcks\u00e9g szerint m\u00f3dos\u00edtani<\/strong> kell.<\/p>\n<p>A f\u00e1jlnak <strong>k\u00e9t lapja<\/strong> van: az els\u0151 a sz\u00edneket DMC sz\u00e1m szerint, a m\u00e1sodik pedig \u00e1rnyalat szerint rendezi.<\/p>\n<p>A &#8222;poz\u00edci\u00f3&#8221; oszlopban az egyes sz\u00ednek poz\u00edci\u00f3sz\u00e1ma l\u00e1that\u00f3, \u00edgy sz\u00fcks\u00e9g eset\u00e9n <strong>megtal\u00e1lhatja a kezdeti rangsorukat<\/strong>.<\/p>\n<p>Kompatibilis az Excel, Google Sheets, OpenOffice, LibreOffice&#8230;<\/p>\n<p><img loading=\"lazy\" decoding=\"async\" class=\"alignnone size-full wp-image-64708\" src=\"https:\/\/diamant-strass-dmc.com\/wp-content\/uploads\/2023\/11\/bynumber.jpg\" alt=\"\" width=\"804\" height=\"631\" srcset=\"https:\/\/diamant-strass-dmc.com\/wp-content\/uploads\/2023\/11\/bynumber.jpg 804w, https:\/\/diamant-strass-dmc.com\/wp-content\/uploads\/2023\/11\/bynumber-300x235.jpg 300w, https:\/\/diamant-strass-dmc.com\/wp-content\/uploads\/2023\/11\/bynumber-768x603.jpg 768w, https:\/\/diamant-strass-dmc.com\/wp-content\/uploads\/2023\/11\/bynumber-416x326.jpg 416w, https:\/\/diamant-strass-dmc.com\/wp-content\/uploads\/2023\/11\/bynumber-324x254.jpg 324w\" sizes=\"auto, (max-width: 804px) 100vw, 804px\" \/><\/p>\n<p><img loading=\"lazy\" decoding=\"async\" class=\"alignnone size-full wp-image-64693\" src=\"https:\/\/diamant-strass-dmc.com\/wp-content\/uploads\/2023\/11\/bycolor.jpg\" alt=\"\" width=\"800\" height=\"610\" srcset=\"https:\/\/diamant-strass-dmc.com\/wp-content\/uploads\/2023\/11\/bycolor.jpg 800w, https:\/\/diamant-strass-dmc.com\/wp-content\/uploads\/2023\/11\/bycolor-300x229.jpg 300w, https:\/\/diamant-strass-dmc.com\/wp-content\/uploads\/2023\/11\/bycolor-768x586.jpg 768w, https:\/\/diamant-strass-dmc.com\/wp-content\/uploads\/2023\/11\/bycolor-416x317.jpg 416w, https:\/\/diamant-strass-dmc.com\/wp-content\/uploads\/2023\/11\/bycolor-324x247.jpg 324w\" sizes=\"auto, (max-width: 800px) 100vw, 800px\" \/><\/p>\n<style><!-- .enkar2div { display:none; } .pi-edd { display:none; } button.single_add_to_cart_button.button.alt { margin-bottom: 20px !important; } .woocommerce-Tabs-panel--description p { order:inherit; } #tab-description h2 { display:block; } --><\/style>\n","protected":false},"excerpt":{"rendered":"<p style=\"color: blue;\"><span style=\"text-decoration: underline;\"><strong>FONTOS<\/strong><\/span>: Ez egy virtu\u00e1lis term\u00e9k: ezek olyan f\u00e1jlok, amelyeket a v\u00e1s\u00e1rl\u00e1s ut\u00e1n azonnal let\u00f6lthet. Az \u00d6n c\u00edm\u00e9re nem k\u00fcld\u00fcnk fizikai term\u00e9ket.<\/p>\n","protected":false},"featured_media":64599,"template":"","meta":{"footnotes":""},"product_brand":[],"product_cat":[7237],"class_list":{"0":"post-64821","1":"product","2":"type-product","3":"status-publish","4":"has-post-thumbnail","6":"product_cat-letoeltheto-fajlok","8":"first","9":"instock","10":"sale","11":"downloadable","12":"virtual","13":"sold-individually","14":"taxable","15":"purchasable","16":"product-type-simple"},"aioseo_notices":[],"_links":{"self":[{"href":"https:\/\/diamant-strass-dmc.com\/hu\/wp-json\/wp\/v2\/product\/64821","targetHints":{"allow":["GET"]}}],"collection":[{"href":"https:\/\/diamant-strass-dmc.com\/hu\/wp-json\/wp\/v2\/product"}],"about":[{"href":"https:\/\/diamant-strass-dmc.com\/hu\/wp-json\/wp\/v2\/types\/product"}],"version-history":[{"count":0,"href":"https:\/\/diamant-strass-dmc.com\/hu\/wp-json\/wp\/v2\/product\/64821\/revisions"}],"wp:featuredmedia":[{"embeddable":true,"href":"https:\/\/diamant-strass-dmc.com\/hu\/wp-json\/wp\/v2\/media\/64599"}],"wp:attachment":[{"href":"https:\/\/diamant-strass-dmc.com\/hu\/wp-json\/wp\/v2\/media?parent=64821"}],"wp:term":[{"taxonomy":"product_brand","embeddable":true,"href":"https:\/\/diamant-strass-dmc.com\/hu\/wp-json\/wp\/v2\/product_brand?post=64821"},{"taxonomy":"product_cat","embeddable":true,"href":"https:\/\/diamant-strass-dmc.com\/hu\/wp-json\/wp\/v2\/product_cat?post=64821"}],"curies":[{"name":"wp","href":"https:\/\/api.w.org\/{rel}","templated":true}]}}