{"id":61495,"date":"2023-09-15T02:03:33","date_gmt":"2023-09-15T00:08:58","guid":{"rendered":"https:\/\/diamant-strass-dmc.com\/perles-broderie\/nuancier-dmc-diamond-festes-par-nuance-pdf-telecharger\/"},"modified":"2023-11-15T01:58:23","modified_gmt":"2023-11-15T00:58:23","slug":"nuancier-dmc-diamond-festes-par-nuance-pdf-telecharger","status":"publish","type":"product","link":"https:\/\/diamant-strass-dmc.com\/hu\/perles-broderie\/nuancier-dmc-diamond-festes-par-nuance-pdf-telecharger\/","title":{"rendered":"DMC gy\u00e9m\u00e1ntfest\u00e9s sz\u00ednsk\u00e1la (PDF f\u00e1jl let\u00f6lthet\u0151)"},"content":{"rendered":"<ul>\n<li>A <strong>447 DMC<\/strong> gy\u00e9m\u00e1ntfest\u00e9s <strong>sz\u00ednei<\/strong> <strong>6 nyomtathat\u00f3 oldalon<\/strong>;<\/li>\n<li><strong>Sz\u00ednek \u00e1rnyalat szerint rendezve<\/strong>;<\/li>\n<li>PDF f\u00e1jlform\u00e1tum, amely garant\u00e1lja a <strong>t\u00f6k\u00e9letes nyomtat\u00e1st<\/strong> DMC sz\u00ednekben;<\/li>\n<li>Nyomtat\u00e1sra k\u00e9sz <strong>A4-es<\/strong> oldalak.<\/li>\n<\/ul>\n<p><img loading=\"lazy\" decoding=\"async\" class=\"alignnone size-full wp-image-64640\" src=\"https:\/\/diamant-strass-dmc.com\/wp-content\/uploads\/2023\/09\/colorbyshades.jpg\" alt=\"\" width=\"766\" height=\"469\" srcset=\"https:\/\/diamant-strass-dmc.com\/wp-content\/uploads\/2023\/09\/colorbyshades.jpg 766w, https:\/\/diamant-strass-dmc.com\/wp-content\/uploads\/2023\/09\/colorbyshades-300x184.jpg 300w, https:\/\/diamant-strass-dmc.com\/wp-content\/uploads\/2023\/09\/colorbyshades-416x255.jpg 416w, https:\/\/diamant-strass-dmc.com\/wp-content\/uploads\/2023\/09\/colorbyshades-324x198.jpg 324w\" sizes=\"auto, (max-width: 766px) 100vw, 766px\" \/><\/p>\n<style><!-- .enkar2div { display:none; } .pi-edd { display:none; } button.single_add_to_cart_button.button.alt { margin-bottom: 20px !important; } --><\/style>\n","protected":false},"excerpt":{"rendered":"<p style=\"color: blue;\"><span style=\"text-decoration: underline;\"><strong>FONTOS<\/strong><\/span>: Ez egy virtu\u00e1lis term\u00e9k: ez egy olyan f\u00e1jl, amelyet a v\u00e1s\u00e1rl\u00e1s ut\u00e1n azonnal let\u00f6lthet \u00e9s otthon kinyomtathat. Az \u00d6n c\u00edm\u00e9re nem k\u00fcld\u00fcnk fizikai term\u00e9ket.<\/p>\n","protected":false},"featured_media":64569,"template":"","meta":{"footnotes":""},"product_brand":[],"product_cat":[7237],"class_list":{"0":"post-61495","1":"product","2":"type-product","3":"status-publish","4":"has-post-thumbnail","6":"product_cat-letoeltheto-fajlok","8":"first","9":"instock","10":"sale","11":"downloadable","12":"virtual","13":"sold-individually","14":"taxable","15":"purchasable","16":"product-type-simple"},"aioseo_notices":[],"_links":{"self":[{"href":"https:\/\/diamant-strass-dmc.com\/hu\/wp-json\/wp\/v2\/product\/61495","targetHints":{"allow":["GET"]}}],"collection":[{"href":"https:\/\/diamant-strass-dmc.com\/hu\/wp-json\/wp\/v2\/product"}],"about":[{"href":"https:\/\/diamant-strass-dmc.com\/hu\/wp-json\/wp\/v2\/types\/product"}],"version-history":[{"count":0,"href":"https:\/\/diamant-strass-dmc.com\/hu\/wp-json\/wp\/v2\/product\/61495\/revisions"}],"wp:featuredmedia":[{"embeddable":true,"href":"https:\/\/diamant-strass-dmc.com\/hu\/wp-json\/wp\/v2\/media\/64569"}],"wp:attachment":[{"href":"https:\/\/diamant-strass-dmc.com\/hu\/wp-json\/wp\/v2\/media?parent=61495"}],"wp:term":[{"taxonomy":"product_brand","embeddable":true,"href":"https:\/\/diamant-strass-dmc.com\/hu\/wp-json\/wp\/v2\/product_brand?post=61495"},{"taxonomy":"product_cat","embeddable":true,"href":"https:\/\/diamant-strass-dmc.com\/hu\/wp-json\/wp\/v2\/product_cat?post=61495"}],"curies":[{"name":"wp","href":"https:\/\/api.w.org\/{rel}","templated":true}]}}