{"id":61343,"date":"2023-09-11T16:25:12","date_gmt":"2023-09-11T17:12:05","guid":{"rendered":"https:\/\/diamant-strass-dmc.com\/perles-broderie\/download-nuancier-dmc-diamond-festes-pdf\/"},"modified":"2023-11-15T01:29:20","modified_gmt":"2023-11-15T00:29:20","slug":"download-nuancier-dmc-diamond-festes-pdf","status":"publish","type":"product","link":"https:\/\/diamant-strass-dmc.com\/hu\/perles-broderie\/download-nuancier-dmc-diamond-festes-pdf\/","title":{"rendered":"DMC gy\u00e9m\u00e1ntfest\u00e9s sz\u00ednsk\u00e1la (PDF f\u00e1jl let\u00f6lthet\u0151)"},"content":{"rendered":"<ul>\n<li>A <strong>447 DMC<\/strong> gy\u00e9m\u00e1ntfest\u00e9s <strong>sz\u00ednei<\/strong> <strong>6 nyomtathat\u00f3 oldalon<\/strong>;<\/li>\n<li>A PDF form\u00e1tum\u00fa f\u00e1jlok garant\u00e1lj\u00e1k a <strong>t\u00f6k\u00e9letes nyomtat\u00e1st<\/strong> DMC sz\u00ednekben;<\/li>\n<li>Nyomtat\u00e1sra k\u00e9sz <strong>A4-es<\/strong> oldalak.<\/li>\n<\/ul>\n<p><img loading=\"lazy\" decoding=\"async\" class=\"alignnone wp-image-61601 size-full\" src=\"https:\/\/diamant-strass-dmc.com\/wp-content\/uploads\/2023\/09\/diamond-painting-charte-dmc-nuancier-pdf_par-numero-1.jpg\" alt=\"Nuancier DMC du diamond painting (Fichier PDF \u00e0 t\u00e9l\u00e9charger)\" width=\"822\" height=\"527\" srcset=\"https:\/\/diamant-strass-dmc.com\/wp-content\/uploads\/2023\/09\/diamond-painting-charte-dmc-nuancier-pdf_par-numero-1.jpg 822w, https:\/\/diamant-strass-dmc.com\/wp-content\/uploads\/2023\/09\/diamond-painting-charte-dmc-nuancier-pdf_par-numero-1-300x192.jpg 300w, https:\/\/diamant-strass-dmc.com\/wp-content\/uploads\/2023\/09\/diamond-painting-charte-dmc-nuancier-pdf_par-numero-1-768x492.jpg 768w, https:\/\/diamant-strass-dmc.com\/wp-content\/uploads\/2023\/09\/diamond-painting-charte-dmc-nuancier-pdf_par-numero-1-416x267.jpg 416w\" sizes=\"auto, (max-width: 822px) 100vw, 822px\" \/><\/p>\n<style><!-- .enkar2div { display:none; } .pi-edd { display:none; } button.single_add_to_cart_button.button.alt { margin-bottom: 20px !important; } --><\/style>\n","protected":false},"excerpt":{"rendered":"<p style=\"color: blue;\"><span style=\"text-decoration: underline;\"><strong>FONTOS<\/strong><\/span>: Ez egy virtu\u00e1lis term\u00e9k: ez egy olyan f\u00e1jl, amelyet a v\u00e1s\u00e1rl\u00e1s ut\u00e1n azonnal let\u00f6lthet \u00e9s otthon kinyomtathat. Az \u00d6n c\u00edm\u00e9re nem k\u00fcld\u00fcnk fizikai term\u00e9ket.<\/p>\n","protected":false},"featured_media":64614,"template":"","meta":{"footnotes":""},"product_brand":[],"product_cat":[7237],"class_list":{"0":"post-61343","1":"product","2":"type-product","3":"status-publish","4":"has-post-thumbnail","6":"product_cat-letoeltheto-fajlok","8":"first","9":"instock","10":"sale","11":"downloadable","12":"virtual","13":"sold-individually","14":"taxable","15":"purchasable","16":"product-type-simple"},"aioseo_notices":[],"_links":{"self":[{"href":"https:\/\/diamant-strass-dmc.com\/hu\/wp-json\/wp\/v2\/product\/61343","targetHints":{"allow":["GET"]}}],"collection":[{"href":"https:\/\/diamant-strass-dmc.com\/hu\/wp-json\/wp\/v2\/product"}],"about":[{"href":"https:\/\/diamant-strass-dmc.com\/hu\/wp-json\/wp\/v2\/types\/product"}],"version-history":[{"count":0,"href":"https:\/\/diamant-strass-dmc.com\/hu\/wp-json\/wp\/v2\/product\/61343\/revisions"}],"wp:featuredmedia":[{"embeddable":true,"href":"https:\/\/diamant-strass-dmc.com\/hu\/wp-json\/wp\/v2\/media\/64614"}],"wp:attachment":[{"href":"https:\/\/diamant-strass-dmc.com\/hu\/wp-json\/wp\/v2\/media?parent=61343"}],"wp:term":[{"taxonomy":"product_brand","embeddable":true,"href":"https:\/\/diamant-strass-dmc.com\/hu\/wp-json\/wp\/v2\/product_brand?post=61343"},{"taxonomy":"product_cat","embeddable":true,"href":"https:\/\/diamant-strass-dmc.com\/hu\/wp-json\/wp\/v2\/product_cat?post=61343"}],"curies":[{"name":"wp","href":"https:\/\/api.w.org\/{rel}","templated":true}]}}