{"id":55890,"date":"2023-02-01T19:31:22","date_gmt":"2023-02-25T04:31:44","guid":{"rendered":"https:\/\/diamant-strass-dmc.com\/perles-broderie\/ragaszto-pellet-viasz-uveg-korkoros-diamant-festes\/"},"modified":"2023-02-25T05:31:44","modified_gmt":"2023-02-25T04:31:44","slug":"ragaszto-pellet-viasz-uveg-korkoros-diamant-festes","status":"publish","type":"product","link":"https:\/\/diamant-strass-dmc.com\/hu\/perles-broderie\/ragaszto-pellet-viasz-uveg-korkoros-diamant-festes\/","title":{"rendered":"5 kerek ragaszt\u00f3p\u00e1rna gy\u00e9m\u00e1ntfest\u00e9shez"},"content":{"rendered":"","protected":false},"excerpt":{"rendered":"<p>5 db kerek ragaszt\u00f3p\u00e1rna k\u00e9szlet.<br \/>\nVastagabb, mint a hagyom\u00e1nyos ragaszt\u00f3 n\u00e9gyzetek.<br \/>\n\u00c1tm\u00e9r\u0151: 2,4 cm.<\/p>\n","protected":false},"featured_media":55139,"template":"","meta":{"footnotes":""},"product_brand":[],"product_cat":[7183],"class_list":{"0":"post-55890","1":"product","2":"type-product","3":"status-publish","4":"has-post-thumbnail","6":"product_cat-kiegeszitok","8":"first","9":"instock","10":"taxable","11":"shipping-taxable","12":"purchasable","13":"product-type-simple"},"aioseo_notices":[],"_links":{"self":[{"href":"https:\/\/diamant-strass-dmc.com\/hu\/wp-json\/wp\/v2\/product\/55890","targetHints":{"allow":["GET"]}}],"collection":[{"href":"https:\/\/diamant-strass-dmc.com\/hu\/wp-json\/wp\/v2\/product"}],"about":[{"href":"https:\/\/diamant-strass-dmc.com\/hu\/wp-json\/wp\/v2\/types\/product"}],"version-history":[{"count":0,"href":"https:\/\/diamant-strass-dmc.com\/hu\/wp-json\/wp\/v2\/product\/55890\/revisions"}],"wp:featuredmedia":[{"embeddable":true,"href":"https:\/\/diamant-strass-dmc.com\/hu\/wp-json\/wp\/v2\/media\/55139"}],"wp:attachment":[{"href":"https:\/\/diamant-strass-dmc.com\/hu\/wp-json\/wp\/v2\/media?parent=55890"}],"wp:term":[{"taxonomy":"product_brand","embeddable":true,"href":"https:\/\/diamant-strass-dmc.com\/hu\/wp-json\/wp\/v2\/product_brand?post=55890"},{"taxonomy":"product_cat","embeddable":true,"href":"https:\/\/diamant-strass-dmc.com\/hu\/wp-json\/wp\/v2\/product_cat?post=55890"}],"curies":[{"name":"wp","href":"https:\/\/api.w.org\/{rel}","templated":true}]}}