{"id":55886,"date":"2023-02-09T22:59:08","date_gmt":"2023-02-25T04:31:42","guid":{"rendered":"https:\/\/diamant-strass-dmc.com\/perles-broderie\/gyemant-festes-kapocs\/"},"modified":"2024-09-17T17:24:14","modified_gmt":"2024-09-17T15:24:14","slug":"gyemant-festes-kapocs","status":"publish","type":"product","link":"https:\/\/diamant-strass-dmc.com\/hu\/perles-broderie\/gyemant-festes-kapocs\/","title":{"rendered":"6 bilincs gy\u00e9m\u00e1nt fest\u00e9shez"},"content":{"rendered":"<p><span style=\"display:none;\">ok<\/span><\/p>\n","protected":false},"excerpt":{"rendered":"<p><strong>6 darabos bilincsk\u00e9szlet.<\/strong>  Ide\u00e1lis a v\u00e1szonbor\u00edt\u00f3 lap vagy v\u00e1szon tart\u00f3ra val\u00f3 r\u00f6gz\u00edt\u00e9s\u00e9hez.<\/p>\n","protected":false},"featured_media":55482,"template":"","meta":{"footnotes":""},"product_brand":[],"product_cat":[7183],"class_list":{"0":"post-55886","1":"product","2":"type-product","3":"status-publish","4":"has-post-thumbnail","6":"product_cat-kiegeszitok","8":"first","9":"instock","10":"taxable","11":"shipping-taxable","12":"purchasable","13":"product-type-variable","14":"has-default-attributes"},"aioseo_notices":[],"_links":{"self":[{"href":"https:\/\/diamant-strass-dmc.com\/hu\/wp-json\/wp\/v2\/product\/55886","targetHints":{"allow":["GET"]}}],"collection":[{"href":"https:\/\/diamant-strass-dmc.com\/hu\/wp-json\/wp\/v2\/product"}],"about":[{"href":"https:\/\/diamant-strass-dmc.com\/hu\/wp-json\/wp\/v2\/types\/product"}],"version-history":[{"count":2,"href":"https:\/\/diamant-strass-dmc.com\/hu\/wp-json\/wp\/v2\/product\/55886\/revisions"}],"predecessor-version":[{"id":77517,"href":"https:\/\/diamant-strass-dmc.com\/hu\/wp-json\/wp\/v2\/product\/55886\/revisions\/77517"}],"wp:featuredmedia":[{"embeddable":true,"href":"https:\/\/diamant-strass-dmc.com\/hu\/wp-json\/wp\/v2\/media\/55482"}],"wp:attachment":[{"href":"https:\/\/diamant-strass-dmc.com\/hu\/wp-json\/wp\/v2\/media?parent=55886"}],"wp:term":[{"taxonomy":"product_brand","embeddable":true,"href":"https:\/\/diamant-strass-dmc.com\/hu\/wp-json\/wp\/v2\/product_brand?post=55886"},{"taxonomy":"product_cat","embeddable":true,"href":"https:\/\/diamant-strass-dmc.com\/hu\/wp-json\/wp\/v2\/product_cat?post=55886"}],"curies":[{"name":"wp","href":"https:\/\/api.w.org\/{rel}","templated":true}]}}