{"id":55854,"date":"2023-02-01T20:11:14","date_gmt":"2023-02-25T04:31:33","guid":{"rendered":"https:\/\/diamant-strass-dmc.com\/perles-broderie\/doboz-tarolo-oszlop-28-rekesz-diamant-festes\/"},"modified":"2023-02-25T05:31:33","modified_gmt":"2023-02-25T04:31:33","slug":"doboz-tarolo-oszlop-28-rekesz-diamant-festes","status":"publish","type":"product","link":"https:\/\/diamant-strass-dmc.com\/hu\/perles-broderie\/doboz-tarolo-oszlop-28-rekesz-diamant-festes\/","title":{"rendered":"Gy\u00f6ngydoboz 28 rekesz"},"content":{"rendered":"<p>Pillbox st\u00edlus.<\/p>\n<p>A rekeszek kivehet\u0151k a dobozb\u00f3l. Ezeket 4 rekeszb\u0151l \u00e1ll\u00f3 sorokba akasztj\u00e1k egym\u00e1s mell\u00e9 (\u00e9s nem v\u00e1laszthat\u00f3k le egym\u00e1sr\u00f3l).<br \/>\nEz\u00e9rt dobozonk\u00e9nt 7 sorban 4 rekesz tal\u00e1lhat\u00f3.<\/p>\n","protected":false},"excerpt":{"rendered":"<p>&#8211; \u00dajraz\u00e1rhat\u00f3 doboz 2 klippel;<br \/>\n&#8211; 28 rekesz;<br \/>\n&#8211; 28 mell\u00e9kelt c\u00edmk\u00e9k ;<br \/>\n&#8211; M\u00e9retek: 17 x 11 cm.<\/p>\n","protected":false},"featured_media":55159,"template":"","meta":{"footnotes":""},"product_brand":[],"product_cat":[7183],"class_list":{"0":"post-55854","1":"product","2":"type-product","3":"status-publish","4":"has-post-thumbnail","6":"product_cat-kiegeszitok","8":"first","9":"outofstock","10":"sale","11":"taxable","12":"shipping-taxable","13":"purchasable","14":"product-type-simple"},"aioseo_notices":[],"_links":{"self":[{"href":"https:\/\/diamant-strass-dmc.com\/hu\/wp-json\/wp\/v2\/product\/55854","targetHints":{"allow":["GET"]}}],"collection":[{"href":"https:\/\/diamant-strass-dmc.com\/hu\/wp-json\/wp\/v2\/product"}],"about":[{"href":"https:\/\/diamant-strass-dmc.com\/hu\/wp-json\/wp\/v2\/types\/product"}],"version-history":[{"count":0,"href":"https:\/\/diamant-strass-dmc.com\/hu\/wp-json\/wp\/v2\/product\/55854\/revisions"}],"wp:featuredmedia":[{"embeddable":true,"href":"https:\/\/diamant-strass-dmc.com\/hu\/wp-json\/wp\/v2\/media\/55159"}],"wp:attachment":[{"href":"https:\/\/diamant-strass-dmc.com\/hu\/wp-json\/wp\/v2\/media?parent=55854"}],"wp:term":[{"taxonomy":"product_brand","embeddable":true,"href":"https:\/\/diamant-strass-dmc.com\/hu\/wp-json\/wp\/v2\/product_brand?post=55854"},{"taxonomy":"product_cat","embeddable":true,"href":"https:\/\/diamant-strass-dmc.com\/hu\/wp-json\/wp\/v2\/product_cat?post=55854"}],"curies":[{"name":"wp","href":"https:\/\/api.w.org\/{rel}","templated":true}]}}