{"id":55074,"date":"2023-02-01T01:43:46","date_gmt":"2023-02-01T00:43:46","guid":{"rendered":"https:\/\/diamant-strass-dmc.com\/perles-broderie\/head-stylo-metal-ezust-arany-diamant-festes\/"},"modified":"2023-02-01T04:10:04","modified_gmt":"2023-02-01T03:10:04","slug":"head-stylo-metal-ezust-arany-diamant-festes","status":"publish","type":"product","link":"https:\/\/diamant-strass-dmc.com\/hu\/perles-broderie\/head-stylo-metal-ezust-arany-diamant-festes\/","title":{"rendered":"Ez\u00fcst vagy arany sz\u00edn\u0171 f\u00e9m tollfejek"},"content":{"rendered":"<p><span style=\"color:red;\"><strong>Az els\u0151 k\u00e9pen a k\u00e9t k\u00e9szlet l\u00e1that\u00f3, de a felt\u00fcntetett \u00e1r csak az egyik k\u00e9szletre vonatkozik.<\/strong><\/span><\/p>\n<p><strong>A k\u00e9szlet tartalma :<\/strong><br \/>\n&#8211; 2 fej 1 gy\u00e9m\u00e1nt\u00e9rt;<br \/>\n&#8211; 1 ferde fej 1 gy\u00e9m\u00e1nthoz ;<br \/>\n&#8211; 1 fej 3 gy\u00e9m\u00e1nt\u00e9rt;<br \/>\n&#8211; 1 fej 4 gy\u00e9m\u00e1nt\u00e9rt;<br \/>\n&#8211; 1 fej 5 gy\u00e9m\u00e1nt\u00e9rt;<br \/>\n&#8211; 1 fej 6 gy\u00e9m\u00e1nt\u00e9rt;<br \/>\n&#8211; 1 fej 7 gy\u00e9m\u00e1nt\u00e9rt ;<br \/>\n&#8211; 1 fej 8 gy\u00e9m\u00e1nt\u00e9rt ;<br \/>\n&#8211; 1 fej 9 gy\u00e9m\u00e1nt\u00e9rt ;<br \/>\n&#8211; 1 fej 10 gy\u00e9m\u00e1nt\u00e9rt;<br \/>\n&#8211; 1 korrekci\u00f3s fej.<\/p>\n<p>A gy\u00e9m\u00e1ntsorok k\u00f6z\u00e9 behelyezend\u0151 korrekci\u00f3s fej lehet\u0151v\u00e9 teszi a gy\u00e9m\u00e1ntok helyes elhelyez\u00e9s\u00e9t.<\/p>\n","protected":false},"excerpt":{"rendered":"<p>&#8211; Rozsdamentes ac\u00e9lb\u00f3l<br \/>\n&#8211; Kis m\u0171anyag dobozban kiszerelve<\/p>\n","protected":false},"featured_media":54911,"template":"","meta":{"footnotes":""},"product_brand":[],"product_cat":[7183],"class_list":{"0":"post-55074","1":"product","2":"type-product","3":"status-publish","4":"has-post-thumbnail","6":"product_cat-kiegeszitok","8":"first","9":"instock","10":"sale","11":"taxable","12":"shipping-taxable","13":"purchasable","14":"product-type-variable","15":"has-default-attributes"},"aioseo_notices":[],"_links":{"self":[{"href":"https:\/\/diamant-strass-dmc.com\/hu\/wp-json\/wp\/v2\/product\/55074","targetHints":{"allow":["GET"]}}],"collection":[{"href":"https:\/\/diamant-strass-dmc.com\/hu\/wp-json\/wp\/v2\/product"}],"about":[{"href":"https:\/\/diamant-strass-dmc.com\/hu\/wp-json\/wp\/v2\/types\/product"}],"version-history":[{"count":0,"href":"https:\/\/diamant-strass-dmc.com\/hu\/wp-json\/wp\/v2\/product\/55074\/revisions"}],"wp:featuredmedia":[{"embeddable":true,"href":"https:\/\/diamant-strass-dmc.com\/hu\/wp-json\/wp\/v2\/media\/54911"}],"wp:attachment":[{"href":"https:\/\/diamant-strass-dmc.com\/hu\/wp-json\/wp\/v2\/media?parent=55074"}],"wp:term":[{"taxonomy":"product_brand","embeddable":true,"href":"https:\/\/diamant-strass-dmc.com\/hu\/wp-json\/wp\/v2\/product_brand?post=55074"},{"taxonomy":"product_cat","embeddable":true,"href":"https:\/\/diamant-strass-dmc.com\/hu\/wp-json\/wp\/v2\/product_cat?post=55074"}],"curies":[{"name":"wp","href":"https:\/\/api.w.org\/{rel}","templated":true}]}}