{"id":55038,"date":"2023-02-01T03:24:35","date_gmt":"2023-02-01T02:24:35","guid":{"rendered":"https:\/\/diamant-strass-dmc.com\/perles-broderie\/metal-stylo-heads-limited-edition\/"},"modified":"2023-02-01T04:08:55","modified_gmt":"2023-02-01T03:08:55","slug":"metal-stylo-heads-limited-edition","status":"publish","type":"product","link":"https:\/\/diamant-strass-dmc.com\/hu\/perles-broderie\/metal-stylo-heads-limited-edition\/","title":{"rendered":"F\u00e9m tollfejek limit\u00e1lt kiad\u00e1sban"},"content":{"rendered":"<p><span style=\"color:red;\"><strong>N\u00e9h\u00e1ny k\u00e9pen k\u00e9t k\u00e9szlet is l\u00e1that\u00f3, de a felt\u00fcntetett \u00e1r csak az egyik k\u00e9szletre vonatkozik.<\/strong><\/span><\/p>\n<p><strong>A k\u00e9szlet tartalma :<\/strong><br \/>\n&#8211; 1 fej 1 gy\u00e9m\u00e1nt\u00e9rt ;<br \/>\n&#8211; 1 ferde fej 1 gy\u00e9m\u00e1nthoz ;<br \/>\n&#8211; 1 fej 3 gy\u00e9m\u00e1nt\u00e9rt;<br \/>\n&#8211; 1 fej 6 gy\u00e9m\u00e1nt\u00e9rt;<br \/>\n&#8211; 1 fej 9 gy\u00e9m\u00e1nt\u00e9rt;<br \/>\n&#8211; 1 korrekci\u00f3s fej.<\/p>\n<p>A gy\u00e9m\u00e1ntsorok k\u00f6z\u00e9 behelyezend\u0151 korrekci\u00f3s fej lehet\u0151v\u00e9 teszi a gy\u00e9m\u00e1ntok helyes elhelyez\u00e9s\u00e9t.<\/p>\n<p>A <strong>&#8222;Magic&#8221; szett<\/strong> cs\u00facsai ez\u00fcstsz\u00edn\u0171ek, aszimmetrikusak \u00e9s csillog\u00f3 strasszk\u00f6vekkel kirakottak.<\/p>\n<p>A <strong>&#8222;renesz\u00e1nsz&#8221; doboz<\/strong> v\u00e9gdarabjai aranyozottak \u00e9s arabeszkekkel grav\u00edrozottak.<\/p>\n","protected":false},"excerpt":{"rendered":"<p>&#8211; Korl\u00e1tozott p\u00e9ld\u00e1nysz\u00e1mban<br \/>\n&#8211; Rozsdamentes ac\u00e9lb\u00f3l<br \/>\n&#8211; Kis m\u0171anyag dobozban kiszerelve<\/p>\n","protected":false},"featured_media":116127,"template":"","meta":{"footnotes":""},"product_brand":[],"product_cat":[7183],"class_list":{"0":"post-55038","1":"product","2":"type-product","3":"status-publish","4":"has-post-thumbnail","6":"product_cat-kiegeszitok","8":"first","9":"instock","10":"sale","11":"taxable","12":"shipping-taxable","13":"purchasable","14":"product-type-variable"},"aioseo_notices":[],"_links":{"self":[{"href":"https:\/\/diamant-strass-dmc.com\/hu\/wp-json\/wp\/v2\/product\/55038","targetHints":{"allow":["GET"]}}],"collection":[{"href":"https:\/\/diamant-strass-dmc.com\/hu\/wp-json\/wp\/v2\/product"}],"about":[{"href":"https:\/\/diamant-strass-dmc.com\/hu\/wp-json\/wp\/v2\/types\/product"}],"version-history":[{"count":0,"href":"https:\/\/diamant-strass-dmc.com\/hu\/wp-json\/wp\/v2\/product\/55038\/revisions"}],"wp:featuredmedia":[{"embeddable":true,"href":"https:\/\/diamant-strass-dmc.com\/hu\/wp-json\/wp\/v2\/media\/116127"}],"wp:attachment":[{"href":"https:\/\/diamant-strass-dmc.com\/hu\/wp-json\/wp\/v2\/media?parent=55038"}],"wp:term":[{"taxonomy":"product_brand","embeddable":true,"href":"https:\/\/diamant-strass-dmc.com\/hu\/wp-json\/wp\/v2\/product_brand?post=55038"},{"taxonomy":"product_cat","embeddable":true,"href":"https:\/\/diamant-strass-dmc.com\/hu\/wp-json\/wp\/v2\/product_cat?post=55038"}],"curies":[{"name":"wp","href":"https:\/\/api.w.org\/{rel}","templated":true}]}}