{"id":49274,"date":"2022-09-05T18:43:28","date_gmt":"2023-01-18T01:41:04","guid":{"rendered":"https:\/\/diamant-strass-dmc.com\/perles-broderie\/karacsonyi-gyuru-himzes-szamarhimzes-festes\/"},"modified":"2023-01-18T02:41:04","modified_gmt":"2023-01-18T01:41:04","slug":"karacsonyi-gyuru-himzes-szamarhimzes-festes","status":"publish","type":"product","link":"https:\/\/diamant-strass-dmc.com\/hu\/perles-broderie\/karacsonyi-gyuru-himzes-szamarhimzes-festes\/","title":{"rendered":"4 kar\u00e1csonyi kulcstart\u00f3 gy\u00e9m\u00e1nt h\u00edmz\u00e9ssel"},"content":{"rendered":"<p><strong>A kulcstart\u00f3k m\u00e9retei (l\u00e1nc n\u00e9lk\u00fcl) <\/strong><strong>Sz\u00e9less\u00e9g x magass\u00e1g :<\/strong><br \/>\nFeny\u0151fa: 6 x 6,9 cm<br \/>\nH\u00f3ember: 7,8 x 5 cm<br \/>\nMuff: 6,9 x 5,1 cm<br \/>\nZokni: 4,7 x 7,3 cm<\/p>\n","protected":false},"excerpt":{"rendered":"<p><strong>Ez a k\u00e9szlet tartalmazza:<\/strong><\/p>\n<ul>\n<li>4 elem a h\u00edmz\u00e9shez<\/li>\n<li>1 toll hegy\u00e9vel<\/li>\n<li>Gy\u00e9m\u00e1nt t\u00e1sk\u00e1k<\/li>\n<li>1 n\u00e9gyzet ragaszt\u00f3<\/li>\n<li>1 gy\u00e9m\u00e1nt v\u00e1logat\u00f3 t\u00e1lca<\/li>\n<li>4 l\u00e1nc + klipszek<\/li>\n<li>\u00dcres zs\u00e1kok gy\u00e9m\u00e1ntok t\u00e1rol\u00e1s\u00e1ra<\/li>\n<\/ul>\n","protected":false},"featured_media":44283,"template":"","meta":{"footnotes":""},"product_brand":[],"product_cat":[7206],"class_list":{"0":"post-49274","1":"product","2":"type-product","3":"status-publish","4":"has-post-thumbnail","6":"product_cat-gyemant-himzeses-kulcstarto","8":"first","9":"outofstock","10":"sale","11":"taxable","12":"shipping-taxable","13":"purchasable","14":"product-type-simple"},"aioseo_notices":[],"_links":{"self":[{"href":"https:\/\/diamant-strass-dmc.com\/hu\/wp-json\/wp\/v2\/product\/49274","targetHints":{"allow":["GET"]}}],"collection":[{"href":"https:\/\/diamant-strass-dmc.com\/hu\/wp-json\/wp\/v2\/product"}],"about":[{"href":"https:\/\/diamant-strass-dmc.com\/hu\/wp-json\/wp\/v2\/types\/product"}],"version-history":[{"count":0,"href":"https:\/\/diamant-strass-dmc.com\/hu\/wp-json\/wp\/v2\/product\/49274\/revisions"}],"wp:featuredmedia":[{"embeddable":true,"href":"https:\/\/diamant-strass-dmc.com\/hu\/wp-json\/wp\/v2\/media\/44283"}],"wp:attachment":[{"href":"https:\/\/diamant-strass-dmc.com\/hu\/wp-json\/wp\/v2\/media?parent=49274"}],"wp:term":[{"taxonomy":"product_brand","embeddable":true,"href":"https:\/\/diamant-strass-dmc.com\/hu\/wp-json\/wp\/v2\/product_brand?post=49274"},{"taxonomy":"product_cat","embeddable":true,"href":"https:\/\/diamant-strass-dmc.com\/hu\/wp-json\/wp\/v2\/product_cat?post=49274"}],"curies":[{"name":"wp","href":"https:\/\/api.w.org\/{rel}","templated":true}]}}