{"id":47737,"date":"2022-11-17T19:12:57","date_gmt":"2022-11-17T18:12:57","guid":{"rendered":"https:\/\/diamant-strass-dmc.com\/perles-broderie\/talca-geant-xxl-embroidery-diamant\/"},"modified":"2023-01-18T02:32:56","modified_gmt":"2023-01-18T01:32:56","slug":"talca-geant-xxl-embroidery-diamant","status":"publish","type":"product","link":"https:\/\/diamant-strass-dmc.com\/hu\/perles-broderie\/talca-geant-xxl-embroidery-diamant\/","title":{"rendered":"\u00d3ri\u00e1s t\u00e1lca gy\u00e9m\u00e1nt h\u00edmz\u00e9shez"},"content":{"rendered":"","protected":false},"excerpt":{"rendered":"<p>Ez az \u00f3ri\u00e1si, bar\u00e1zd\u00e1lt t\u00e1lca <strong>16,5 x 8,5 cm-es<\/strong>. K\u00fcl\u00f6n\u00f6sen magas oldala van (1 cm magas), \u00e9s <strong>ki\u00f6nt\u0151vel<\/strong> rendelkezik a marad\u00e9k gy\u00e9m\u00e1ntok k\u00f6nny\u0171 ki\u00fcr\u00edt\u00e9se \u00e9rdek\u00e9ben.<\/p>\n","protected":false},"featured_media":116112,"template":"","meta":{"footnotes":""},"product_brand":[],"product_cat":[7183],"class_list":{"0":"post-47737","1":"product","2":"type-product","3":"status-publish","4":"has-post-thumbnail","6":"product_cat-kiegeszitok","8":"first","9":"instock","10":"sale","11":"taxable","12":"shipping-taxable","13":"purchasable","14":"product-type-simple"},"aioseo_notices":[],"_links":{"self":[{"href":"https:\/\/diamant-strass-dmc.com\/hu\/wp-json\/wp\/v2\/product\/47737","targetHints":{"allow":["GET"]}}],"collection":[{"href":"https:\/\/diamant-strass-dmc.com\/hu\/wp-json\/wp\/v2\/product"}],"about":[{"href":"https:\/\/diamant-strass-dmc.com\/hu\/wp-json\/wp\/v2\/types\/product"}],"version-history":[{"count":0,"href":"https:\/\/diamant-strass-dmc.com\/hu\/wp-json\/wp\/v2\/product\/47737\/revisions"}],"wp:featuredmedia":[{"embeddable":true,"href":"https:\/\/diamant-strass-dmc.com\/hu\/wp-json\/wp\/v2\/media\/116112"}],"wp:attachment":[{"href":"https:\/\/diamant-strass-dmc.com\/hu\/wp-json\/wp\/v2\/media?parent=47737"}],"wp:term":[{"taxonomy":"product_brand","embeddable":true,"href":"https:\/\/diamant-strass-dmc.com\/hu\/wp-json\/wp\/v2\/product_brand?post=47737"},{"taxonomy":"product_cat","embeddable":true,"href":"https:\/\/diamant-strass-dmc.com\/hu\/wp-json\/wp\/v2\/product_cat?post=47737"}],"curies":[{"name":"wp","href":"https:\/\/api.w.org\/{rel}","templated":true}]}}