{"id":46687,"date":"2022-08-10T21:29:16","date_gmt":"2022-08-10T19:29:16","guid":{"rendered":"https:\/\/diamant-strass-dmc.com\/perles-broderie\/100-cipzaras-zsak-gyongyokhoz-a-feleslegben\/"},"modified":"2024-09-16T14:51:05","modified_gmt":"2024-09-16T12:51:05","slug":"zip-zsakok-gyongyok-gyemant-tobblet","status":"publish","type":"product","link":"https:\/\/diamant-strass-dmc.com\/hu\/perles-broderie\/zip-zsakok-gyongyok-gyemant-tobblet\/","title":{"rendered":"Vastag cipz\u00e1ras zacsk\u00f3k a felesleges gy\u00f6ngy\u00f6knek"},"content":{"rendered":"<p>Ez a csomag <strong>cipz\u00e1ras zacsk\u00f3<\/strong> praktikus lesz a gy\u00f6ngy\u00f6k vagy a <strong>gy\u00e9m\u00e1ntfest\u00e9sb\u0151l sz\u00e1rmaz\u00f3 gy\u00f6ngy\u00f6k<\/strong> t\u00e1rol\u00e1s\u00e1ra.<br \/>\nEzek a kis zacsk\u00f3k k\u00e9nyelmes, <strong>4 x 6 cm-es<\/strong> m\u00e9ret\u0171ek (hasznos m\u00e9ret, azaz a r\u00f6gz\u00edt\u0151cs\u00edk n\u00e9lk\u00fcl). <\/p>\n<p>A z\u00e1r\u00f3d\u00e1s nagyon megb\u00edzhat\u00f3, \u00e9s a <strong>m\u0171anyag vastag<\/strong> (50 mikron).<\/p>\n<p>A z\u00e1r\u00f3szalag egy 6 mm \u00e1tm\u00e9r\u0151j\u0171 k\u00f6zponti felf\u00fcggeszt\u0151 lyukat tartalmaz.<\/p>\n","protected":false},"excerpt":{"rendered":"<p style=\"display:none;\">ok<\/p>\n","protected":false},"featured_media":35870,"template":"","meta":{"footnotes":""},"product_brand":[],"product_cat":[7183,7286],"class_list":{"0":"post-46687","1":"product","2":"type-product","3":"status-publish","4":"has-post-thumbnail","6":"product_cat-kiegeszitok","7":"product_cat-promo-hu","9":"first","10":"instock","11":"sale","12":"taxable","13":"shipping-taxable","14":"purchasable","15":"product-type-variable","16":"has-default-attributes"},"aioseo_notices":[],"_links":{"self":[{"href":"https:\/\/diamant-strass-dmc.com\/hu\/wp-json\/wp\/v2\/product\/46687","targetHints":{"allow":["GET"]}}],"collection":[{"href":"https:\/\/diamant-strass-dmc.com\/hu\/wp-json\/wp\/v2\/product"}],"about":[{"href":"https:\/\/diamant-strass-dmc.com\/hu\/wp-json\/wp\/v2\/types\/product"}],"version-history":[{"count":7,"href":"https:\/\/diamant-strass-dmc.com\/hu\/wp-json\/wp\/v2\/product\/46687\/revisions"}],"predecessor-version":[{"id":76834,"href":"https:\/\/diamant-strass-dmc.com\/hu\/wp-json\/wp\/v2\/product\/46687\/revisions\/76834"}],"wp:featuredmedia":[{"embeddable":true,"href":"https:\/\/diamant-strass-dmc.com\/hu\/wp-json\/wp\/v2\/media\/35870"}],"wp:attachment":[{"href":"https:\/\/diamant-strass-dmc.com\/hu\/wp-json\/wp\/v2\/media?parent=46687"}],"wp:term":[{"taxonomy":"product_brand","embeddable":true,"href":"https:\/\/diamant-strass-dmc.com\/hu\/wp-json\/wp\/v2\/product_brand?post=46687"},{"taxonomy":"product_cat","embeddable":true,"href":"https:\/\/diamant-strass-dmc.com\/hu\/wp-json\/wp\/v2\/product_cat?post=46687"}],"curies":[{"name":"wp","href":"https:\/\/api.w.org\/{rel}","templated":true}]}}