{"id":46590,"date":"2022-07-27T03:09:55","date_gmt":"2022-07-27T01:09:55","guid":{"rendered":"https:\/\/diamant-strass-dmc.com\/perles-broderie\/standard-toll-7-gyemantfejjel\/"},"modified":"2024-10-19T02:30:37","modified_gmt":"2024-10-19T00:30:37","slug":"standard-pen-embroidery-diamant","status":"publish","type":"product","link":"https:\/\/diamant-strass-dmc.com\/hu\/perles-broderie\/standard-pen-embroidery-diamant\/","title":{"rendered":"2 darab gy\u00e9m\u00e1nt fest\u0151 toll k\u00e9szlet fejjel \u00e9s markolattal"},"content":{"rendered":"<p><strong>Toll hossza: 12,6 cm.<\/strong><\/p>\n<p>B\u00e1rmilyen markolattal vagy szabv\u00e1nyos tollfejjel kompatibilis.<\/p>\n<p>A t\u00f6bbgy\u00e9m\u00e1ntos fejeket arra haszn\u00e1lj\u00e1k, hogy egyszerre t\u00f6bb gy\u00f6ngy\u00f6t fogjanak \u00e9s \u00e1ll\u00edtsanak be. Ebben a k\u00e9szletben egy fejet tal\u00e1lsz 3 gy\u00e9m\u00e1nt egyidej\u0171 be\u00e1ll\u00edt\u00e1s\u00e1hoz, \u00e9s egy m\u00e1sikat 9 gy\u00e9m\u00e1nt egyidej\u0171 be\u00e1ll\u00edt\u00e1s\u00e1hoz (a 2 fej mellett, amelyekkel csak egy gy\u00e9m\u00e1ntot tudsz behelyezni). <\/p>\n<p>A fejek f\u00e9lig \u00e1tl\u00e1tszatlanok, teh\u00e1t \u00e1tengedik a f\u00e9nyt, de nem \u00e1tl\u00e1tsz\u00f3ak. A m\u0171anyag f\u00fcst\u00f6lt feh\u00e9r. <\/p>\n","protected":false},"excerpt":{"rendered":"<p style=\"margin-bottom:0;\"><strong>Ez a k\u00e9szlet tartalmazza:<\/strong><\/p>\n<ul>\n<li>1 r\u00f3zsasz\u00edn toll + 1 piros markolat ;<\/li>\n<li>1 k\u00e9k toll + 1 k\u00e9k markolat ;<\/li>\n<li>2 fej 1 gy\u00e9m\u00e1nt\u00e9rt ;<\/li>\n<li>1 fej 3 gy\u00e9m\u00e1nt\u00e9rt ;<\/li>\n<li>1 fej 9 gy\u00e9m\u00e1nt\u00e9rt.<\/li>\n<\/ul>\n","protected":false},"featured_media":79378,"template":"","meta":{"footnotes":""},"product_brand":[],"product_cat":[7183,7286],"class_list":{"0":"post-46590","1":"product","2":"type-product","3":"status-publish","4":"has-post-thumbnail","6":"product_cat-kiegeszitok","7":"product_cat-promo-hu","9":"first","10":"instock","11":"sale","12":"taxable","13":"shipping-taxable","14":"purchasable","15":"product-type-simple"},"aioseo_notices":[],"_links":{"self":[{"href":"https:\/\/diamant-strass-dmc.com\/hu\/wp-json\/wp\/v2\/product\/46590","targetHints":{"allow":["GET"]}}],"collection":[{"href":"https:\/\/diamant-strass-dmc.com\/hu\/wp-json\/wp\/v2\/product"}],"about":[{"href":"https:\/\/diamant-strass-dmc.com\/hu\/wp-json\/wp\/v2\/types\/product"}],"version-history":[{"count":1,"href":"https:\/\/diamant-strass-dmc.com\/hu\/wp-json\/wp\/v2\/product\/46590\/revisions"}],"predecessor-version":[{"id":79450,"href":"https:\/\/diamant-strass-dmc.com\/hu\/wp-json\/wp\/v2\/product\/46590\/revisions\/79450"}],"wp:featuredmedia":[{"embeddable":true,"href":"https:\/\/diamant-strass-dmc.com\/hu\/wp-json\/wp\/v2\/media\/79378"}],"wp:attachment":[{"href":"https:\/\/diamant-strass-dmc.com\/hu\/wp-json\/wp\/v2\/media?parent=46590"}],"wp:term":[{"taxonomy":"product_brand","embeddable":true,"href":"https:\/\/diamant-strass-dmc.com\/hu\/wp-json\/wp\/v2\/product_brand?post=46590"},{"taxonomy":"product_cat","embeddable":true,"href":"https:\/\/diamant-strass-dmc.com\/hu\/wp-json\/wp\/v2\/product_cat?post=46590"}],"curies":[{"name":"wp","href":"https:\/\/api.w.org\/{rel}","templated":true}]}}