{"id":46558,"date":"2022-07-28T01:36:54","date_gmt":"2022-10-05T00:02:29","guid":{"rendered":"https:\/\/diamant-strass-dmc.com\/perles-broderie\/gyemant-himzo-tollfej\/"},"modified":"2024-09-17T17:45:05","modified_gmt":"2024-09-17T15:45:05","slug":"head-stylo-brodery-diamond","status":"publish","type":"product","link":"https:\/\/diamant-strass-dmc.com\/hu\/perles-broderie\/head-stylo-brodery-diamond\/","title":{"rendered":"Gy\u00e9m\u00e1nt fest\u0151 tollfejek"},"content":{"rendered":"<p>A k\u00e9pen az \u00f6sszes kaphat\u00f3 fej l\u00e1that\u00f3, de <strong>az \u00e1r egyetlen fejre vonatkozik<\/strong>, nem pedig egy t\u00e9telre, hacsak nem v\u00e1lasztja ki <strong><em>Az \u00f6sszes fejet, kiv\u00e9ve az &#8222;A &#8211; korrekci\u00f3s fejet&#8221;.<\/em><\/strong>Ebben az esetben mind a 13 t\u00f6bbgy\u00e9m\u00e1ntos fejet \u00e9s az 1 hajl\u00edtott gy\u00e9m\u00e1ntos fejet kapja (\u00f6sszesen 14 fejet).<\/p>\n<p>A fej m\u00e9ret\u00e9t\u0151l f\u00fcgg\u0151en <strong>3-15 gy\u00e9m\u00e1ntot<\/strong> lehet egy menetben behelyezni (a k\u00e9pen l\u00e1that\u00f3 \u00e1bra). Ezt a m\u00e9retet a &#8222;fej t\u00edpusa&#8221; men\u00fcpontban kell kiv\u00e1lasztani.<\/p>\n<p>Egyetlen gy\u00e9m\u00e1nt fejet is k\u00edn\u00e1lunk, amely a <strong>jobb ergon\u00f3mia<\/strong> \u00e9s a toll elhelyez\u00e9se \u00e9rdek\u00e9ben <strong>ferde<\/strong>.<\/p>\n<p>V\u00e9gezet\u00fcl k\u00edn\u00e1lunk <strong>&#8222;korrekci\u00f3s fejet<\/strong>&#8222;, amely nem teszi lehet\u0151v\u00e9 a gy\u00e9m\u00e1ntok beilleszt\u00e9s\u00e9t, hanem a sorok k\u00f6z\u00e9 ker\u00fcl, hogy a gy\u00e9m\u00e1ntok megfelel\u0151en igazodjanak egym\u00e1shoz.<\/p>\n<p>Ezek a fejek minden szabv\u00e1nyos gy\u00e9m\u00e1ntfest\u0151 tollhoz illeszkednek, bele\u00e9rtve a legt\u00f6bb k\u00e9szlethez mell\u00e9kelt r\u00f3zsasz\u00edn alaptollat is.<\/p>\n<style><!-- .woo-selected-variation-item-name, .woocommerce-product-details__short-description { display:none !important; } li.variable-item { line-height: 1em; } --><\/style>\n","protected":false},"excerpt":{"rendered":"<p>Gy\u00e9m\u00e1nt fest\u00e9s<\/p>\n","protected":false},"featured_media":69626,"template":"","meta":{"footnotes":""},"product_brand":[],"product_cat":[7183],"class_list":{"0":"post-46558","1":"product","2":"type-product","3":"status-publish","4":"has-post-thumbnail","6":"product_cat-kiegeszitok","8":"first","9":"instock","10":"sale","11":"taxable","12":"shipping-taxable","13":"purchasable","14":"product-type-variable","15":"has-default-attributes"},"aioseo_notices":[],"_links":{"self":[{"href":"https:\/\/diamant-strass-dmc.com\/hu\/wp-json\/wp\/v2\/product\/46558","targetHints":{"allow":["GET"]}}],"collection":[{"href":"https:\/\/diamant-strass-dmc.com\/hu\/wp-json\/wp\/v2\/product"}],"about":[{"href":"https:\/\/diamant-strass-dmc.com\/hu\/wp-json\/wp\/v2\/types\/product"}],"version-history":[{"count":7,"href":"https:\/\/diamant-strass-dmc.com\/hu\/wp-json\/wp\/v2\/product\/46558\/revisions"}],"predecessor-version":[{"id":77577,"href":"https:\/\/diamant-strass-dmc.com\/hu\/wp-json\/wp\/v2\/product\/46558\/revisions\/77577"}],"wp:featuredmedia":[{"embeddable":true,"href":"https:\/\/diamant-strass-dmc.com\/hu\/wp-json\/wp\/v2\/media\/69626"}],"wp:attachment":[{"href":"https:\/\/diamant-strass-dmc.com\/hu\/wp-json\/wp\/v2\/media?parent=46558"}],"wp:term":[{"taxonomy":"product_brand","embeddable":true,"href":"https:\/\/diamant-strass-dmc.com\/hu\/wp-json\/wp\/v2\/product_brand?post=46558"},{"taxonomy":"product_cat","embeddable":true,"href":"https:\/\/diamant-strass-dmc.com\/hu\/wp-json\/wp\/v2\/product_cat?post=46558"}],"curies":[{"name":"wp","href":"https:\/\/api.w.org\/{rel}","templated":true}]}}