{"id":46440,"date":"2022-07-27T23:28:44","date_gmt":"2022-07-27T21:28:44","guid":{"rendered":"https:\/\/diamant-strass-dmc.com\/perles-broderie\/vilagito-toll-nagyitoval-es-fejekkel\/"},"modified":"2024-09-17T17:20:39","modified_gmt":"2024-09-17T15:20:39","slug":"megvilagitott-toll-vagofejek-gyemant","status":"publish","type":"product","link":"https:\/\/diamant-strass-dmc.com\/hu\/perles-broderie\/megvilagitott-toll-vagofejek-gyemant\/","title":{"rendered":"F\u00e9nytoll nagy\u00edt\u00f3val \u00e9s fejekkel"},"content":{"rendered":"<p>Ez a vil\u00e1g\u00edt\u00f3 toll <strong>c\u00e9lzott f\u00e9nyt<\/strong> bocs\u00e1t ki, hogy megk\u00f6nny\u00edtse a gy\u00e9m\u00e1ntok felv\u00e9tel\u00e9t \u00e9s elhelyez\u00e9s\u00e9t.<\/p>\n<p><strong>2 AAA elemmel<\/strong> m\u0171k\u00f6dik <strong>(nem tartoz\u00e9k<\/strong>), \u00e9s <strong>t\u00f6bb fejjel<\/strong> rendelkezik 1, 3 vagy 6 gy\u00e9m\u00e1nt tart\u00e1s\u00e1ra, valamint egy &#8222;korrekci\u00f3s fejjel&#8221; a sorok k\u00f6z\u00e9 helyezett gy\u00e9m\u00e1ntok igaz\u00edt\u00e1s\u00e1ra.<\/p>\n<p>Ez a toll <strong>egy<\/strong> elforgathat\u00f3 <strong>nagy\u00edt\u00f3val<\/strong> is rendelkezik, amely felcs\u00edptethet\u0151 a h\u00edmzend\u0151 ter\u00fclet nagy\u00edt\u00e1s\u00e1hoz \u00e9s a r\u00e9szletek kiemel\u00e9s\u00e9hez.<\/p>\n<p>A f\u00e9ny a toll v\u00e9g\u00e9n l\u00e9v\u0151 gombbal kapcsolhat\u00f3 be \u00e9s ki.<\/p>\n","protected":false},"excerpt":{"rendered":"<p><strong>A csomag tartalma :<\/strong><\/p>\n<ul>\n<li>1 f\u00e9nytoll ;<\/li>\n<li>1 cs\u00edptethet\u0151 nagy\u00edt\u00f3 ;<\/li>\n<li>1 standard fej 1 gy\u00e9m\u00e1nt ;<\/li>\n<li>1 szabv\u00e1nyos 3 gy\u00e9m\u00e1ntos fej ;<\/li>\n<li>1 fej 6 gy\u00e9m\u00e1nt ;<\/li>\n<li>1 korrekci\u00f3s fej ;<\/li>\n<\/ul>\n","protected":false},"featured_media":70697,"template":"","meta":{"footnotes":""},"product_brand":[],"product_cat":[7183,7286],"class_list":{"0":"post-46440","1":"product","2":"type-product","3":"status-publish","4":"has-post-thumbnail","6":"product_cat-kiegeszitok","7":"product_cat-promo-hu","9":"first","10":"instock","11":"sale","12":"taxable","13":"shipping-taxable","14":"purchasable","15":"product-type-variable","16":"has-default-attributes"},"aioseo_notices":[],"_links":{"self":[{"href":"https:\/\/diamant-strass-dmc.com\/hu\/wp-json\/wp\/v2\/product\/46440","targetHints":{"allow":["GET"]}}],"collection":[{"href":"https:\/\/diamant-strass-dmc.com\/hu\/wp-json\/wp\/v2\/product"}],"about":[{"href":"https:\/\/diamant-strass-dmc.com\/hu\/wp-json\/wp\/v2\/types\/product"}],"version-history":[{"count":5,"href":"https:\/\/diamant-strass-dmc.com\/hu\/wp-json\/wp\/v2\/product\/46440\/revisions"}],"predecessor-version":[{"id":77504,"href":"https:\/\/diamant-strass-dmc.com\/hu\/wp-json\/wp\/v2\/product\/46440\/revisions\/77504"}],"wp:featuredmedia":[{"embeddable":true,"href":"https:\/\/diamant-strass-dmc.com\/hu\/wp-json\/wp\/v2\/media\/70697"}],"wp:attachment":[{"href":"https:\/\/diamant-strass-dmc.com\/hu\/wp-json\/wp\/v2\/media?parent=46440"}],"wp:term":[{"taxonomy":"product_brand","embeddable":true,"href":"https:\/\/diamant-strass-dmc.com\/hu\/wp-json\/wp\/v2\/product_brand?post=46440"},{"taxonomy":"product_cat","embeddable":true,"href":"https:\/\/diamant-strass-dmc.com\/hu\/wp-json\/wp\/v2\/product_cat?post=46440"}],"curies":[{"name":"wp","href":"https:\/\/api.w.org\/{rel}","templated":true}]}}