{"id":46395,"date":"2022-09-07T02:33:03","date_gmt":"2022-09-07T00:33:03","guid":{"rendered":"https:\/\/diamant-strass-dmc.com\/perles-broderie\/egyedi-toll-6-fej\/"},"modified":"2024-09-17T17:18:17","modified_gmt":"2024-09-17T15:18:17","slug":"toll-festes-gyemant-festes-himzes-gyemant","status":"publish","type":"product","link":"https:\/\/diamant-strass-dmc.com\/hu\/perles-broderie\/toll-festes-gyemant-festes-himzes-gyemant\/","title":{"rendered":"Egyedi&#8221; toll + 6 fej gy\u00e9m\u00e1ntfest\u00e9shez"},"content":{"rendered":"<p>Minden k\u00e9szlet tartalmaz <strong>1 tollat<\/strong> (k\u00e9k vagy fukszia r\u00f3zsasz\u00edn) \u00e9s <strong>6 fejet<\/strong>, <strong>4 lapos<\/strong> (1, 3, 6 \u00e9s 9 gy\u00e9m\u00e1nthoz), <strong>1 ferde<\/strong> (1 gy\u00e9m\u00e1nthoz) \u00e9s <strong>1 korrektort<\/strong> (a gy\u00e9m\u00e1ntok igaz\u00edt\u00e1s\u00e1hoz).<\/p>\n<p>Mi\u00e9rt <strong>egyedi<\/strong> ez a toll? Mert <strong>a sorai sosem ugyanazok!<\/strong><br \/> A m\u00e1rv\u00e1nyhat\u00e1s <strong>minden alkalommal m\u00e1s \u00e9s m\u00e1s<\/strong>, ahogy az egyik szemk\u00f6zti k\u00e9pen is l\u00e1that\u00f3.<\/p>\n<p>A toll \u00e1ttetsz\u0151, \u00edgy napf\u00e9nyben is j\u00f3l mutat.<\/p>\n<p>M\u00e9retek (fejekkel egy\u00fctt): 15,5 cm.<br \/>  Mindk\u00e9t v\u00e9g\u00e9re felszerelhet\u0151 egy-egy fej.<\/p>\n","protected":false},"excerpt":{"rendered":"<p>Egyedi toll: k\u00fcl\u00f6nb\u00f6z\u0151 m\u00e1rv\u00e1nyos hat\u00e1s minden tolln\u00e1l (l\u00e1sd a fot\u00f3t).<\/p>\n","protected":false},"featured_media":44631,"template":"","meta":{"footnotes":""},"product_brand":[],"product_cat":[7183],"class_list":{"0":"post-46395","1":"product","2":"type-product","3":"status-publish","4":"has-post-thumbnail","6":"product_cat-kiegeszitok","8":"first","9":"instock","10":"sale","11":"taxable","12":"shipping-taxable","13":"purchasable","14":"product-type-variable","15":"has-default-attributes"},"aioseo_notices":[],"_links":{"self":[{"href":"https:\/\/diamant-strass-dmc.com\/hu\/wp-json\/wp\/v2\/product\/46395","targetHints":{"allow":["GET"]}}],"collection":[{"href":"https:\/\/diamant-strass-dmc.com\/hu\/wp-json\/wp\/v2\/product"}],"about":[{"href":"https:\/\/diamant-strass-dmc.com\/hu\/wp-json\/wp\/v2\/types\/product"}],"version-history":[{"count":2,"href":"https:\/\/diamant-strass-dmc.com\/hu\/wp-json\/wp\/v2\/product\/46395\/revisions"}],"predecessor-version":[{"id":77487,"href":"https:\/\/diamant-strass-dmc.com\/hu\/wp-json\/wp\/v2\/product\/46395\/revisions\/77487"}],"wp:featuredmedia":[{"embeddable":true,"href":"https:\/\/diamant-strass-dmc.com\/hu\/wp-json\/wp\/v2\/media\/44631"}],"wp:attachment":[{"href":"https:\/\/diamant-strass-dmc.com\/hu\/wp-json\/wp\/v2\/media?parent=46395"}],"wp:term":[{"taxonomy":"product_brand","embeddable":true,"href":"https:\/\/diamant-strass-dmc.com\/hu\/wp-json\/wp\/v2\/product_brand?post=46395"},{"taxonomy":"product_cat","embeddable":true,"href":"https:\/\/diamant-strass-dmc.com\/hu\/wp-json\/wp\/v2\/product_cat?post=46395"}],"curies":[{"name":"wp","href":"https:\/\/api.w.org\/{rel}","templated":true}]}}